{"id":6976,"date":"2025-03-17T12:59:47","date_gmt":"2025-03-17T15:59:47","guid":{"rendered":"https:\/\/monte.gob.ar\/turismo\/?page_id=6976"},"modified":"2025-04-30T00:47:33","modified_gmt":"2025-04-30T03:47:33","slug":"visitaabbott","status":"publish","type":"page","link":"https:\/\/monte.gob.ar\/turismo\/visitaabbott\/","title":{"rendered":"Visita Abbott"},"content":{"rendered":"\t\t<div data-elementor-type=\"wp-page\" data-elementor-id=\"6976\" class=\"elementor elementor-6976\">\n\t\t\t\t\t\t<div class=\"elementor-section elementor-top-section elementor-element elementor-element-1866b99 elementor-section-full_width elementor-section-height-default elementor-section-height-default\" data-id=\"1866b99\" data-element_type=\"section\">\n\t\t\t\t\t\t<div class=\"elementor-container elementor-column-gap-no\">\n\t\t\t\t\t<div class=\"elementor-column elementor-col-100 elementor-top-column elementor-element elementor-element-bbf3747\" data-id=\"bbf3747\" data-element_type=\"column\">\n\t\t\t<div class=\"elementor-widget-wrap elementor-element-populated\">\n\t\t\t\t\t\t<div class=\"elementor-element elementor-element-e682ea8 elementor-widget elementor-widget-slider_revolution\" data-id=\"e682ea8\" data-element_type=\"widget\" data-widget_type=\"slider_revolution.default\">\n\t\t\t\t<div class=\"elementor-widget-container\">\n\t\t\t\t\t\r\n\t\t<div class=\"wp-block-themepunch-revslider\">\n\t\t\t<!-- START AUTOGUIADA  HOME REVOLUTION SLIDER 6.4.6 --><p class=\"rs-p-wp-fix\"><\/p>\n\t\t\t<rs-module-wrap id=\"rev_slider_45_1_wrapper\" data-source=\"gallery\" style=\"background:transparent;padding:0;margin:0px auto;margin-top:0;margin-bottom:0;\">\n\t\t\t\t<rs-module id=\"rev_slider_45_1\" style=\"\" data-version=\"6.4.6\">\n\t\t\t\t\t<rs-slides>\n\t\t\t\t\t\t<rs-slide data-key=\"rs-143\" data-title=\"03\" data-anim=\"e:slidingoverlay;ms:2000;\" data-in=\"o:0;y:-100%;\" data-out=\"a:false;\">\n\t\t\t\t\t\t\t<img fetchpriority=\"high\" decoding=\"async\" src=\"\/\/monte.gob.ar\/turismo\/wp-content\/uploads\/2025\/05\/495382446_1104029191754151_2731408742218279728_n.jpg\" title=\"495382446_1104029191754151_2731408742218279728_n\" width=\"1651\" height=\"1200\" class=\"rev-slidebg tp-rs-img\" data-parallax=\"2\" data-no-retina>\n<!--\n\t\t\t\t\t\t\t--><rs-group\n\t\t\t\t\t\t\t\tid=\"slider-45-slide-143-layer-0\" \n\t\t\t\t\t\t\t\tdata-type=\"group\"\n\t\t\t\t\t\t\t\tdata-rsp_ch=\"on\"\n\t\t\t\t\t\t\t\tdata-xy=\"x:c;xo:1px,1px,1px,0;y:m;yo:-2px,-2px,-2px,0;\"\n\t\t\t\t\t\t\t\tdata-text=\"w:normal;s:20,20,20,4;l:0,0,0,6;\"\n\t\t\t\t\t\t\t\tdata-dim=\"w:1080px,1080px,1080px,346px;h:190px,190px,190px,150px;\"\n\t\t\t\t\t\t\t\tdata-frame_0=\"o:1;\"\n\t\t\t\t\t\t\t\tdata-frame_999=\"o:0;st:w;sR:8700;sA:9000;\"\n\t\t\t\t\t\t\t\tstyle=\"z-index:9;\"\n\t\t\t\t\t\t\t><!--\t\t\t\t\t\t\t--><\/rs-group><!--\n\n\t\t\t\t\t\t\t--><rs-layer\n\t\t\t\t\t\t\t\tid=\"slider-45-slide-143-layer-1\" \n\t\t\t\t\t\t\t\tclass=\"rs-pxl-2\"\n\t\t\t\t\t\t\t\tdata-type=\"text\"\n\t\t\t\t\t\t\t\tdata-rsp_ch=\"on\"\n\t\t\t\t\t\t\t\tdata-xy=\"xo:422.98612213134766,422.98612213134766,422.98612213134766,0;yo:453.9884338378906,453.9884338378906,453.9884338378906,2px;\"\n\t\t\t\t\t\t\t\tdata-text=\"w:normal;s:66,66,66,26;l:77,77,77,36;a:center;\"\n\t\t\t\t\t\t\t\tdata-dim=\"w:1075px,1075px,1075px,313px;\"\n\t\t\t\t\t\t\t\tdata-frame_0=\"x:0,0,0,0px;y:50,50,50,15px;\"\n\t\t\t\t\t\t\t\tdata-frame_1=\"x:0,0,0,0px;y:0,0,0,0px;st:1070;sp:1000;sR:1070;\"\n\t\t\t\t\t\t\t\tdata-frame_999=\"o:0;st:w;sR:6930;\"\n\t\t\t\t\t\t\t\tstyle=\"z-index:8;font-family:Roboto Condensed;text-transform:uppercase;\"\n\t\t\t\t\t\t\t>Visita Autoguiada \n\t\t\t\t\t\t\t<\/rs-layer><!--\n-->\t\t\t\t\t\t<\/rs-slide>\n\t\t\t\t\t<\/rs-slides>\n\t\t\t\t<\/rs-module>\n\t\t\t\t<script type=\"text\/javascript\">\n\t\t\t\t\tsetREVStartSize({c: 'rev_slider_45_1',rl:[1240,1240,1240,480],el:[1100,1100,1100,500],gw:[1920,1920,1920,370],gh:[1100,1100,1100,500],type:'standard',justify:'',layout:'fullwidth',mh:\"0\"});\n\t\t\t\t\tvar\trevapi45,\n\t\t\t\t\t\ttpj;\n\t\t\t\t\tfunction revinit_revslider451() {\n\t\t\t\t\tjQuery(function() {\n\t\t\t\t\t\ttpj = jQuery;\n\t\t\t\t\t\trevapi45 = tpj(\"#rev_slider_45_1\");\n\t\t\t\t\t\tif(revapi45==undefined || revapi45.revolution == undefined){\n\t\t\t\t\t\t\trevslider_showDoubleJqueryError(\"rev_slider_45_1\");\n\t\t\t\t\t\t}else{\n\t\t\t\t\t\t\trevapi45.revolution({\n\t\t\t\t\t\t\t\tDPR:\"dpr\",\n\t\t\t\t\t\t\t\tsliderLayout:\"fullwidth\",\n\t\t\t\t\t\t\t\tvisibilityLevels:\"1240,1240,1240,480\",\n\t\t\t\t\t\t\t\tgridwidth:\"1920,1920,1920,370\",\n\t\t\t\t\t\t\t\tgridheight:\"1100,1100,1100,500\",\n\t\t\t\t\t\t\t\tspinner:\"spinner0\",\n\t\t\t\t\t\t\t\tperspective:600,\n\t\t\t\t\t\t\t\tperspectiveType:\"global\",\n\t\t\t\t\t\t\t\teditorheight:\"1100,768,960,500\",\n\t\t\t\t\t\t\t\tresponsiveLevels:\"1240,1240,1240,480\",\n\t\t\t\t\t\t\t\tprogressBar:{disableProgressBar:true},\n\t\t\t\t\t\t\t\tnavigation: {\n\t\t\t\t\t\t\t\t\tonHoverStop:false\n\t\t\t\t\t\t\t\t},\n\t\t\t\t\t\t\t\tparallax: {\n\t\t\t\t\t\t\t\t\tlevels:[5,10,15,20,25,30,35,40,45,46,47,48,49,50,51,30],\n\t\t\t\t\t\t\t\t\ttype:\"mousescroll\",\n\t\t\t\t\t\t\t\t\torigo:\"slidercenter\",\n\t\t\t\t\t\t\t\t\tspeed:0\n\t\t\t\t\t\t\t\t},\n\t\t\t\t\t\t\t\tfallbacks: {\n\t\t\t\t\t\t\t\t\tallowHTML5AutoPlayOnAndroid:true\n\t\t\t\t\t\t\t\t},\n\t\t\t\t\t\t\t});\n\t\t\t\t\t\t}\n\t\t\t\t\t\t\n\t\t\t\t\t});\n\t\t\t\t\t} \/\/ End of RevInitScript\n\t\t\t\tvar once_revslider451 = false;\n\t\t\t\tif (document.readyState === \"loading\") {document.addEventListener('readystatechange',function() { if((document.readyState === \"interactive\" || document.readyState === \"complete\") && !once_revslider451 ) { once_revslider451 = true; revinit_revslider451();}});} else {once_revslider451 = true; revinit_revslider451();}\n\t\t\t\t<\/script>\n\t\t\t\t<script>\n\t\t\t\t\tvar htmlDivCss = unescape(\"%40media%28max-width%3A%20767px%29%7B%0A%20%20.labls_01%20.tp-bullet%20%7B%0A%20%20%20%20%20%20font-size%3A%2016px%20%21important%3B%0A%20%20%20%20%20%20width%3A%2030px%20%21important%3B%0A%20%20%20%20%20%20position%3A%20static%3B%0A%20%20%7D%0A%0A%20%20.tp-bullets.labls_01%20%7B%0A%20%20%20%20%20%20height%3A%20auto%20%21important%3B%0A%20%20%20%20%20%20transform%3A%20none%20%21important%3B%0A%20%20%20%20%20%20top%3A%20auto%20%21important%3B%0A%20%20%20%20%20%20bottom%3A%2020px%20%21important%3B%0A%20%20%20%20%20%20left%3A%2020px%20%21important%3B%0A%20%20%7D%0A%7D\");\n\t\t\t\t\tvar htmlDiv = document.getElementById('rs-plugin-settings-inline-css');\n\t\t\t\t\tif(htmlDiv) {\n\t\t\t\t\t\thtmlDiv.innerHTML = htmlDiv.innerHTML + htmlDivCss;\n\t\t\t\t\t}else{\n\t\t\t\t\t\tvar htmlDiv = document.createElement('div');\n\t\t\t\t\t\thtmlDiv.innerHTML = '<style>' + htmlDivCss + '<\/style>';\n\t\t\t\t\t\tdocument.getElementsByTagName('head')[0].appendChild(htmlDiv.childNodes[0]);\n\t\t\t\t\t}\n\t\t\t\t<\/script>\n\t\t\t<\/rs-module-wrap>\n\t\t\t<!-- END REVOLUTION SLIDER -->\n<\/div>\r\n\r\n\t\t\t\t\t\t<\/div>\n\t\t\t\t<\/div>\n\t\t\t\t\t<\/div>\n\t\t<\/div>\n\t\t\t\t\t<\/div>\n\t\t<\/div>\n\t\t\t\t<div class=\"elementor-section elementor-top-section elementor-element elementor-element-6e66246 elementor-section-stretched elementor-section-full_width elementor-section-height-default elementor-section-height-default\" data-id=\"6e66246\" data-element_type=\"section\" data-settings=\"{&quot;stretch_section&quot;:&quot;section-stretched&quot;,&quot;background_background&quot;:&quot;classic&quot;}\">\n\t\t\t\t\t\t<div class=\"elementor-container elementor-column-gap-no\">\n\t\t\t\t\t<div class=\"elementor-column elementor-col-100 elementor-top-column elementor-element elementor-element-57a49a3\" data-id=\"57a49a3\" data-element_type=\"column\">\n\t\t\t<div class=\"elementor-widget-wrap elementor-element-populated\">\n\t\t\t\t\t\t<div class=\"elementor-element elementor-element-bcfc688 elementor-widget elementor-widget-image\" data-id=\"bcfc688\" data-element_type=\"widget\" data-widget_type=\"image.default\">\n\t\t\t\t<div class=\"elementor-widget-container\">\n\t\t\t\t\t\t\t\t\t\t\t\t\t\t\t<img decoding=\"async\" width=\"2560\" height=\"1588\" src=\"https:\/\/monte.gob.ar\/turismo\/wp-content\/uploads\/2025\/04\/abbott-mapa-2025-calles_Mesa-de-trabajo-1-scaled.jpg\" class=\"attachment-full size-full wp-image-7041\" alt=\"\" srcset=\"https:\/\/monte.gob.ar\/turismo\/wp-content\/uploads\/2025\/04\/abbott-mapa-2025-calles_Mesa-de-trabajo-1-scaled.jpg 2560w, https:\/\/monte.gob.ar\/turismo\/wp-content\/uploads\/2025\/04\/abbott-mapa-2025-calles_Mesa-de-trabajo-1-1536x953.jpg 1536w, https:\/\/monte.gob.ar\/turismo\/wp-content\/uploads\/2025\/04\/abbott-mapa-2025-calles_Mesa-de-trabajo-1-2048x1270.jpg 2048w\" sizes=\"(max-width: 2560px) 100vw, 2560px\" \/>\t\t\t\t\t\t\t\t\t\t\t\t\t\t\t<\/div>\n\t\t\t\t<\/div>\n\t\t\t\t<div class=\"elementor-element elementor-element-96f7d8f elementor-widget-divider--view-line elementor-invisible elementor-widget elementor-widget-divider\" data-id=\"96f7d8f\" data-element_type=\"widget\" data-settings=\"{&quot;_animation&quot;:&quot;fadeInUp&quot;,&quot;_animation_delay&quot;:400}\" data-widget_type=\"divider.default\">\n\t\t\t\t<div class=\"elementor-widget-container\">\n\t\t\t\t\t\t\t<div class=\"elementor-divider\">\n\t\t\t<span class=\"elementor-divider-separator\">\n\t\t\t\t\t\t<\/span>\n\t\t<\/div>\n\t\t\t\t\t\t<\/div>\n\t\t\t\t<\/div>\n\t\t\t\t<div class=\"elementor-element elementor-element-26c0280 elementor-widget elementor-widget-heading\" data-id=\"26c0280\" data-element_type=\"widget\" data-widget_type=\"heading.default\">\n\t\t\t\t<div class=\"elementor-widget-container\">\n\t\t\t\t\t<h3 class=\"elementor-heading-title elementor-size-default\">\u00a1Bienvenidos a Abbott y a esta visita autoguiada por sus principales atractivos tur\u00edsticos!<\/h3>\t\t\t\t<\/div>\n\t\t\t\t<\/div>\n\t\t\t\t<div class=\"elementor-element elementor-element-4993c1c elementor-widget elementor-widget-spacer\" data-id=\"4993c1c\" data-element_type=\"widget\" data-widget_type=\"spacer.default\">\n\t\t\t\t<div class=\"elementor-widget-container\">\n\t\t\t\t\t\t\t<div class=\"elementor-spacer\">\n\t\t\t<div class=\"elementor-spacer-inner\"><\/div>\n\t\t<\/div>\n\t\t\t\t\t\t<\/div>\n\t\t\t\t<\/div>\n\t\t\t\t<div class=\"elementor-element elementor-element-d8e9cde elementor-widget elementor-widget-text-editor\" data-id=\"d8e9cde\" data-element_type=\"widget\" data-widget_type=\"text-editor.default\">\n\t\t\t\t<div class=\"elementor-widget-container\">\n\t\t\t\t\t\t\t\t\t<h6><span style=\"color: #ffffff;\">Abbott es un pintoresco pueblo del partido de Monte, fundado el 1\u00ba de mayo de 1892, en el kil\u00f3metro 25,500 del ramal Ca\u00f1uelas-Las Flores del ex Ferrocarril del Sud que cuenta con un gran patrimonio cultural.<\/span><\/h6><h6><span style=\"color: #ffffff;\">A lo largo de este recorrido, tendr\u00e1n la oportunidad de descubrir la rica historia del pueblo. Podr\u00e1n explorar la <strong>Estaci\u00f3n del Ferrocarril<\/strong>, inaugurada en 1892, que fue clave para la conexi\u00f3n de Abbott con otras localidades.<\/span><\/h6><h6><span style=\"color: #ffffff;\">Otro lugar significativo es la <strong>Capilla Santa Margarita de Cortona<\/strong>, construida en 1924 gracias al esfuerzo de los vecinos, un ejemplo claro de la devoci\u00f3n y el trabajo en conjunto de la comunidad.<\/span><\/h6><h6><span style=\"color: #ffffff;\">Durante su trayecto, encontrar\u00e1n carteles con c\u00f3digos QR que les permitir\u00e1n escuchar m\u00e1s acerca de cada punto de inter\u00e9s. Adem\u00e1s, podr\u00e1n descargar el mapa en sus dispositivos m\u00f3viles para realizar la visita a su propio ritmo.<\/span><\/h6><h6><span style=\"color: #ffffff;\"><strong>Los invitamos tambi\u00e9n a relajarse y dejarse llevar por las tranquilas calles de Abbott, disfrutando de su paz y su gente,\u00a0 explorando la variada oferta gastron\u00f3mica que crece a\u00f1o tras a\u00f1o.<\/strong><\/span><\/h6><h6><span style=\"color: #ffffff;\"><strong>Ahora s\u00ed, les damos la bienvenida a un viaje por la historia de este lugar encantador. \u00a1Esperamos que disfruten este recorrido \u00fanico y de la hospitalidad de nuestro querido pueblo!<\/strong><\/span><\/h6>\t\t\t\t\t\t\t\t<\/div>\n\t\t\t\t<\/div>\n\t\t\t\t<div class=\"elementor-element elementor-element-61dc686 elementor-widget elementor-widget-text-editor\" data-id=\"61dc686\" data-element_type=\"widget\" data-widget_type=\"text-editor.default\">\n\t\t\t\t<div class=\"elementor-widget-container\">\n\t\t\t\t\t\t\t\t\t<p><audio autoplay=\"autoplay\" controls=\"controls\"><span data-mce-type=\"bookmark\" style=\"display: inline-block; width: 0px; overflow: hidden; line-height: 0;\" class=\"mce_SELRES_start\">\ufeff<\/span><span data-mce-type=\"bookmark\" style=\"display: inline-block; width: 0px; overflow: hidden; line-height: 0;\" class=\"mce_SELRES_start\">\ufeff<\/span><span data-mce-type=\"bookmark\" style=\"display: inline-block; width: 0px; overflow: hidden; line-height: 0;\" class=\"mce_SELRES_start\">\ufeff<\/span><span data-mce-type=\"bookmark\" style=\"display: inline-block; width: 0px; overflow: hidden; line-height: 0;\" class=\"mce_SELRES_start\">\ufeff<\/span><br \/>\n<span data-mce-type=\"bookmark\" style=\"display: inline-block; width: 0px; overflow: hidden; line-height: 0;\" class=\"mce_SELRES_start\">\ufeff<\/span><source src=\"https:\/\/monte.gob.ar\/turismo\/wp-content\/uploads\/2025\/04\/Abbott-QR-inicio.mp3\" type=\"audio\/mpeg\" \/><span data-mce-type=\"bookmark\" style=\"display: inline-block; width: 0px; overflow: hidden; line-height: 0;\" class=\"mce_SELRES_end\">\ufeff<\/span><span data-mce-type=\"bookmark\" style=\"display: inline-block; width: 0px; overflow: hidden; line-height: 0;\" class=\"mce_SELRES_end\">\ufeff<\/span><\/audio><\/p>\t\t\t\t\t\t\t\t<\/div>\n\t\t\t\t<\/div>\n\t\t\t\t<div class=\"elementor-element elementor-element-c84039f elementor-widget elementor-widget-spacer\" data-id=\"c84039f\" data-element_type=\"widget\" data-widget_type=\"spacer.default\">\n\t\t\t\t<div class=\"elementor-widget-container\">\n\t\t\t\t\t\t\t<div class=\"elementor-spacer\">\n\t\t\t<div class=\"elementor-spacer-inner\"><\/div>\n\t\t<\/div>\n\t\t\t\t\t\t<\/div>\n\t\t\t\t<\/div>\n\t\t\t\t<div class=\"elementor-element elementor-element-8352e81 elementor-align-center elementor-widget elementor-widget-button\" data-id=\"8352e81\" data-element_type=\"widget\" data-widget_type=\"button.default\">\n\t\t\t\t<div class=\"elementor-widget-container\">\n\t\t\t\t\t\t\t\t\t<div class=\"elementor-button-wrapper\">\n\t\t\t\t\t<a class=\"elementor-button elementor-button-link elementor-size-sm\" href=\"https:\/\/drive.google.com\/file\/d\/1rpWMVK4iX-XucO9VZuza1miHo8Te0iZr\/view?usp=drive_link\" target=\"_blank\" rel=\"nofollow\">\n\t\t\t\t\t\t<span class=\"elementor-button-content-wrapper\">\n\t\t\t\t\t\t\t\t\t<span class=\"elementor-button-text\">DESCARGAR MAPA<\/span>\n\t\t\t\t\t<\/span>\n\t\t\t\t\t<\/a>\n\t\t\t\t<\/div>\n\t\t\t\t\t\t\t\t<\/div>\n\t\t\t\t<\/div>\n\t\t\t\t\t<\/div>\n\t\t<\/div>\n\t\t\t\t\t<\/div>\n\t\t<\/div>\n\t\t\t\t<\/div>\n\t\t","protected":false},"excerpt":{"rendered":"<p>\u00a1Bienvenidos a Abbott y a esta visita autoguiada por sus principales atractivos tur\u00edsticos! Abbott es un pintoresco pueblo del partido de Monte, fundado el 1\u00ba de mayo de 1892, en el kil\u00f3metro 25,500 del ramal Ca\u00f1uelas-Las Flores [&hellip;]<\/p>\n","protected":false},"author":2,"featured_media":0,"parent":0,"menu_order":0,"comment_status":"closed","ping_status":"closed","template":"","meta":{"footnotes":""},"class_list":["post-6976","page","type-page","status-publish","hentry"],"_links":{"self":[{"href":"https:\/\/monte.gob.ar\/turismo\/wp-json\/wp\/v2\/pages\/6976","targetHints":{"allow":["GET"]}}],"collection":[{"href":"https:\/\/monte.gob.ar\/turismo\/wp-json\/wp\/v2\/pages"}],"about":[{"href":"https:\/\/monte.gob.ar\/turismo\/wp-json\/wp\/v2\/types\/page"}],"author":[{"embeddable":true,"href":"https:\/\/monte.gob.ar\/turismo\/wp-json\/wp\/v2\/users\/2"}],"replies":[{"embeddable":true,"href":"https:\/\/monte.gob.ar\/turismo\/wp-json\/wp\/v2\/comments?post=6976"}],"version-history":[{"count":79,"href":"https:\/\/monte.gob.ar\/turismo\/wp-json\/wp\/v2\/pages\/6976\/revisions"}],"predecessor-version":[{"id":7309,"href":"https:\/\/monte.gob.ar\/turismo\/wp-json\/wp\/v2\/pages\/6976\/revisions\/7309"}],"wp:attachment":[{"href":"https:\/\/monte.gob.ar\/turismo\/wp-json\/wp\/v2\/media?parent=6976"}],"curies":[{"name":"wp","href":"https:\/\/api.w.org\/{rel}","templated":true}]}}