{"id":3301,"date":"2021-09-24T21:02:13","date_gmt":"2021-09-25T00:02:13","guid":{"rendered":"http:\/\/monte.gob.ar\/turismo\/?page_id=3301"},"modified":"2023-11-24T10:26:51","modified_gmt":"2023-11-24T13:26:51","slug":"novedades","status":"publish","type":"page","link":"https:\/\/monte.gob.ar\/turismo\/novedades\/","title":{"rendered":"Novedades | Direcci\u00f3n de Turismo"},"content":{"rendered":"\t\t<div data-elementor-type=\"wp-page\" data-elementor-id=\"3301\" class=\"elementor elementor-3301\">\n\t\t\t\t\t\t<div class=\"elementor-section elementor-top-section elementor-element elementor-element-b0c0afe elementor-section-height-min-height elementor-section-items-stretch elementor-section-boxed elementor-section-height-default\" data-id=\"b0c0afe\" data-element_type=\"section\" data-settings=\"{&quot;background_background&quot;:&quot;classic&quot;,&quot;background_motion_fx_motion_fx_scrolling&quot;:&quot;yes&quot;,&quot;background_motion_fx_translateY_effect&quot;:&quot;yes&quot;,&quot;background_motion_fx_translateY_speed&quot;:{&quot;unit&quot;:&quot;px&quot;,&quot;size&quot;:3,&quot;sizes&quot;:[]},&quot;background_motion_fx_translateY_affectedRange&quot;:{&quot;unit&quot;:&quot;%&quot;,&quot;size&quot;:&quot;&quot;,&quot;sizes&quot;:{&quot;start&quot;:20,&quot;end&quot;:80}},&quot;background_motion_fx_devices&quot;:[&quot;desktop&quot;,&quot;tablet&quot;,&quot;mobile&quot;]}\">\n\t\t\t\t\t\t<div class=\"elementor-container elementor-column-gap-no\">\n\t\t\t\t\t<div class=\"elementor-column elementor-col-50 elementor-top-column elementor-element elementor-element-ec7ffc2\" data-id=\"ec7ffc2\" data-element_type=\"column\">\n\t\t\t<div class=\"elementor-widget-wrap elementor-element-populated\">\n\t\t\t\t\t\t<div class=\"elementor-element elementor-element-be74ee4 elementor-widget__width-initial elementor-invisible elementor-widget elementor-widget-heading\" data-id=\"be74ee4\" data-element_type=\"widget\" data-settings=\"{&quot;_animation&quot;:&quot;fadeInUp&quot;,&quot;_animation_delay&quot;:300}\" data-widget_type=\"heading.default\">\n\t\t\t\t<div class=\"elementor-widget-container\">\n\t\t\t\t\t<h4 class=\"elementor-heading-title elementor-size-default\">Conoc\u00e9 todas las novedades de\nla Direcci\u00f3n de Turismo<\/h4>\t\t\t\t<\/div>\n\t\t\t\t<\/div>\n\t\t\t\t<div class=\"elementor-element elementor-element-dceb1a7 elementor-shape-circle e-grid-align-left elementor-absolute elementor-hidden-phone elementor-grid-0 elementor-invisible elementor-widget elementor-widget-social-icons\" data-id=\"dceb1a7\" data-element_type=\"widget\" data-settings=\"{&quot;_position&quot;:&quot;absolute&quot;,&quot;_animation&quot;:&quot;fadeInUp&quot;,&quot;_animation_delay&quot;:600}\" data-widget_type=\"social-icons.default\">\n\t\t\t\t<div class=\"elementor-widget-container\">\n\t\t\t\t\t\t\t<div class=\"elementor-social-icons-wrapper elementor-grid\">\n\t\t\t\t\t\t\t<span class=\"elementor-grid-item\">\n\t\t\t\t\t<a class=\"elementor-icon elementor-social-icon elementor-social-icon-lastudioicon-b-facebook elementor-repeater-item-d6bc53c\" href=\"https:\/\/www.facebook.com\/municipalidadmonte\" target=\"_blank\">\n\t\t\t\t\t\t<span class=\"elementor-screen-only\">Lastudioicon-b-facebook<\/span>\n\t\t\t\t\t\t<i class=\"lastudioicon lastudioicon-b-facebook\"><\/i>\t\t\t\t\t<\/a>\n\t\t\t\t<\/span>\n\t\t\t\t\t\t\t<span class=\"elementor-grid-item\">\n\t\t\t\t\t<a class=\"elementor-icon elementor-social-icon elementor-social-icon-lastudioicon-b-instagram elementor-repeater-item-78888e7\" href=\"https:\/\/www.instagram.com\/municipalidadmonte\/\" target=\"_blank\">\n\t\t\t\t\t\t<span class=\"elementor-screen-only\">Lastudioicon-b-instagram<\/span>\n\t\t\t\t\t\t<i class=\"lastudioicon lastudioicon-b-instagram\"><\/i>\t\t\t\t\t<\/a>\n\t\t\t\t<\/span>\n\t\t\t\t\t<\/div>\n\t\t\t\t\t\t<\/div>\n\t\t\t\t<\/div>\n\t\t\t\t\t<\/div>\n\t\t<\/div>\n\t\t\t\t<div class=\"elementor-column elementor-col-50 elementor-top-column elementor-element elementor-element-90826fd\" data-id=\"90826fd\" data-element_type=\"column\">\n\t\t\t<div class=\"elementor-widget-wrap elementor-element-populated\">\n\t\t\t\t\t\t<div class=\"elementor-element elementor-element-57600ac elementor-widget__width-initial elementor-absolute elementor-hidden-phone elementor-widget elementor-widget-spacer\" data-id=\"57600ac\" data-element_type=\"widget\" data-settings=\"{&quot;_position&quot;:&quot;absolute&quot;,&quot;motion_fx_motion_fx_scrolling&quot;:&quot;yes&quot;,&quot;motion_fx_translateY_effect&quot;:&quot;yes&quot;,&quot;motion_fx_translateY_speed&quot;:{&quot;unit&quot;:&quot;px&quot;,&quot;size&quot;:3,&quot;sizes&quot;:[]},&quot;motion_fx_translateY_affectedRange&quot;:{&quot;unit&quot;:&quot;%&quot;,&quot;size&quot;:&quot;&quot;,&quot;sizes&quot;:{&quot;start&quot;:20,&quot;end&quot;:80}},&quot;motion_fx_devices&quot;:[&quot;desktop&quot;,&quot;tablet&quot;,&quot;mobile&quot;]}\" data-widget_type=\"spacer.default\">\n\t\t\t\t<div class=\"elementor-widget-container\">\n\t\t\t\t\t\t\t<div class=\"elementor-spacer\">\n\t\t\t<div class=\"elementor-spacer-inner\"><\/div>\n\t\t<\/div>\n\t\t\t\t\t\t<\/div>\n\t\t\t\t<\/div>\n\t\t\t\t\t<\/div>\n\t\t<\/div>\n\t\t\t\t\t<\/div>\n\t\t<\/div>\n\t\t\t\t<div class=\"elementor-section elementor-top-section elementor-element elementor-element-4dc06f9 elementor-section-full_width elementor-section-height-default elementor-section-height-default\" data-id=\"4dc06f9\" data-element_type=\"section\">\n\t\t\t\t\t\t<div class=\"elementor-container elementor-column-gap-no\">\n\t\t\t\t\t<div class=\"elementor-column elementor-col-100 elementor-top-column elementor-element elementor-element-aab698a\" data-id=\"aab698a\" data-element_type=\"column\">\n\t\t\t<div class=\"elementor-widget-wrap elementor-element-populated\">\n\t\t\t\t\t\t<div class=\"elementor-element elementor-element-af8629b elementor-widget elementor-widget-spacer\" data-id=\"af8629b\" data-element_type=\"widget\" data-widget_type=\"spacer.default\">\n\t\t\t\t<div class=\"elementor-widget-container\">\n\t\t\t\t\t\t\t<div class=\"elementor-spacer\">\n\t\t\t<div class=\"elementor-spacer-inner\"><\/div>\n\t\t<\/div>\n\t\t\t\t\t\t<\/div>\n\t\t\t\t<\/div>\n\t\t\t\t<div class=\"elementor-element elementor-element-029383c active-object-fit active-object-fit-true elementor-invisible elementor-widget elementor-widget-lastudio-posts\" data-id=\"029383c\" data-element_type=\"widget\" data-settings=\"{&quot;_animation&quot;:&quot;fadeInUp&quot;,&quot;_animation_delay&quot;:300}\" data-widget_type=\"lastudio-posts.default\">\n\t\t\t\t<div class=\"elementor-widget-container\">\n\t\t\t\t\t\n<div id=\"lapost_029383c\" class=\"lastudio-posts layout-type-grid preset-grid-2 querycpt--post lastudio-posts--grid\">    <div class=\"lastudio-posts__list_wrapper\">\n        <div class=\"lastudio-posts__list grid-items block-grid-1 laptop-block-grid-1 tablet-block-grid-1 mobile-block-grid-1 xmobile-block-grid-1\" data-item_selector=\".loop__item\">\n        <article class=\"lastudio-posts__item loop__item grid-item has-post-thumbnail\">\n    <div class=\"lastudio-posts__inner-box\">            <div class=\"post-thumbnail\">\n                <a href=\"https:\/\/monte.gob.ar\/turismo\/primera-fiesta-de-la-comida-al-disco\/\" class=\"post-thumbnail__link figure__object_fit\"><img fetchpriority=\"high\" decoding=\"async\" width=\"2048\" height=\"2048\" src=\"https:\/\/monte.gob.ar\/turismo\/wp-content\/uploads\/2026\/03\/651672467_1372010851622649_2679996080279679598_n.jpeg\" class=\"post-thumbnail__img wp-post-image la-lazyload-image wp-post-image\" alt=\"\" srcset=\"https:\/\/monte.gob.ar\/turismo\/wp-content\/uploads\/2026\/03\/651672467_1372010851622649_2679996080279679598_n.jpeg 2048w, https:\/\/monte.gob.ar\/turismo\/wp-content\/uploads\/2026\/03\/651672467_1372010851622649_2679996080279679598_n-1536x1536.jpeg 1536w\" sizes=\"(max-width: 2048px) 100vw, 2048px\" \/><\/a>\n            <\/div>\n            <div class=\"lastudio-posts__inner-content\"><div class=\"post-meta post-meta--top cat-is-hidden\"><span class=\"post__date post-meta__item\"><time datetime=\"2026-03-01T07:27:41-03:00\" title=\"2026-03-01T07:27:41-03:00\">1 marzo, 2026<\/time><\/span><\/div><h4 class=\"entry-title\"><a href=\"https:\/\/monte.gob.ar\/turismo\/primera-fiesta-de-la-comida-al-disco\/\" title=\"Cuarta Fiesta de la Comida al Disco\" rel=\"bookmark\">Cuarta Fiesta de la Comida al Disco<\/a><\/h4><div class=\"post-meta post-meta-p\"><span class=\"post__date post-meta__item\"><time datetime=\"2026-03-01T07:27:41-03:00\" title=\"2026-03-01T07:27:41-03:00\">1 marzo, 2026<\/time><\/span><\/div><\/div><\/div>\n<\/article><article class=\"lastudio-posts__item loop__item grid-item has-post-thumbnail\">\n    <div class=\"lastudio-posts__inner-box\">            <div class=\"post-thumbnail\">\n                <a href=\"https:\/\/monte.gob.ar\/turismo\/instalamos-circuito-turistico-autoguiado-en-abbott\/\" class=\"post-thumbnail__link figure__object_fit\"><img decoding=\"async\" width=\"1742\" height=\"1200\" src=\"https:\/\/monte.gob.ar\/turismo\/wp-content\/uploads\/2025\/05\/494971446_1104035085086895_6926734941365897782_n.jpg\" class=\"post-thumbnail__img wp-post-image la-lazyload-image wp-post-image\" alt=\"\" srcset=\"https:\/\/monte.gob.ar\/turismo\/wp-content\/uploads\/2025\/05\/494971446_1104035085086895_6926734941365897782_n.jpg 1742w, https:\/\/monte.gob.ar\/turismo\/wp-content\/uploads\/2025\/05\/494971446_1104035085086895_6926734941365897782_n-1536x1058.jpg 1536w\" sizes=\"(max-width: 1742px) 100vw, 1742px\" \/><\/a>\n            <\/div>\n            <div class=\"lastudio-posts__inner-content\"><div class=\"post-meta post-meta--top cat-is-hidden\"><span class=\"post__date post-meta__item\"><time datetime=\"2025-05-04T11:29:18-03:00\" title=\"2025-05-04T11:29:18-03:00\">4 mayo, 2025<\/time><\/span><\/div><h4 class=\"entry-title\"><a href=\"https:\/\/monte.gob.ar\/turismo\/instalamos-circuito-turistico-autoguiado-en-abbott\/\" title=\"&#x1f389; \u00a1Instalamos circuito tur\u00edstico autoguiado en Abbott! &#x1f5fa;&#xfe0f;&#x2728;\" rel=\"bookmark\">&#x1f389; \u00a1Instalamos circuito tur\u00edstico autoguiado en Abbott! &#x1f5fa;&#xfe0f;&#x2728;<\/a><\/h4><div class=\"post-meta post-meta-p\"><span class=\"post__date post-meta__item\"><time datetime=\"2025-05-04T11:29:18-03:00\" title=\"2025-05-04T11:29:18-03:00\">4 mayo, 2025<\/time><\/span><\/div><\/div><\/div>\n<\/article><article class=\"lastudio-posts__item loop__item grid-item has-post-thumbnail\">\n    <div class=\"lastudio-posts__inner-box\">            <div class=\"post-thumbnail\">\n                <a href=\"https:\/\/monte.gob.ar\/turismo\/lanzamos-soy-anfitrion-un-programa-para-brindar-mas-informacion-al-turista\/\" class=\"post-thumbnail__link figure__object_fit\"><img decoding=\"async\" width=\"1492\" height=\"1200\" src=\"https:\/\/monte.gob.ar\/turismo\/wp-content\/uploads\/2024\/11\/466372024_972531504903921_383529156526373803_n.jpg\" class=\"post-thumbnail__img wp-post-image la-lazyload-image wp-post-image\" alt=\"\" \/><\/a>\n            <\/div>\n            <div class=\"lastudio-posts__inner-content\"><div class=\"post-meta post-meta--top cat-is-hidden\"><span class=\"post__date post-meta__item\"><time datetime=\"2024-11-12T20:20:43-03:00\" title=\"2024-11-12T20:20:43-03:00\">12 noviembre, 2024<\/time><\/span><\/div><h4 class=\"entry-title\"><a href=\"https:\/\/monte.gob.ar\/turismo\/lanzamos-soy-anfitrion-un-programa-para-brindar-mas-informacion-al-turista\/\" title=\"Lanzamos \u201cSoy Anfitri\u00f3n\u201d, un programa para brindar m\u00e1s informaci\u00f3n al turista\" rel=\"bookmark\">Lanzamos \u201cSoy Anfitri\u00f3n\u201d, un programa para brindar m\u00e1s informaci\u00f3n al turista<\/a><\/h4><div class=\"post-meta post-meta-p\"><span class=\"post__date post-meta__item\"><time datetime=\"2024-11-12T20:20:43-03:00\" title=\"2024-11-12T20:20:43-03:00\">12 noviembre, 2024<\/time><\/span><\/div><\/div><\/div>\n<\/article><article class=\"lastudio-posts__item loop__item grid-item has-post-thumbnail\">\n    <div class=\"lastudio-posts__inner-box\">            <div class=\"post-thumbnail\">\n                <a href=\"https:\/\/monte.gob.ar\/turismo\/monte-presente-en-la-feria-internacional-de-turismo-2024\/\" class=\"post-thumbnail__link figure__object_fit\"><img loading=\"lazy\" decoding=\"async\" width=\"1143\" height=\"1080\" src=\"https:\/\/monte.gob.ar\/turismo\/wp-content\/uploads\/2024\/09\/461757294_939185574905181_8152649429364728802_n.jpg\" class=\"post-thumbnail__img wp-post-image la-lazyload-image wp-post-image\" alt=\"\" srcset=\"https:\/\/monte.gob.ar\/turismo\/wp-content\/uploads\/2024\/09\/461757294_939185574905181_8152649429364728802_n.jpg 1143w, https:\/\/monte.gob.ar\/turismo\/wp-content\/uploads\/2024\/09\/461757294_939185574905181_8152649429364728802_n-370x350.jpg 370w\" sizes=\"(max-width: 1143px) 100vw, 1143px\" \/><\/a>\n            <\/div>\n            <div class=\"lastudio-posts__inner-content\"><div class=\"post-meta post-meta--top cat-is-hidden\"><span class=\"post__date post-meta__item\"><time datetime=\"2024-09-30T19:54:10-03:00\" title=\"2024-09-30T19:54:10-03:00\">30 septiembre, 2024<\/time><\/span><\/div><h4 class=\"entry-title\"><a href=\"https:\/\/monte.gob.ar\/turismo\/monte-presente-en-la-feria-internacional-de-turismo-2024\/\" title=\"Monte presente en la Feria Internacional de Turismo 2024\" rel=\"bookmark\">Monte presente en la Feria Internacional de Turismo 2024<\/a><\/h4><div class=\"post-meta post-meta-p\"><span class=\"post__date post-meta__item\"><time datetime=\"2024-09-30T19:54:10-03:00\" title=\"2024-09-30T19:54:10-03:00\">30 septiembre, 2024<\/time><\/span><\/div><\/div><\/div>\n<\/article><article class=\"lastudio-posts__item loop__item grid-item has-post-thumbnail\">\n    <div class=\"lastudio-posts__inner-box\">            <div class=\"post-thumbnail\">\n                <a href=\"https:\/\/monte.gob.ar\/turismo\/planazo-de-finde\/\" class=\"post-thumbnail__link figure__object_fit\"><img loading=\"lazy\" decoding=\"async\" width=\"864\" height=\"1080\" src=\"https:\/\/monte.gob.ar\/turismo\/wp-content\/uploads\/2024\/01\/420171559_772857061538034_8369556343179048776_n.jpg\" class=\"post-thumbnail__img wp-post-image la-lazyload-image wp-post-image\" alt=\"\" \/><\/a>\n            <\/div>\n            <div class=\"lastudio-posts__inner-content\"><div class=\"post-meta post-meta--top cat-is-hidden\"><span class=\"post__date post-meta__item\"><time datetime=\"2024-01-18T20:29:06-03:00\" title=\"2024-01-18T20:29:06-03:00\">18 enero, 2024<\/time><\/span><\/div><h4 class=\"entry-title\"><a href=\"https:\/\/monte.gob.ar\/turismo\/planazo-de-finde\/\" title=\"\u00a1Planazo de Finde!\" rel=\"bookmark\">\u00a1Planazo de Finde!<\/a><\/h4><div class=\"post-meta post-meta-p\"><span class=\"post__date post-meta__item\"><time datetime=\"2024-01-18T20:29:06-03:00\" title=\"2024-01-18T20:29:06-03:00\">18 enero, 2024<\/time><\/span><\/div><\/div><\/div>\n<\/article>        <\/div>\n    <\/div>\n    \n    <\/div>\n\t\t\t\t<\/div>\n\t\t\t\t<\/div>\n\t\t\t\t\t<\/div>\n\t\t<\/div>\n\t\t\t\t\t<\/div>\n\t\t<\/div>\n\t\t\t\t<\/div>\n\t\t","protected":false},"excerpt":{"rendered":"<p>Conoc\u00e9 todas las novedades de la Direcci\u00f3n de Turismo Lastudioicon-b-facebook Lastudioicon-b-instagram 24 noviembre, 2023 Informaci\u00f3n para el ingreso de micros y\/o combi en concepto de contingentes tur\u00edsticos 24 noviembre, 2023 19 octubre, 2023 Informe de Septiembre del [&hellip;]<\/p>\n","protected":false},"author":2,"featured_media":3075,"parent":0,"menu_order":0,"comment_status":"closed","ping_status":"closed","template":"","meta":{"footnotes":""},"class_list":["post-3301","page","type-page","status-publish","has-post-thumbnail","hentry"],"_links":{"self":[{"href":"https:\/\/monte.gob.ar\/turismo\/wp-json\/wp\/v2\/pages\/3301","targetHints":{"allow":["GET"]}}],"collection":[{"href":"https:\/\/monte.gob.ar\/turismo\/wp-json\/wp\/v2\/pages"}],"about":[{"href":"https:\/\/monte.gob.ar\/turismo\/wp-json\/wp\/v2\/types\/page"}],"author":[{"embeddable":true,"href":"https:\/\/monte.gob.ar\/turismo\/wp-json\/wp\/v2\/users\/2"}],"replies":[{"embeddable":true,"href":"https:\/\/monte.gob.ar\/turismo\/wp-json\/wp\/v2\/comments?post=3301"}],"version-history":[{"count":26,"href":"https:\/\/monte.gob.ar\/turismo\/wp-json\/wp\/v2\/pages\/3301\/revisions"}],"predecessor-version":[{"id":6588,"href":"https:\/\/monte.gob.ar\/turismo\/wp-json\/wp\/v2\/pages\/3301\/revisions\/6588"}],"wp:featuredmedia":[{"embeddable":true,"href":"https:\/\/monte.gob.ar\/turismo\/wp-json\/wp\/v2\/media\/3075"}],"wp:attachment":[{"href":"https:\/\/monte.gob.ar\/turismo\/wp-json\/wp\/v2\/media?parent=3301"}],"curies":[{"name":"wp","href":"https:\/\/api.w.org\/{rel}","templated":true}]}}