{"id":83,"date":"2020-09-25T19:47:30","date_gmt":"2020-09-25T22:47:30","guid":{"rendered":"http:\/\/monte.gob.ar\/institutosuperior\/?page_id=83"},"modified":"2022-10-17T19:49:32","modified_gmt":"2022-10-17T22:49:32","slug":"estacion-de-tren","status":"publish","type":"page","link":"https:\/\/monte.gob.ar\/institutosuperior\/estacion-de-tren\/","title":{"rendered":"Estaci\u00f3n de Tren Monte"},"content":{"rendered":"\t\t<div data-elementor-type=\"wp-page\" data-elementor-id=\"83\" class=\"elementor elementor-83\" data-elementor-settings=\"[]\">\n\t\t\t<div class=\"elementor-inner\">\n\t\t\t\t<div class=\"elementor-section-wrap\">\n\t\t\t\t\t\t\t<section class=\"elementor-element elementor-element-79bdce4 elementor-section-boxed elementor-section-gap-beside-yes elementor-section-height-default elementor-section-height-default elementor-section-column-vertical-align-stretch elementor-section elementor-top-section\" data-id=\"79bdce4\" data-element_type=\"section\">\n\t\t\t\t\t\t<div class=\"elementor-container elementor-column-gap-extended\">\n\t\t\t\t<div class=\"elementor-row\">\n\t\t\t\t<div class=\"elementor-element elementor-element-d7eb20e elementor-column elementor-col-50 elementor-top-column\" data-id=\"d7eb20e\" data-element_type=\"column\">\n\t\t\t<div class=\"elementor-column-wrap  elementor-element-populated\">\n\t\t\t\t\t<div class=\"elementor-widget-wrap\">\n\t\t\t\t<div class=\"elementor-element elementor-element-16ee61c elementor-widget elementor-widget-image\" data-id=\"16ee61c\" data-element_type=\"widget\" data-widget_type=\"image.default\">\n\t\t\t\t<div class=\"elementor-widget-container\">\n\t\t\t\t\t<div class=\"elementor-image\">\n\t\t\t\t\t\t\t<figure class=\"wp-caption\">\n\t\t\t\t\t\t\t\t\t\t<img width=\"300\" height=\"187\" src=\"https:\/\/monte.gob.ar\/institutosuperior\/wp-content\/uploads\/2022\/10\/Imagen21-300x187-1.jpg\" class=\"attachment-large size-large\" alt=\"\" loading=\"lazy\" \/>\t\t\t\t\t\t\t\t\t\t\t<figcaption class=\"widget-image-caption wp-caption-text\">Construcci\u00f3n del Boulevard, ahora Avenida San Mart\u00edn, que conecta el Centro C\u00edvico con la estaci\u00f3n de tren. Foto de 1892<\/figcaption>\n\t\t\t\t\t\t\t\t\t\t<\/figure>\n\t\t\t\t\t<\/div>\n\t\t\t\t<\/div>\n\t\t\t\t<\/div>\n\t\t\t\t\t\t<\/div>\n\t\t\t<\/div>\n\t\t<\/div>\n\t\t\t\t<div class=\"elementor-element elementor-element-a5746db elementor-column elementor-col-50 elementor-top-column\" data-id=\"a5746db\" data-element_type=\"column\">\n\t\t\t<div class=\"elementor-column-wrap  elementor-element-populated\">\n\t\t\t\t\t<div class=\"elementor-widget-wrap\">\n\t\t\t\t<div class=\"elementor-element elementor-element-261885e elementor-widget elementor-widget-image\" data-id=\"261885e\" data-element_type=\"widget\" data-widget_type=\"image.default\">\n\t\t\t\t<div class=\"elementor-widget-container\">\n\t\t\t\t\t<div class=\"elementor-image\">\n\t\t\t\t\t\t\t<figure class=\"wp-caption\">\n\t\t\t\t\t\t\t\t\t\t<img width=\"300\" height=\"161\" src=\"https:\/\/monte.gob.ar\/institutosuperior\/wp-content\/uploads\/2022\/10\/Imagen22-300x161-1.jpg\" class=\"attachment-large size-large\" alt=\"\" loading=\"lazy\" \/>\t\t\t\t\t\t\t\t\t\t\t<figcaption class=\"widget-image-caption wp-caption-text\">Estaci\u00f3n de Ferrocarril de Monte, vag\u00f3n utilizado para el transporte de mercanc\u00edas al centro Montense. Foto de 1930<\/figcaption>\n\t\t\t\t\t\t\t\t\t\t<\/figure>\n\t\t\t\t\t<\/div>\n\t\t\t\t<\/div>\n\t\t\t\t<\/div>\n\t\t\t\t\t\t<\/div>\n\t\t\t<\/div>\n\t\t<\/div>\n\t\t\t\t\t\t<\/div>\n\t\t\t<\/div>\n\t\t<\/section>\n\t\t\t\t<section class=\"elementor-element elementor-element-2517323 elementor-section-boxed elementor-section-gap-beside-yes elementor-section-height-default elementor-section-height-default elementor-section-column-vertical-align-stretch elementor-section elementor-top-section\" data-id=\"2517323\" data-element_type=\"section\">\n\t\t\t\t\t\t<div class=\"elementor-container elementor-column-gap-extended\">\n\t\t\t\t<div class=\"elementor-row\">\n\t\t\t\t<div class=\"elementor-element elementor-element-2f33edc elementor-column elementor-col-50 elementor-top-column\" data-id=\"2f33edc\" data-element_type=\"column\">\n\t\t\t<div class=\"elementor-column-wrap  elementor-element-populated\">\n\t\t\t\t\t<div class=\"elementor-widget-wrap\">\n\t\t\t\t<div class=\"elementor-element elementor-element-dc37623 elementor-widget elementor-widget-image\" data-id=\"dc37623\" data-element_type=\"widget\" data-widget_type=\"image.default\">\n\t\t\t\t<div class=\"elementor-widget-container\">\n\t\t\t\t\t<div class=\"elementor-image\">\n\t\t\t\t\t\t\t<figure class=\"wp-caption\">\n\t\t\t\t\t\t\t\t\t\t<img width=\"300\" height=\"142\" src=\"https:\/\/monte.gob.ar\/institutosuperior\/wp-content\/uploads\/2022\/10\/Imagen18-300x142-1.jpg\" class=\"attachment-large size-large\" alt=\"\" loading=\"lazy\" \/>\t\t\t\t\t\t\t\t\t\t\t<figcaption class=\"widget-image-caption wp-caption-text\">Estaci\u00f3n de Ferrocarril de San Miguel del Monte. El dise\u00f1o del Ferrocarril del Sur lleg\u00f3 en mayo de 1892.<\/figcaption>\n\t\t\t\t\t\t\t\t\t\t<\/figure>\n\t\t\t\t\t<\/div>\n\t\t\t\t<\/div>\n\t\t\t\t<\/div>\n\t\t\t\t\t\t<\/div>\n\t\t\t<\/div>\n\t\t<\/div>\n\t\t\t\t<div class=\"elementor-element elementor-element-ee6d590 elementor-column elementor-col-50 elementor-top-column\" data-id=\"ee6d590\" data-element_type=\"column\">\n\t\t\t<div class=\"elementor-column-wrap  elementor-element-populated\">\n\t\t\t\t\t<div class=\"elementor-widget-wrap\">\n\t\t\t\t<div class=\"elementor-element elementor-element-bb2e825 elementor-widget elementor-widget-image\" data-id=\"bb2e825\" data-element_type=\"widget\" data-widget_type=\"image.default\">\n\t\t\t\t<div class=\"elementor-widget-container\">\n\t\t\t\t\t<div class=\"elementor-image\">\n\t\t\t\t\t\t\t<figure class=\"wp-caption\">\n\t\t\t\t\t\t\t\t\t\t<img width=\"300\" height=\"159\" src=\"https:\/\/monte.gob.ar\/institutosuperior\/wp-content\/uploads\/2022\/10\/Imagen19-300x159-1.jpg\" class=\"attachment-large size-large\" alt=\"\" loading=\"lazy\" \/>\t\t\t\t\t\t\t\t\t\t\t<figcaption class=\"widget-image-caption wp-caption-text\">Estaci\u00f3n de Ferrocarril de San Miguel del Monte una condici\u00f3n espec\u00edfica impuesta para la instalaci\u00f3n de la estaci\u00f3n de tren ser\u00eda la construcci\u00f3n de una conexi\u00f3n directa con el casco urbano, proyecto que finalmente no se llev\u00f3 a cabo pero deriv\u00f3 en el trazado de la Av. San Mart\u00edn. Foto del a\u00f1o 2020<\/figcaption>\n\t\t\t\t\t\t\t\t\t\t<\/figure>\n\t\t\t\t\t<\/div>\n\t\t\t\t<\/div>\n\t\t\t\t<\/div>\n\t\t\t\t\t\t<\/div>\n\t\t\t<\/div>\n\t\t<\/div>\n\t\t\t\t\t\t<\/div>\n\t\t\t<\/div>\n\t\t<\/section>\n\t\t\t\t<section class=\"elementor-element elementor-element-8ad5e50 elementor-section-boxed elementor-section-gap-beside-yes elementor-section-height-default elementor-section-height-default elementor-section-column-vertical-align-stretch elementor-section elementor-top-section\" data-id=\"8ad5e50\" data-element_type=\"section\">\n\t\t\t\t\t\t<div class=\"elementor-container elementor-column-gap-extended\">\n\t\t\t\t<div class=\"elementor-row\">\n\t\t\t\t<div class=\"elementor-element elementor-element-301c737 elementor-column elementor-col-50 elementor-top-column\" data-id=\"301c737\" data-element_type=\"column\">\n\t\t\t<div class=\"elementor-column-wrap  elementor-element-populated\">\n\t\t\t\t\t<div class=\"elementor-widget-wrap\">\n\t\t\t\t<div class=\"elementor-element elementor-element-9bab1be elementor-widget elementor-widget-image\" data-id=\"9bab1be\" data-element_type=\"widget\" data-widget_type=\"image.default\">\n\t\t\t\t<div class=\"elementor-widget-container\">\n\t\t\t\t\t<div class=\"elementor-image\">\n\t\t\t\t\t\t\t<figure class=\"wp-caption\">\n\t\t\t\t\t\t\t\t\t\t<img width=\"499\" height=\"297\" src=\"https:\/\/monte.gob.ar\/institutosuperior\/wp-content\/uploads\/2020\/10\/Imagen-5.png\" class=\"attachment-large size-large\" alt=\"\" loading=\"lazy\" srcset=\"https:\/\/monte.gob.ar\/institutosuperior\/wp-content\/uploads\/2020\/10\/Imagen-5.png 499w, https:\/\/monte.gob.ar\/institutosuperior\/wp-content\/uploads\/2020\/10\/Imagen-5-300x179.png 300w\" sizes=\"(max-width: 499px) 100vw, 499px\" \/>\t\t\t\t\t\t\t\t\t\t\t<figcaption class=\"widget-image-caption wp-caption-text\"> La arquitectura de las estaciones ferroviarias correspond\u00eda a la tipolog\u00eda  de construcci\u00f3n inglesa con sus caracter\u00edsticos ladrillos rojos.<\/figcaption>\n\t\t\t\t\t\t\t\t\t\t<\/figure>\n\t\t\t\t\t<\/div>\n\t\t\t\t<\/div>\n\t\t\t\t<\/div>\n\t\t\t\t\t\t<\/div>\n\t\t\t<\/div>\n\t\t<\/div>\n\t\t\t\t<div class=\"elementor-element elementor-element-289e412 elementor-column elementor-col-50 elementor-top-column\" data-id=\"289e412\" data-element_type=\"column\">\n\t\t\t<div class=\"elementor-column-wrap  elementor-element-populated\">\n\t\t\t\t\t<div class=\"elementor-widget-wrap\">\n\t\t\t\t<div class=\"elementor-element elementor-element-461f5cb elementor-widget elementor-widget-image\" data-id=\"461f5cb\" data-element_type=\"widget\" data-widget_type=\"image.default\">\n\t\t\t\t<div class=\"elementor-widget-container\">\n\t\t\t\t\t<div class=\"elementor-image\">\n\t\t\t\t\t\t\t<figure class=\"wp-caption\">\n\t\t\t\t\t\t\t\t\t\t<img width=\"499\" height=\"297\" src=\"https:\/\/monte.gob.ar\/institutosuperior\/wp-content\/uploads\/2020\/10\/Imagen-6.png\" class=\"attachment-large size-large\" alt=\"\" loading=\"lazy\" srcset=\"https:\/\/monte.gob.ar\/institutosuperior\/wp-content\/uploads\/2020\/10\/Imagen-6.png 499w, https:\/\/monte.gob.ar\/institutosuperior\/wp-content\/uploads\/2020\/10\/Imagen-6-300x179.png 300w\" sizes=\"(max-width: 499px) 100vw, 499px\" \/>\t\t\t\t\t\t\t\t\t\t\t<figcaption class=\"widget-image-caption wp-caption-text\"> Dicha obra pudo finalizarse gracias a la colaboraci\u00f3n vecinal.  As\u00ed es como finalmente se traza y crea el Boulevard Zen\u00f3n Videla Dorna, que luego ser\u00eda renombrada como Avenida San Martin.<\/figcaption>\n\t\t\t\t\t\t\t\t\t\t<\/figure>\n\t\t\t\t\t<\/div>\n\t\t\t\t<\/div>\n\t\t\t\t<\/div>\n\t\t\t\t\t\t<\/div>\n\t\t\t<\/div>\n\t\t<\/div>\n\t\t\t\t\t\t<\/div>\n\t\t\t<\/div>\n\t\t<\/section>\n\t\t\t\t<section class=\"elementor-element elementor-element-5f4394b elementor-section-boxed elementor-section-gap-beside-yes elementor-section-height-default elementor-section-height-default elementor-section-column-vertical-align-stretch elementor-section elementor-top-section\" data-id=\"5f4394b\" data-element_type=\"section\">\n\t\t\t\t\t\t<div class=\"elementor-container elementor-column-gap-extended\">\n\t\t\t\t<div class=\"elementor-row\">\n\t\t\t\t<div class=\"elementor-element elementor-element-0a6f3d5 elementor-column elementor-col-50 elementor-top-column\" data-id=\"0a6f3d5\" data-element_type=\"column\">\n\t\t\t<div class=\"elementor-column-wrap  elementor-element-populated\">\n\t\t\t\t\t<div class=\"elementor-widget-wrap\">\n\t\t\t\t<div class=\"elementor-element elementor-element-bbe7009 elementor-widget elementor-widget-image\" data-id=\"bbe7009\" data-element_type=\"widget\" data-widget_type=\"image.default\">\n\t\t\t\t<div class=\"elementor-widget-container\">\n\t\t\t\t\t<div class=\"elementor-image\">\n\t\t\t\t\t\t\t\t\t\t<img width=\"640\" height=\"340\" src=\"https:\/\/monte.gob.ar\/institutosuperior\/wp-content\/uploads\/2020\/11\/Estacion-de-Tren.-768x408.jpg\" class=\"attachment-medium_large size-medium_large\" alt=\"\" loading=\"lazy\" srcset=\"https:\/\/monte.gob.ar\/institutosuperior\/wp-content\/uploads\/2020\/11\/Estacion-de-Tren.-768x408.jpg 768w, https:\/\/monte.gob.ar\/institutosuperior\/wp-content\/uploads\/2020\/11\/Estacion-de-Tren.-300x159.jpg 300w, https:\/\/monte.gob.ar\/institutosuperior\/wp-content\/uploads\/2020\/11\/Estacion-de-Tren.-1024x544.jpg 1024w, https:\/\/monte.gob.ar\/institutosuperior\/wp-content\/uploads\/2020\/11\/Estacion-de-Tren.-1536x816.jpg 1536w, https:\/\/monte.gob.ar\/institutosuperior\/wp-content\/uploads\/2020\/11\/Estacion-de-Tren.-2048x1087.jpg 2048w\" sizes=\"(max-width: 640px) 100vw, 640px\" \/>\t\t\t\t\t\t\t\t\t\t\t<\/div>\n\t\t\t\t<\/div>\n\t\t\t\t<\/div>\n\t\t\t\t\t\t<\/div>\n\t\t\t<\/div>\n\t\t<\/div>\n\t\t\t\t<div class=\"elementor-element elementor-element-07d17ca elementor-column elementor-col-50 elementor-top-column\" data-id=\"07d17ca\" data-element_type=\"column\">\n\t\t\t<div class=\"elementor-column-wrap  elementor-element-populated\">\n\t\t\t\t\t<div class=\"elementor-widget-wrap\">\n\t\t\t\t<div class=\"elementor-element elementor-element-10c87e5 elementor-widget elementor-widget-image\" data-id=\"10c87e5\" data-element_type=\"widget\" data-widget_type=\"image.default\">\n\t\t\t\t<div class=\"elementor-widget-container\">\n\t\t\t\t\t<div class=\"elementor-image\">\n\t\t\t\t\t\t\t\t\t\t<img src=\"https:\/\/monte.gob.ar\/institutosuperior\/wp-content\/uploads\/2020\/11\/Boleteria-2-scaled.jpg\" title=\"Boleteria\" alt=\"Boleteria\" \/>\t\t\t\t\t\t\t\t\t\t\t<\/div>\n\t\t\t\t<\/div>\n\t\t\t\t<\/div>\n\t\t\t\t\t\t<\/div>\n\t\t\t<\/div>\n\t\t<\/div>\n\t\t\t\t\t\t<\/div>\n\t\t\t<\/div>\n\t\t<\/section>\n\t\t\t\t\t\t<\/div>\n\t\t\t<\/div>\n\t\t<\/div>\n\t\t","protected":false},"excerpt":{"rendered":"<p>Construcci\u00f3n del Boulevard, ahora Avenida San Mart\u00edn, que conecta el Centro C\u00edvico con la estaci\u00f3n de tren. Foto de 1892 Estaci\u00f3n de Ferrocarril de Monte, vag\u00f3n utilizado para el transporte de mercanc\u00edas al centro Montense. Foto de 1930 Estaci\u00f3n de Ferrocarril de San Miguel del Monte. El dise\u00f1o del Ferrocarril del Sur lleg\u00f3 en mayo de 1892. Estaci\u00f3n de Ferrocarril de San Miguel del Monte una condici\u00f3n espec\u00edfica impuesta para la instalaci\u00f3n de la estaci\u00f3n de tren ser\u00eda la construcci\u00f3n de una conexi\u00f3n directa con el casco urbano, proyecto que finalmente no se llev\u00f3 a cabo pero deriv\u00f3 en el trazado de la Av. San Mart\u00edn. Foto del a\u00f1o 2020 La arquitectura de las estaciones ferroviarias correspond\u00eda a la tipolog\u00eda de construcci\u00f3n inglesa con sus caracter\u00edsticos ladrillos rojos. Dicha obra pudo finalizarse gracias a la colaboraci\u00f3n vecinal. As\u00ed es como finalmente se traza y crea el Boulevard Zen\u00f3n Videla Dorna, que luego ser\u00eda renombrada como Avenida San Martin.<\/p>\n","protected":false},"author":2,"featured_media":0,"parent":0,"menu_order":0,"comment_status":"closed","ping_status":"closed","template":"","meta":[],"_links":{"self":[{"href":"https:\/\/monte.gob.ar\/institutosuperior\/wp-json\/wp\/v2\/pages\/83"}],"collection":[{"href":"https:\/\/monte.gob.ar\/institutosuperior\/wp-json\/wp\/v2\/pages"}],"about":[{"href":"https:\/\/monte.gob.ar\/institutosuperior\/wp-json\/wp\/v2\/types\/page"}],"author":[{"embeddable":true,"href":"https:\/\/monte.gob.ar\/institutosuperior\/wp-json\/wp\/v2\/users\/2"}],"replies":[{"embeddable":true,"href":"https:\/\/monte.gob.ar\/institutosuperior\/wp-json\/wp\/v2\/comments?post=83"}],"version-history":[{"count":13,"href":"https:\/\/monte.gob.ar\/institutosuperior\/wp-json\/wp\/v2\/pages\/83\/revisions"}],"predecessor-version":[{"id":27468,"href":"https:\/\/monte.gob.ar\/institutosuperior\/wp-json\/wp\/v2\/pages\/83\/revisions\/27468"}],"wp:attachment":[{"href":"https:\/\/monte.gob.ar\/institutosuperior\/wp-json\/wp\/v2\/media?parent=83"}],"curies":[{"name":"wp","href":"https:\/\/api.w.org\/{rel}","templated":true}]}}