{"id":82,"date":"2020-09-25T19:47:30","date_gmt":"2020-09-25T22:47:30","guid":{"rendered":"http:\/\/monte.gob.ar\/institutosuperior\/?page_id=82"},"modified":"2022-10-18T16:54:06","modified_gmt":"2022-10-18T19:54:06","slug":"avenida-san-martin","status":"publish","type":"page","link":"https:\/\/monte.gob.ar\/institutosuperior\/avenida-san-martin\/","title":{"rendered":"Avenida San Mart\u00edn"},"content":{"rendered":"\t\t<div data-elementor-type=\"wp-page\" data-elementor-id=\"82\" class=\"elementor elementor-82\" data-elementor-settings=\"[]\">\n\t\t\t<div class=\"elementor-inner\">\n\t\t\t\t<div class=\"elementor-section-wrap\">\n\t\t\t\t\t\t\t<section class=\"elementor-element elementor-element-090afc2 elementor-section-boxed elementor-section-gap-beside-yes elementor-section-height-default elementor-section-height-default elementor-section-column-vertical-align-stretch elementor-section elementor-top-section\" data-id=\"090afc2\" data-element_type=\"section\">\n\t\t\t\t\t\t<div class=\"elementor-container elementor-column-gap-extended\">\n\t\t\t\t<div class=\"elementor-row\">\n\t\t\t\t<div class=\"elementor-element elementor-element-12dafcc elementor-column elementor-col-100 elementor-top-column\" data-id=\"12dafcc\" data-element_type=\"column\">\n\t\t\t<div class=\"elementor-column-wrap  elementor-element-populated\">\n\t\t\t\t\t<div class=\"elementor-widget-wrap\">\n\t\t\t\t<div class=\"elementor-element elementor-element-74f3bcd elementor-widget elementor-widget-html\" data-id=\"74f3bcd\" data-element_type=\"widget\" data-widget_type=\"html.default\">\n\t\t\t\t<div class=\"elementor-widget-container\">\n\t\t\t<iframe src=\"https:\/\/www.google.com\/maps\/embed?pb=!4v1604012316512!6m8!1m7!1sHs6ZI1UkfyDu-xX3fPkAyw!2m2!1d-35.44153017829708!2d-58.80619898673792!3f313.7837983261977!4f-11.238081421257974!5f0.7820865974627469\" width=\"600\" height=\"450\" frameborder=\"0\" style=\"border:0;\" allowfullscreen=\"\" aria-hidden=\"false\" tabindex=\"0\"><\/iframe>\t\t<\/div>\n\t\t\t\t<\/div>\n\t\t\t\t\t\t<\/div>\n\t\t\t<\/div>\n\t\t<\/div>\n\t\t\t\t\t\t<\/div>\n\t\t\t<\/div>\n\t\t<\/section>\n\t\t\t\t<section class=\"elementor-element elementor-element-5c4253e elementor-section-boxed elementor-section-gap-beside-yes elementor-section-height-default elementor-section-height-default elementor-section-column-vertical-align-stretch elementor-section elementor-top-section\" data-id=\"5c4253e\" data-element_type=\"section\">\n\t\t\t\t\t\t<div class=\"elementor-container elementor-column-gap-extended\">\n\t\t\t\t<div class=\"elementor-row\">\n\t\t\t\t<div class=\"elementor-element elementor-element-f836384 elementor-column elementor-col-100 elementor-top-column\" data-id=\"f836384\" data-element_type=\"column\">\n\t\t\t<div class=\"elementor-column-wrap  elementor-element-populated\">\n\t\t\t\t\t<div class=\"elementor-widget-wrap\">\n\t\t\t\t<div class=\"elementor-element elementor-element-1653456 elementor-widget elementor-widget-text-editor\" data-id=\"1653456\" data-element_type=\"widget\" data-widget_type=\"text-editor.default\">\n\t\t\t\t<div class=\"elementor-widget-container\">\n\t\t\t\t\t<div class=\"elementor-text-editor elementor-clearfix\"><p>Avenida San Mart\u00edn, a la izquierda se encuentra la Benem\u00e9rita Escuela N 1 \u00abDon Jos\u00e9 de San Mart\u00edn\u00bb, a la derecha la Plazoleta \u00abGral. Martin Rodr\u00edguez\u00bb<\/p><\/div>\n\t\t\t\t<\/div>\n\t\t\t\t<\/div>\n\t\t\t\t\t\t<\/div>\n\t\t\t<\/div>\n\t\t<\/div>\n\t\t\t\t\t\t<\/div>\n\t\t\t<\/div>\n\t\t<\/section>\n\t\t\t\t<section class=\"elementor-element elementor-element-66e9a70 elementor-section-boxed elementor-section-gap-beside-yes elementor-section-height-default elementor-section-height-default elementor-section-column-vertical-align-stretch elementor-section elementor-top-section\" data-id=\"66e9a70\" data-element_type=\"section\">\n\t\t\t\t\t\t<div class=\"elementor-container elementor-column-gap-extended\">\n\t\t\t\t<div class=\"elementor-row\">\n\t\t\t\t<div class=\"elementor-element elementor-element-dcaeaf3 elementor-column elementor-col-100 elementor-top-column\" data-id=\"dcaeaf3\" data-element_type=\"column\">\n\t\t\t<div class=\"elementor-column-wrap\">\n\t\t\t\t\t<div class=\"elementor-widget-wrap\">\n\t\t\t\t\t\t<\/div>\n\t\t\t<\/div>\n\t\t<\/div>\n\t\t\t\t\t\t<\/div>\n\t\t\t<\/div>\n\t\t<\/section>\n\t\t\t\t<section class=\"elementor-element elementor-element-880078f elementor-section-boxed elementor-section-gap-beside-yes elementor-section-height-default elementor-section-height-default elementor-section-column-vertical-align-stretch elementor-section elementor-top-section\" data-id=\"880078f\" data-element_type=\"section\">\n\t\t\t\t\t\t<div class=\"elementor-container elementor-column-gap-extended\">\n\t\t\t\t<div class=\"elementor-row\">\n\t\t\t\t<div class=\"elementor-element elementor-element-d675355 elementor-column elementor-col-100 elementor-top-column\" data-id=\"d675355\" data-element_type=\"column\">\n\t\t\t<div class=\"elementor-column-wrap  elementor-element-populated\">\n\t\t\t\t\t<div class=\"elementor-widget-wrap\">\n\t\t\t\t<div class=\"elementor-element elementor-element-c00dff3 elementor-widget elementor-widget-text-editor\" data-id=\"c00dff3\" data-element_type=\"widget\" data-widget_type=\"text-editor.default\">\n\t\t\t\t<div class=\"elementor-widget-container\">\n\t\t\t\t\t<div class=\"elementor-text-editor elementor-clearfix\"><p style=\"text-align: center;\"><b>AVENIDA SAN MART\u00cdN<\/b><\/p><p style=\"text-align: center;\"><span style=\"font-weight: 400;\">Aproximadamente hacia el a\u00f1o 1873 comienza la asignaci\u00f3n de nombres a las calles montenses. As\u00ed, se decide llamar Boulevard a la hoy Av. San Mart\u00edn, mucho antes de su construcci\u00f3n.<\/span><\/p><p style=\"text-align: center;\"><span style=\"font-weight: 400;\">Con la llegada del ferrocarril se plantea la instalaci\u00f3n de la estaci\u00f3n de tren, por esa raz\u00f3n, se solicit\u00f3 una conexi\u00f3n directa con el centro del pueblo, que para 1891 a\u00fan no estaba finalizada y que pudo culminarse gracias a la colaboraci\u00f3n vecinal.<\/span><\/p><p style=\"text-align: center;\"><span style=\"font-weight: 400;\">El 1\u00b0 de enero de 1906 siendo Intendente Daniel Videla Dorna, se decide que el Boulevard lleve el nombre de Don Zen\u00f3n Videla Dorna. En ese entonces se pens\u00f3 pavimentar e iluminar la arteria para conectar el Centro C\u00edvico con la estaci\u00f3n del Ferrocarril.<\/span><\/p><p style=\"text-align: center;\"><span style=\"font-weight: 400;\">\u00a0<\/span><\/p><\/div>\n\t\t\t\t<\/div>\n\t\t\t\t<\/div>\n\t\t\t\t\t\t<\/div>\n\t\t\t<\/div>\n\t\t<\/div>\n\t\t\t\t\t\t<\/div>\n\t\t\t<\/div>\n\t\t<\/section>\n\t\t\t\t<section class=\"elementor-element elementor-element-6dae16d elementor-section-boxed elementor-section-gap-beside-yes elementor-section-height-default elementor-section-height-default elementor-section-column-vertical-align-stretch elementor-section elementor-top-section\" data-id=\"6dae16d\" data-element_type=\"section\">\n\t\t\t\t\t\t<div class=\"elementor-container elementor-column-gap-extended\">\n\t\t\t\t<div class=\"elementor-row\">\n\t\t\t\t<div class=\"elementor-element elementor-element-30a4f3c elementor-column elementor-col-50 elementor-top-column\" data-id=\"30a4f3c\" data-element_type=\"column\">\n\t\t\t<div class=\"elementor-column-wrap  elementor-element-populated\">\n\t\t\t\t\t<div class=\"elementor-widget-wrap\">\n\t\t\t\t<div class=\"elementor-element elementor-element-0df1a71 elementor-widget elementor-widget-image\" data-id=\"0df1a71\" data-element_type=\"widget\" data-widget_type=\"image.default\">\n\t\t\t\t<div class=\"elementor-widget-container\">\n\t\t\t\t\t<div class=\"elementor-image\">\n\t\t\t\t\t\t\t<figure class=\"wp-caption\">\n\t\t\t\t\t\t\t\t\t\t<img width=\"640\" height=\"366\" src=\"https:\/\/monte.gob.ar\/institutosuperior\/wp-content\/uploads\/2020\/11\/Imagen9-1-1024x585.jpg\" class=\"attachment-large size-large\" alt=\"\" loading=\"lazy\" srcset=\"https:\/\/monte.gob.ar\/institutosuperior\/wp-content\/uploads\/2020\/11\/Imagen9-1-1024x585.jpg 1024w, https:\/\/monte.gob.ar\/institutosuperior\/wp-content\/uploads\/2020\/11\/Imagen9-1-300x171.jpg 300w, https:\/\/monte.gob.ar\/institutosuperior\/wp-content\/uploads\/2020\/11\/Imagen9-1-768x439.jpg 768w, https:\/\/monte.gob.ar\/institutosuperior\/wp-content\/uploads\/2020\/11\/Imagen9-1.jpg 1299w\" sizes=\"(max-width: 640px) 100vw, 640px\" \/>\t\t\t\t\t\t\t\t\t\t\t<figcaption class=\"widget-image-caption wp-caption-text\">Boulevard Videla Dorna (Actual Avenida San Mart\u00edn) arteria principal de acceso a la Estaci\u00f3n del Ferrocarril. Proyecto de pavimentaci\u00f3n bajo la direcci\u00f3n de Daniel Videla Dorna. Foto de 1906.<\/figcaption>\n\t\t\t\t\t\t\t\t\t\t<\/figure>\n\t\t\t\t\t<\/div>\n\t\t\t\t<\/div>\n\t\t\t\t<\/div>\n\t\t\t\t\t\t<\/div>\n\t\t\t<\/div>\n\t\t<\/div>\n\t\t\t\t<div class=\"elementor-element elementor-element-b8a9abc elementor-column elementor-col-50 elementor-top-column\" data-id=\"b8a9abc\" data-element_type=\"column\">\n\t\t\t<div class=\"elementor-column-wrap  elementor-element-populated\">\n\t\t\t\t\t<div class=\"elementor-widget-wrap\">\n\t\t\t\t<div class=\"elementor-element elementor-element-62bb852 elementor-widget elementor-widget-image\" data-id=\"62bb852\" data-element_type=\"widget\" data-widget_type=\"image.default\">\n\t\t\t\t<div class=\"elementor-widget-container\">\n\t\t\t\t\t<div class=\"elementor-image\">\n\t\t\t\t\t\t\t<figure class=\"wp-caption\">\n\t\t\t\t\t\t\t\t\t\t<img width=\"551\" height=\"355\" src=\"https:\/\/monte.gob.ar\/institutosuperior\/wp-content\/uploads\/2020\/11\/Imagen20.jpg\" class=\"attachment-large size-large\" alt=\"\" loading=\"lazy\" srcset=\"https:\/\/monte.gob.ar\/institutosuperior\/wp-content\/uploads\/2020\/11\/Imagen20.jpg 551w, https:\/\/monte.gob.ar\/institutosuperior\/wp-content\/uploads\/2020\/11\/Imagen20-300x193.jpg 300w\" sizes=\"(max-width: 551px) 100vw, 551px\" \/>\t\t\t\t\t\t\t\t\t\t\t<figcaption class=\"widget-image-caption wp-caption-text\">Construcci\u00f3n del Boulevard, hoy Avenida San Mart\u00edn, es la avenida m\u00e1s ancha de Monte y requisito principal para el emplazamiento de la estaci\u00f3n del ferrocarril, a\u00f1o 1892<\/figcaption>\n\t\t\t\t\t\t\t\t\t\t<\/figure>\n\t\t\t\t\t<\/div>\n\t\t\t\t<\/div>\n\t\t\t\t<\/div>\n\t\t\t\t\t\t<\/div>\n\t\t\t<\/div>\n\t\t<\/div>\n\t\t\t\t\t\t<\/div>\n\t\t\t<\/div>\n\t\t<\/section>\n\t\t\t\t<section class=\"elementor-element elementor-element-67e57b5 elementor-section-boxed elementor-section-gap-beside-yes elementor-section-height-default elementor-section-height-default elementor-section-column-vertical-align-stretch elementor-section elementor-top-section\" data-id=\"67e57b5\" data-element_type=\"section\">\n\t\t\t\t\t\t<div class=\"elementor-container elementor-column-gap-extended\">\n\t\t\t\t<div class=\"elementor-row\">\n\t\t\t\t<div class=\"elementor-element elementor-element-d25dd23 elementor-column elementor-col-50 elementor-top-column\" data-id=\"d25dd23\" data-element_type=\"column\">\n\t\t\t<div class=\"elementor-column-wrap  elementor-element-populated\">\n\t\t\t\t\t<div class=\"elementor-widget-wrap\">\n\t\t\t\t<div class=\"elementor-element elementor-element-66f875b elementor-widget elementor-widget-image\" data-id=\"66f875b\" data-element_type=\"widget\" data-widget_type=\"image.default\">\n\t\t\t\t<div class=\"elementor-widget-container\">\n\t\t\t\t\t<div class=\"elementor-image\">\n\t\t\t\t\t\t\t<figure class=\"wp-caption\">\n\t\t\t\t\t\t\t\t\t\t<img width=\"300\" height=\"208\" src=\"https:\/\/monte.gob.ar\/institutosuperior\/wp-content\/uploads\/2022\/10\/Imagen6-300x208-1.jpg\" class=\"attachment-large size-large\" alt=\"\" loading=\"lazy\" \/>\t\t\t\t\t\t\t\t\t\t\t<figcaption class=\"widget-image-caption wp-caption-text\">Extremo sureste del en homenaje al excomisario de Monte y distinguido patriarca de la familia Videla Dorna San Mart\u00edn, antes bulevar Zen\u00f3n Videla Dorna, es el acceso principal al centro Montense. Foto del a\u00f1o 2020<\/figcaption>\n\t\t\t\t\t\t\t\t\t\t<\/figure>\n\t\t\t\t\t<\/div>\n\t\t\t\t<\/div>\n\t\t\t\t<\/div>\n\t\t\t\t\t\t<\/div>\n\t\t\t<\/div>\n\t\t<\/div>\n\t\t\t\t<div class=\"elementor-element elementor-element-6eb64fb elementor-column elementor-col-50 elementor-top-column\" data-id=\"6eb64fb\" data-element_type=\"column\">\n\t\t\t<div class=\"elementor-column-wrap  elementor-element-populated\">\n\t\t\t\t\t<div class=\"elementor-widget-wrap\">\n\t\t\t\t<div class=\"elementor-element elementor-element-ef22b5c elementor-widget elementor-widget-image\" data-id=\"ef22b5c\" data-element_type=\"widget\" data-widget_type=\"image.default\">\n\t\t\t\t<div class=\"elementor-widget-container\">\n\t\t\t\t\t<div class=\"elementor-image\">\n\t\t\t\t\t\t\t<figure class=\"wp-caption\">\n\t\t\t\t\t\t\t\t\t\t<img width=\"300\" height=\"200\" src=\"https:\/\/monte.gob.ar\/institutosuperior\/wp-content\/uploads\/2022\/10\/Imagen7-300x200-1.jpg\" class=\"attachment-large size-large\" alt=\"\" loading=\"lazy\" \/>\t\t\t\t\t\t\t\t\t\t\t<figcaption class=\"widget-image-caption wp-caption-text\">intersecci\u00f3n entre Avenida San Mart\u00edn y Avenida Rivadavia. Foto del a\u00f1o 2020<\/figcaption>\n\t\t\t\t\t\t\t\t\t\t<\/figure>\n\t\t\t\t\t<\/div>\n\t\t\t\t<\/div>\n\t\t\t\t<\/div>\n\t\t\t\t\t\t<\/div>\n\t\t\t<\/div>\n\t\t<\/div>\n\t\t\t\t\t\t<\/div>\n\t\t\t<\/div>\n\t\t<\/section>\n\t\t\t\t<section class=\"elementor-element elementor-element-c14b26f elementor-section-boxed elementor-section-gap-beside-yes elementor-section-height-default elementor-section-height-default elementor-section-column-vertical-align-stretch elementor-section elementor-top-section\" data-id=\"c14b26f\" data-element_type=\"section\">\n\t\t\t\t\t\t<div class=\"elementor-container elementor-column-gap-extended\">\n\t\t\t\t<div class=\"elementor-row\">\n\t\t\t\t<div class=\"elementor-element elementor-element-4db7af3 elementor-column elementor-col-25 elementor-top-column\" data-id=\"4db7af3\" data-element_type=\"column\">\n\t\t\t<div class=\"elementor-column-wrap  elementor-element-populated\">\n\t\t\t\t\t<div class=\"elementor-widget-wrap\">\n\t\t\t\t<div class=\"elementor-element elementor-element-53057c9 elementor-widget elementor-widget-image\" data-id=\"53057c9\" data-element_type=\"widget\" data-widget_type=\"image.default\">\n\t\t\t\t<div class=\"elementor-widget-container\">\n\t\t\t\t\t<div class=\"elementor-image\">\n\t\t\t\t\t\t\t<figure class=\"wp-caption\">\n\t\t\t\t\t\t\t\t\t\t<img width=\"169\" height=\"300\" src=\"https:\/\/monte.gob.ar\/institutosuperior\/wp-content\/uploads\/2020\/11\/WhatsApp-Image-2020-11-17-at-15.00.21-169x300.jpeg\" class=\"attachment-medium size-medium\" alt=\"\" loading=\"lazy\" srcset=\"https:\/\/monte.gob.ar\/institutosuperior\/wp-content\/uploads\/2020\/11\/WhatsApp-Image-2020-11-17-at-15.00.21-169x300.jpeg 169w, https:\/\/monte.gob.ar\/institutosuperior\/wp-content\/uploads\/2020\/11\/WhatsApp-Image-2020-11-17-at-15.00.21-576x1024.jpeg 576w, https:\/\/monte.gob.ar\/institutosuperior\/wp-content\/uploads\/2020\/11\/WhatsApp-Image-2020-11-17-at-15.00.21.jpeg 592w\" sizes=\"(max-width: 169px) 100vw, 169px\" \/>\t\t\t\t\t\t\t\t\t\t\t<figcaption class=\"widget-image-caption wp-caption-text\">Monumento a Don Adolfo Jos\u00e9 G\u00fciraldes<\/figcaption>\n\t\t\t\t\t\t\t\t\t\t<\/figure>\n\t\t\t\t\t<\/div>\n\t\t\t\t<\/div>\n\t\t\t\t<\/div>\n\t\t\t\t\t\t<\/div>\n\t\t\t<\/div>\n\t\t<\/div>\n\t\t\t\t<div class=\"elementor-element elementor-element-dbccc6a elementor-column elementor-col-25 elementor-top-column\" data-id=\"dbccc6a\" data-element_type=\"column\">\n\t\t\t<div class=\"elementor-column-wrap  elementor-element-populated\">\n\t\t\t\t\t<div class=\"elementor-widget-wrap\">\n\t\t\t\t<div class=\"elementor-element elementor-element-4a9e5d0 elementor-widget elementor-widget-image\" data-id=\"4a9e5d0\" data-element_type=\"widget\" data-widget_type=\"image.default\">\n\t\t\t\t<div class=\"elementor-widget-container\">\n\t\t\t\t\t<div class=\"elementor-image\">\n\t\t\t\t\t\t\t<figure class=\"wp-caption\">\n\t\t\t\t\t\t\t\t\t\t<img width=\"234\" height=\"300\" src=\"https:\/\/monte.gob.ar\/institutosuperior\/wp-content\/uploads\/2022\/10\/Imagen10-234x300-1.jpg\" class=\"attachment-large size-large\" alt=\"\" loading=\"lazy\" \/>\t\t\t\t\t\t\t\t\t\t\t<figcaption class=\"widget-image-caption wp-caption-text\">Monumento a los \"Ca\u00eddos en la Guerra de Malvinas\". Plaza ubicada en Avenida San Mart\u00edn, F\u00e9lix de Azara y Libertad.<\/figcaption>\n\t\t\t\t\t\t\t\t\t\t<\/figure>\n\t\t\t\t\t<\/div>\n\t\t\t\t<\/div>\n\t\t\t\t<\/div>\n\t\t\t\t\t\t<\/div>\n\t\t\t<\/div>\n\t\t<\/div>\n\t\t\t\t<div class=\"elementor-element elementor-element-f20eecc elementor-column elementor-col-25 elementor-top-column\" data-id=\"f20eecc\" data-element_type=\"column\">\n\t\t\t<div class=\"elementor-column-wrap  elementor-element-populated\">\n\t\t\t\t\t<div class=\"elementor-widget-wrap\">\n\t\t\t\t<div class=\"elementor-element elementor-element-2ceb25f elementor-widget elementor-widget-image\" data-id=\"2ceb25f\" data-element_type=\"widget\" data-widget_type=\"image.default\">\n\t\t\t\t<div class=\"elementor-widget-container\">\n\t\t\t\t\t<div class=\"elementor-image\">\n\t\t\t\t\t\t\t<figure class=\"wp-caption\">\n\t\t\t\t\t\t\t\t\t\t<img width=\"300\" height=\"223\" src=\"https:\/\/monte.gob.ar\/institutosuperior\/wp-content\/uploads\/2022\/10\/Imagen12-300x223-1.jpg\" class=\"attachment-large size-large\" alt=\"\" loading=\"lazy\" \/>\t\t\t\t\t\t\t\t\t\t\t<figcaption class=\"widget-image-caption wp-caption-text\">Instituto Superior  de Formaci\u00f3n Docente y T\u00e9cnica N\u00b0 66 \u201cDon Juan Manuel de Rosas\u201d. Acceso principal por Avenida San Mart\u00edn. Foto del a\u00f1o 2020<\/figcaption>\n\t\t\t\t\t\t\t\t\t\t<\/figure>\n\t\t\t\t\t<\/div>\n\t\t\t\t<\/div>\n\t\t\t\t<\/div>\n\t\t\t\t\t\t<\/div>\n\t\t\t<\/div>\n\t\t<\/div>\n\t\t\t\t<div class=\"elementor-element elementor-element-77180ab elementor-column elementor-col-25 elementor-top-column\" data-id=\"77180ab\" data-element_type=\"column\">\n\t\t\t<div class=\"elementor-column-wrap  elementor-element-populated\">\n\t\t\t\t\t<div class=\"elementor-widget-wrap\">\n\t\t\t\t<div class=\"elementor-element elementor-element-e0dd9cf elementor-widget elementor-widget-image\" data-id=\"e0dd9cf\" data-element_type=\"widget\" data-widget_type=\"image.default\">\n\t\t\t\t<div class=\"elementor-widget-container\">\n\t\t\t\t\t<div class=\"elementor-image\">\n\t\t\t\t\t\t\t\t\t\t<img width=\"640\" height=\"435\" src=\"https:\/\/monte.gob.ar\/institutosuperior\/wp-content\/uploads\/2020\/11\/Imagen13-1024x696.jpg\" class=\"attachment-large size-large\" alt=\"\" loading=\"lazy\" srcset=\"https:\/\/monte.gob.ar\/institutosuperior\/wp-content\/uploads\/2020\/11\/Imagen13-1024x696.jpg 1024w, https:\/\/monte.gob.ar\/institutosuperior\/wp-content\/uploads\/2020\/11\/Imagen13-300x204.jpg 300w, https:\/\/monte.gob.ar\/institutosuperior\/wp-content\/uploads\/2020\/11\/Imagen13-768x522.jpg 768w, https:\/\/monte.gob.ar\/institutosuperior\/wp-content\/uploads\/2020\/11\/Imagen13.jpg 1262w\" sizes=\"(max-width: 640px) 100vw, 640px\" \/>\t\t\t\t\t\t\t\t\t\t\t<\/div>\n\t\t\t\t<\/div>\n\t\t\t\t<\/div>\n\t\t\t\t\t\t<\/div>\n\t\t\t<\/div>\n\t\t<\/div>\n\t\t\t\t\t\t<\/div>\n\t\t\t<\/div>\n\t\t<\/section>\n\t\t\t\t<section class=\"elementor-element elementor-element-401a3c8 elementor-section-boxed elementor-section-gap-beside-yes elementor-section-height-default elementor-section-height-default elementor-section-column-vertical-align-stretch elementor-section elementor-top-section\" data-id=\"401a3c8\" data-element_type=\"section\">\n\t\t\t\t\t\t<div class=\"elementor-container elementor-column-gap-extended\">\n\t\t\t\t<div class=\"elementor-row\">\n\t\t\t\t<div class=\"elementor-element elementor-element-8990681 elementor-column elementor-col-100 elementor-top-column\" data-id=\"8990681\" data-element_type=\"column\">\n\t\t\t<div class=\"elementor-column-wrap  elementor-element-populated\">\n\t\t\t\t\t<div class=\"elementor-widget-wrap\">\n\t\t\t\t<div class=\"elementor-element elementor-element-c5363a1 elementor-widget elementor-widget-image\" data-id=\"c5363a1\" data-element_type=\"widget\" data-widget_type=\"image.default\">\n\t\t\t\t<div class=\"elementor-widget-container\">\n\t\t\t\t\t<div class=\"elementor-image\">\n\t\t\t\t\t\t\t\t\t\t<img width=\"640\" height=\"380\" src=\"https:\/\/monte.gob.ar\/institutosuperior\/wp-content\/uploads\/2020\/11\/Imagen14-768x456.jpg\" class=\"attachment-medium_large size-medium_large\" alt=\"\" loading=\"lazy\" srcset=\"https:\/\/monte.gob.ar\/institutosuperior\/wp-content\/uploads\/2020\/11\/Imagen14-768x456.jpg 768w, https:\/\/monte.gob.ar\/institutosuperior\/wp-content\/uploads\/2020\/11\/Imagen14-300x178.jpg 300w, https:\/\/monte.gob.ar\/institutosuperior\/wp-content\/uploads\/2020\/11\/Imagen14-1024x607.jpg 1024w, https:\/\/monte.gob.ar\/institutosuperior\/wp-content\/uploads\/2020\/11\/Imagen14.jpg 1261w\" sizes=\"(max-width: 640px) 100vw, 640px\" \/>\t\t\t\t\t\t\t\t\t\t\t<\/div>\n\t\t\t\t<\/div>\n\t\t\t\t<\/div>\n\t\t\t\t\t\t<\/div>\n\t\t\t<\/div>\n\t\t<\/div>\n\t\t\t\t\t\t<\/div>\n\t\t\t<\/div>\n\t\t<\/section>\n\t\t\t\t\t\t<\/div>\n\t\t\t<\/div>\n\t\t<\/div>\n\t\t","protected":false},"excerpt":{"rendered":"<p>Avenida San Mart\u00edn, a la izquierda se encuentra la Benem\u00e9rita Escuela N 1 \u00abDon Jos\u00e9 de San Mart\u00edn\u00bb, a la derecha la Plazoleta \u00abGral. Martin Rodr\u00edguez\u00bb AVENIDA SAN MART\u00cdN Aproximadamente hacia el a\u00f1o 1873 comienza la asignaci\u00f3n de nombres a las calles montenses. As\u00ed, se decide llamar Boulevard a la hoy Av. San Mart\u00edn, mucho antes de su construcci\u00f3n. Con la llegada del ferrocarril se plantea la instalaci\u00f3n de la estaci\u00f3n de tren, por esa raz\u00f3n, se solicit\u00f3 una conexi\u00f3n directa con el centro del pueblo, que para 1891 a\u00fan no estaba finalizada y que pudo culminarse gracias a la colaboraci\u00f3n vecinal. El 1\u00b0 de enero de 1906 siendo Intendente Daniel Videla Dorna, se decide que el Boulevard lleve el nombre de Don Zen\u00f3n Videla Dorna. En ese entonces se pens\u00f3 pavimentar e iluminar la arteria para conectar el Centro C\u00edvico con la estaci\u00f3n del Ferrocarril. \u00a0 Boulevard Videla Dorna (Actual Avenida San Mart\u00edn) arteria principal de acceso a la Estaci\u00f3n del Ferrocarril. Proyecto de pavimentaci\u00f3n bajo la direcci\u00f3n de Daniel Videla Dorna. Foto de 1906. Construcci\u00f3n del Boulevard, hoy Avenida San Mart\u00edn, es la avenida m\u00e1s ancha de Monte y requisito principal para el emplazamiento de la estaci\u00f3n del ferrocarril, a\u00f1o 1892 Extremo sureste del en homenaje al excomisario de Monte y distinguido patriarca de la familia Videla Dorna San Mart\u00edn, antes bulevar Zen\u00f3n Videla Dorna, es el acceso principal al centro Montense. Foto del a\u00f1o 2020 intersecci\u00f3n entre Avenida San Mart\u00edn y Avenida Rivadavia. Foto del a\u00f1o 2020 Monumento a Don Adolfo Jos\u00e9 G\u00fciraldes Monumento a los \u00abCa\u00eddos en la Guerra de Malvinas\u00bb. Plaza ubicada en Avenida San Mart\u00edn, F\u00e9lix de Azara y Libertad. Instituto Superior de Formaci\u00f3n Docente y T\u00e9cnica N\u00b0 66 \u201cDon Juan Manuel de Rosas\u201d. Acceso principal por Avenida San Mart\u00edn. Foto del a\u00f1o 2020<\/p>\n","protected":false},"author":2,"featured_media":0,"parent":0,"menu_order":0,"comment_status":"closed","ping_status":"closed","template":"","meta":[],"_links":{"self":[{"href":"https:\/\/monte.gob.ar\/institutosuperior\/wp-json\/wp\/v2\/pages\/82"}],"collection":[{"href":"https:\/\/monte.gob.ar\/institutosuperior\/wp-json\/wp\/v2\/pages"}],"about":[{"href":"https:\/\/monte.gob.ar\/institutosuperior\/wp-json\/wp\/v2\/types\/page"}],"author":[{"embeddable":true,"href":"https:\/\/monte.gob.ar\/institutosuperior\/wp-json\/wp\/v2\/users\/2"}],"replies":[{"embeddable":true,"href":"https:\/\/monte.gob.ar\/institutosuperior\/wp-json\/wp\/v2\/comments?post=82"}],"version-history":[{"count":20,"href":"https:\/\/monte.gob.ar\/institutosuperior\/wp-json\/wp\/v2\/pages\/82\/revisions"}],"predecessor-version":[{"id":27487,"href":"https:\/\/monte.gob.ar\/institutosuperior\/wp-json\/wp\/v2\/pages\/82\/revisions\/27487"}],"wp:attachment":[{"href":"https:\/\/monte.gob.ar\/institutosuperior\/wp-json\/wp\/v2\/media?parent=82"}],"curies":[{"name":"wp","href":"https:\/\/api.w.org\/{rel}","templated":true}]}}