{"id":79,"date":"2020-09-25T19:47:30","date_gmt":"2020-09-25T22:47:30","guid":{"rendered":"http:\/\/monte.gob.ar\/institutosuperior\/?page_id=79"},"modified":"2020-11-12T22:17:29","modified_gmt":"2020-11-13T01:17:29","slug":"cruz-de-la-mision","status":"publish","type":"page","link":"https:\/\/monte.gob.ar\/institutosuperior\/cruz-de-la-mision\/","title":{"rendered":"Cruz de la Misi\u00f3n"},"content":{"rendered":"\t\t<div data-elementor-type=\"wp-page\" data-elementor-id=\"79\" class=\"elementor elementor-79\" data-elementor-settings=\"[]\">\n\t\t\t<div class=\"elementor-inner\">\n\t\t\t\t<div class=\"elementor-section-wrap\">\n\t\t\t\t\t\t\t<section class=\"elementor-element elementor-element-2587a69 elementor-section-boxed elementor-section-gap-beside-yes elementor-section-height-default elementor-section-height-default elementor-section-column-vertical-align-stretch elementor-section elementor-top-section\" data-id=\"2587a69\" data-element_type=\"section\">\n\t\t\t\t\t\t<div class=\"elementor-container elementor-column-gap-extended\">\n\t\t\t\t<div class=\"elementor-row\">\n\t\t\t\t<div class=\"elementor-element elementor-element-b8e2622 elementor-column elementor-col-50 elementor-top-column\" data-id=\"b8e2622\" data-element_type=\"column\">\n\t\t\t<div class=\"elementor-column-wrap  elementor-element-populated\">\n\t\t\t\t\t<div class=\"elementor-widget-wrap\">\n\t\t\t\t<div class=\"elementor-element elementor-element-7ae7622 elementor-widget elementor-widget-image\" data-id=\"7ae7622\" data-element_type=\"widget\" data-widget_type=\"image.default\">\n\t\t\t\t<div class=\"elementor-widget-container\">\n\t\t\t\t\t<div class=\"elementor-image\">\n\t\t\t\t\t\t\t\t\t\t<img width=\"448\" height=\"687\" src=\"https:\/\/monte.gob.ar\/institutosuperior\/wp-content\/uploads\/2020\/10\/Cruz-de-la-mision-3.jpg\" class=\"attachment-large size-large\" alt=\"\" loading=\"lazy\" srcset=\"https:\/\/monte.gob.ar\/institutosuperior\/wp-content\/uploads\/2020\/10\/Cruz-de-la-mision-3.jpg 448w, https:\/\/monte.gob.ar\/institutosuperior\/wp-content\/uploads\/2020\/10\/Cruz-de-la-mision-3-196x300.jpg 196w\" sizes=\"(max-width: 448px) 100vw, 448px\" \/>\t\t\t\t\t\t\t\t\t\t\t<\/div>\n\t\t\t\t<\/div>\n\t\t\t\t<\/div>\n\t\t\t\t\t\t<\/div>\n\t\t\t<\/div>\n\t\t<\/div>\n\t\t\t\t<div class=\"elementor-element elementor-element-158b39a elementor-column elementor-col-50 elementor-top-column\" data-id=\"158b39a\" data-element_type=\"column\">\n\t\t\t<div class=\"elementor-column-wrap  elementor-element-populated\">\n\t\t\t\t\t<div class=\"elementor-widget-wrap\">\n\t\t\t\t<div class=\"elementor-element elementor-element-47657e2 elementor-widget elementor-widget-text-editor\" data-id=\"47657e2\" data-element_type=\"widget\" data-widget_type=\"text-editor.default\">\n\t\t\t\t<div class=\"elementor-widget-container\">\n\t\t\t\t\t<div class=\"elementor-text-editor elementor-clearfix\"><p>\u00a0<\/p><p>Este llamativo recuerdo ubicado en la intersecci\u00f3n de las calles Laura Giagnacovo y Su\u00e1rez evoca el paso de los Jesuitas por la localidad, all\u00e1 por abril de 1887. La llamada Cruz de la Misi\u00f3n representa la labor evangelizadora de aquellos religiosos que pretendieron educar y acompa\u00f1ar a los pobladores en esos tiempos primitivos.<\/p><\/div>\n\t\t\t\t<\/div>\n\t\t\t\t<\/div>\n\t\t\t\t<div class=\"elementor-element elementor-element-9c6a149 elementor-widget elementor-widget-text-editor\" data-id=\"9c6a149\" data-element_type=\"widget\" data-widget_type=\"text-editor.default\">\n\t\t\t\t<div class=\"elementor-widget-container\">\n\t\t\t\t\t<div class=\"elementor-text-editor elementor-clearfix\"><p>\u00a0<\/p><p>\u00a0<\/p><p>\u00a0<\/p><p>Sabemos que Monte nace como un pueblo de frontera y que, junto al perfil militar, no debemos olvidar el aspecto religioso. Esta cruz es entonces un recordatorio de esa labor, de su af\u00e1n por educar y acompa\u00f1ar a las familias que se aventuraron por estos lejanos lugares. Es testimonio de la presencia de la \u00fanica Misi\u00f3n de Jesuitas que piso suelo montense.<\/p><p>\u00a0<\/p><\/div>\n\t\t\t\t<\/div>\n\t\t\t\t<\/div>\n\t\t\t\t\t\t<\/div>\n\t\t\t<\/div>\n\t\t<\/div>\n\t\t\t\t\t\t<\/div>\n\t\t\t<\/div>\n\t\t<\/section>\n\t\t\t\t<section class=\"elementor-element elementor-element-1ca54c4 elementor-section-boxed elementor-section-gap-beside-yes elementor-section-height-default elementor-section-height-default elementor-section-column-vertical-align-stretch elementor-section elementor-top-section\" data-id=\"1ca54c4\" data-element_type=\"section\">\n\t\t\t\t\t\t<div class=\"elementor-container elementor-column-gap-extended\">\n\t\t\t\t<div class=\"elementor-row\">\n\t\t\t\t<div class=\"elementor-element elementor-element-a32cef8 elementor-column elementor-col-100 elementor-top-column\" data-id=\"a32cef8\" data-element_type=\"column\">\n\t\t\t<div class=\"elementor-column-wrap  elementor-element-populated\">\n\t\t\t\t\t<div class=\"elementor-widget-wrap\">\n\t\t\t\t<div class=\"elementor-element elementor-element-0db15e0 elementor-widget elementor-widget-text-editor\" data-id=\"0db15e0\" data-element_type=\"widget\" data-widget_type=\"text-editor.default\">\n\t\t\t\t<div class=\"elementor-widget-container\">\n\t\t\t\t\t<div class=\"elementor-text-editor elementor-clearfix\"><p>\u201cFabiano, Miguel \u00e1ngel. Monte cuna de Rosas, 220 a\u00f1os con historia. Pag 174\u201d<\/p><\/div>\n\t\t\t\t<\/div>\n\t\t\t\t<\/div>\n\t\t\t\t<div class=\"elementor-element elementor-element-a7337d3 elementor-widget elementor-widget-image\" data-id=\"a7337d3\" data-element_type=\"widget\" data-widget_type=\"image.default\">\n\t\t\t\t<div class=\"elementor-widget-container\">\n\t\t\t\t\t<div class=\"elementor-image\">\n\t\t\t\t\t\t\t\t\t\t<img width=\"496\" height=\"651\" src=\"https:\/\/monte.gob.ar\/institutosuperior\/wp-content\/uploads\/2020\/10\/Cruz-de-la-mision-actual-2.jpg\" class=\"attachment-large size-large\" alt=\"\" loading=\"lazy\" srcset=\"https:\/\/monte.gob.ar\/institutosuperior\/wp-content\/uploads\/2020\/10\/Cruz-de-la-mision-actual-2.jpg 496w, https:\/\/monte.gob.ar\/institutosuperior\/wp-content\/uploads\/2020\/10\/Cruz-de-la-mision-actual-2-229x300.jpg 229w\" sizes=\"(max-width: 496px) 100vw, 496px\" \/>\t\t\t\t\t\t\t\t\t\t\t<\/div>\n\t\t\t\t<\/div>\n\t\t\t\t<\/div>\n\t\t\t\t\t\t<\/div>\n\t\t\t<\/div>\n\t\t<\/div>\n\t\t\t\t\t\t<\/div>\n\t\t\t<\/div>\n\t\t<\/section>\n\t\t\t\t\t\t<\/div>\n\t\t\t<\/div>\n\t\t<\/div>\n\t\t","protected":false},"excerpt":{"rendered":"<p>\u00a0 Este llamativo recuerdo ubicado en la intersecci\u00f3n de las calles Laura Giagnacovo y Su\u00e1rez evoca el paso de los Jesuitas por la localidad, all\u00e1 por abril de 1887. La llamada Cruz de la Misi\u00f3n representa la labor evangelizadora de aquellos religiosos que pretendieron educar y acompa\u00f1ar a los pobladores en esos tiempos primitivos. \u00a0 \u00a0 \u00a0 Sabemos que Monte nace como un pueblo de frontera y que, junto al perfil militar, no debemos olvidar el aspecto religioso. Esta cruz es entonces un recordatorio de esa labor, de su af\u00e1n por educar y acompa\u00f1ar a las familias que se aventuraron por estos lejanos lugares. Es testimonio de la presencia de la \u00fanica Misi\u00f3n de Jesuitas que piso suelo montense. \u00a0 \u201cFabiano, Miguel \u00e1ngel. Monte cuna de Rosas, 220 a\u00f1os con historia. Pag 174\u201d<\/p>\n","protected":false},"author":2,"featured_media":0,"parent":0,"menu_order":0,"comment_status":"closed","ping_status":"closed","template":"","meta":[],"_links":{"self":[{"href":"https:\/\/monte.gob.ar\/institutosuperior\/wp-json\/wp\/v2\/pages\/79"}],"collection":[{"href":"https:\/\/monte.gob.ar\/institutosuperior\/wp-json\/wp\/v2\/pages"}],"about":[{"href":"https:\/\/monte.gob.ar\/institutosuperior\/wp-json\/wp\/v2\/types\/page"}],"author":[{"embeddable":true,"href":"https:\/\/monte.gob.ar\/institutosuperior\/wp-json\/wp\/v2\/users\/2"}],"replies":[{"embeddable":true,"href":"https:\/\/monte.gob.ar\/institutosuperior\/wp-json\/wp\/v2\/comments?post=79"}],"version-history":[{"count":11,"href":"https:\/\/monte.gob.ar\/institutosuperior\/wp-json\/wp\/v2\/pages\/79\/revisions"}],"predecessor-version":[{"id":26507,"href":"https:\/\/monte.gob.ar\/institutosuperior\/wp-json\/wp\/v2\/pages\/79\/revisions\/26507"}],"wp:attachment":[{"href":"https:\/\/monte.gob.ar\/institutosuperior\/wp-json\/wp\/v2\/media?parent=79"}],"curies":[{"name":"wp","href":"https:\/\/api.w.org\/{rel}","templated":true}]}}