{"id":26634,"date":"2021-09-20T16:13:23","date_gmt":"2021-09-20T19:13:23","guid":{"rendered":"http:\/\/monte.gob.ar\/institutosuperior\/?page_id=26634"},"modified":"2021-10-13T15:02:00","modified_gmt":"2021-10-13T18:02:00","slug":"plaza-dr-raul-carlos-iribarne-english","status":"publish","type":"page","link":"https:\/\/monte.gob.ar\/institutosuperior\/plaza-dr-raul-carlos-iribarne-english\/","title":{"rendered":"Plaza Dr. Ra\u00fal Carlos Iribarne-English"},"content":{"rendered":"\t\t<div data-elementor-type=\"wp-page\" data-elementor-id=\"26634\" class=\"elementor elementor-26634\" data-elementor-settings=\"[]\">\n\t\t\t<div class=\"elementor-inner\">\n\t\t\t\t<div class=\"elementor-section-wrap\">\n\t\t\t\t\t\t\t<section class=\"elementor-element elementor-element-7b8e104 elementor-section-boxed elementor-section-gap-beside-yes elementor-section-height-default elementor-section-height-default elementor-section-column-vertical-align-stretch elementor-section elementor-top-section\" data-id=\"7b8e104\" data-element_type=\"section\">\n\t\t\t\t\t\t<div class=\"elementor-container elementor-column-gap-extended\">\n\t\t\t\t<div class=\"elementor-row\">\n\t\t\t\t<div class=\"elementor-element elementor-element-ed93305 elementor-column elementor-col-100 elementor-top-column\" data-id=\"ed93305\" data-element_type=\"column\">\n\t\t\t<div class=\"elementor-column-wrap  elementor-element-populated\">\n\t\t\t\t\t<div class=\"elementor-widget-wrap\">\n\t\t\t\t<div class=\"elementor-element elementor-element-70dd291 elementor-widget elementor-widget-image\" data-id=\"70dd291\" data-element_type=\"widget\" data-widget_type=\"image.default\">\n\t\t\t\t<div class=\"elementor-widget-container\">\n\t\t\t\t\t<div class=\"elementor-image\">\n\t\t\t\t\t\t\t\t\t\t<img width=\"638\" height=\"217\" src=\"https:\/\/monte.gob.ar\/institutosuperior\/wp-content\/uploads\/2020\/10\/plaza.png\" class=\"attachment-large size-large\" alt=\"\" loading=\"lazy\" srcset=\"https:\/\/monte.gob.ar\/institutosuperior\/wp-content\/uploads\/2020\/10\/plaza.png 638w, https:\/\/monte.gob.ar\/institutosuperior\/wp-content\/uploads\/2020\/10\/plaza-300x102.png 300w\" sizes=\"(max-width: 638px) 100vw, 638px\" \/>\t\t\t\t\t\t\t\t\t\t\t<\/div>\n\t\t\t\t<\/div>\n\t\t\t\t<\/div>\n\t\t\t\t\t\t<\/div>\n\t\t\t<\/div>\n\t\t<\/div>\n\t\t\t\t\t\t<\/div>\n\t\t\t<\/div>\n\t\t<\/section>\n\t\t\t\t<section class=\"elementor-element elementor-element-873202e elementor-section-boxed elementor-section-gap-beside-yes elementor-section-height-default elementor-section-height-default elementor-section-column-vertical-align-stretch elementor-section elementor-top-section\" data-id=\"873202e\" data-element_type=\"section\">\n\t\t\t\t\t\t<div class=\"elementor-container elementor-column-gap-extended\">\n\t\t\t\t<div class=\"elementor-row\">\n\t\t\t\t<div class=\"elementor-element elementor-element-a2a9e1e elementor-column elementor-col-100 elementor-top-column\" data-id=\"a2a9e1e\" data-element_type=\"column\">\n\t\t\t<div class=\"elementor-column-wrap  elementor-element-populated\">\n\t\t\t\t\t<div class=\"elementor-widget-wrap\">\n\t\t\t\t<div class=\"elementor-element elementor-element-dee4500 elementor-widget elementor-widget-text-editor\" data-id=\"dee4500\" data-element_type=\"widget\" data-widget_type=\"text-editor.default\">\n\t\t\t\t<div class=\"elementor-widget-container\">\n\t\t\t\t\t<div class=\"elementor-text-editor elementor-clearfix\"><p style=\"text-align: justify;\">Panoramic image of the old Plaza Espa\u00f1a, today called Plaza Dr. Ra\u00fal Carlos Iribarne, former mayor of our city. On the right you can see the bust of Carlos Gardel and on the horizon the school No. 16 \u00abVicente L\u00f3pez y Planes\u00bb.<\/p>\n<p style=\"text-align: center;\">In homage to the memory of D. Juan Jos\u00e9 de Sard\u00e9n and to all the humble ignored heroes, dragons, militiamen and Blandengues who, with the tribute of their generous blood, contributed to raising on the infinite desert of la Pampa, the foundations of this historic town.<\/p>\n<p style=\"text-align: justify;\">The town of San Miguel del Monte, was born during the second half of the 18th century, placed next to a fort located on the northeast of the lagoon, in lands that belonged to the extensive Matanza area; Undoubtedly, it was strategically located in the very centre of the immense royal fields where the great massacres of the raised or wild livestock were carried out, for the use of fats and leather, the only and great rural industry of that time. The Guardia del Monte in its early days must have been a precarious refuge. Militiamen guarded the extreme limits of the states\/farm. The guard received various designations: Guardia del Monte, Guardia de la Laguna de Monte, Guardia de San Miguel del Monte (in homage to the patron saint, San Miguel Arcangel), Guardia de San Miguel del Monte Gargano and Guardia del Pago de La Matanza. According to very old documents, these lands were called San Miguel del Monte G\u00e1rgano. The designation of G\u00e1rgano responds to the mountain located in southern Italy, where, according to legend, the Arcangel San Miguel appeared for the first time to the people who resisted the barbarians. The National Commission of Museums , Monuments and Historic Places restored to the city of Monte its old name of \u00abSan Miguel del Monte G\u00e1rgano\u00bb in December 1980.<\/p>\n\n<h4 style=\"text-align: center;\">Frontier\u2019s Command<\/h4>\n<p style=\"text-align: justify;\">It was, at that moment, that Monte\u2019s administrative life started.\nAs a result of the first settlers, the guard\/police department gave way to the fort and it was then that the interior of the province began being populated. In the fort, we found the \u201cBlandengues\u201d, who were the border troops, armed with guns and swords. It was during this period that an administrative division of the area was made and the district of San Vicente was created, which included the fort of Monte. The last one belonged to the curacy of San Vicente.\nIn 1821, a new district was created and it was formed by the Guard of Monte and Ranchos. However, it was annulled in 1822 when the parties of Guardia del Monte were formed on one side and the Ranchos, on the other. At the same time, the Mayors of Brotherhood disappeared along with the \u201cCabildos\u201d and the Justice of Peace began doing its job\/fuctions.\nA new administrative period had begun. The outstanding Justice of Peace was Vicente Gonz\u00e1lez &#8211; the carancho &#8211; landowner of Rosas and, undoubtedly, one of the most trusted people in the Rosista environment of the Guardia del Monte. He was in charge four times. It was the incentive to grow vegetables and the distribution of farms in the town (a task controlled by Vicente Gonz\u00e1lez, his landowner) that allowed many inhabitants to access land ownership.\nThe implementation of this last measure favored especially the growth of the Guard and the number of vegetable gardens increased the production of farm products. These were times when Monte was the centre of an intensive activity, especially, from a politic point of view, and it was represented by Juan Manuel de Rosas. He formed a defense group to secure the border and created in \u00abLos Cerrillos\u00bb the cavalry corps called \u00abLos Colorados del Monte\u00bb. They were named that way, due to the colour of their uniforms and because they were approximately formed by 600 armed men.<\/p>\n<p style=\"text-align: justify;\"><span style=\"letter-spacing: 0em;\"> La plaza Espa\u00f1a, la principal para esa \u00e9poca, estaba rodeada de las principales construcciones, destac\u00e1ndose el fuerte, contiguo al mismo, el parque de artiller\u00eda, la maestranza y los cuarteles de tropa. En la manzana que miraba al sur y frente al fuerte, se hallaba al cementerio y a su costado, el hospital. Tambi\u00e9n se destacaba la Iglesia que Rosas hab\u00eda hecho construir (solar en el que hoy se encuentra la escuela N\u00b016).<\/span><\/p>\n<p style=\"text-align: center;\"><a href=\"https:\/\/drive.google.com\/file\/d\/1Tb9tDzVAYzlQVhOM62oEBIY-RMBvDNNS\/view?usp=sharing\"><b>\u00a0Ordenanza N\u00b0 4244\/2019\u00a0<\/b><\/a><\/p>\n<p style=\"text-align: center;\"><b> Sol Iribarne Interview\u00a0 (hija del Ex Intendente Dr. Ra\u00fal Carlos Iribarne)\u00a0 &#8211; 23 de Septiembre de 2020.<\/b><\/p>\n<p style=\"text-align: center;\"><\/p><\/div>\n\t\t\t\t<\/div>\n\t\t\t\t<\/div>\n\t\t\t\t<div class=\"elementor-element elementor-element-87f2b25 elementor-button-info elementor-align-center elementor-widget elementor-widget-button\" data-id=\"87f2b25\" data-element_type=\"widget\" data-widget_type=\"button.default\">\n\t\t\t\t<div class=\"elementor-widget-container\">\n\t\t\t\t\t<div class=\"elementor-button-wrapper\">\n\t\t\t<a href=\"https:\/\/drive.google.com\/file\/d\/10aiokR8kTENlAy_vsfnGh9ogyIWXRApj\/view\" class=\"elementor-button-link elementor-button elementor-size-md elementor-animation-pulse\" role=\"button\">\n\t\t\t\t\t\t<span class=\"elementor-button-content-wrapper\">\n\t\t\t\t\t\t<span class=\"elementor-button-text\">Sol Iribarne interview<\/span>\n\t\t<\/span>\n\t\t\t\t\t<\/a>\n\t\t<\/div>\n\t\t\t\t<\/div>\n\t\t\t\t<\/div>\n\t\t\t\t\t\t<\/div>\n\t\t\t<\/div>\n\t\t<\/div>\n\t\t\t\t\t\t<\/div>\n\t\t\t<\/div>\n\t\t<\/section>\n\t\t\t\t<section class=\"elementor-element elementor-element-f7d5981 elementor-section-boxed elementor-section-gap-beside-yes elementor-section-height-default elementor-section-height-default elementor-section-column-vertical-align-stretch elementor-section elementor-top-section\" data-id=\"f7d5981\" data-element_type=\"section\">\n\t\t\t\t\t\t<div class=\"elementor-container elementor-column-gap-extended\">\n\t\t\t\t<div class=\"elementor-row\">\n\t\t\t\t<div class=\"elementor-element elementor-element-e92e0e0 elementor-column elementor-col-100 elementor-top-column\" data-id=\"e92e0e0\" data-element_type=\"column\">\n\t\t\t<div class=\"elementor-column-wrap  elementor-element-populated\">\n\t\t\t\t\t<div class=\"elementor-widget-wrap\">\n\t\t\t\t<div class=\"elementor-element elementor-element-7132efc elementor-button-info elementor-align-center elementor-widget elementor-widget-button\" data-id=\"7132efc\" data-element_type=\"widget\" data-widget_type=\"button.default\">\n\t\t\t\t<div class=\"elementor-widget-container\">\n\t\t\t\t\t<div class=\"elementor-button-wrapper\">\n\t\t\t<a href=\"https:\/\/drive.google.com\/file\/d\/1q56wUAck3T2YepJbWWcjh2LU9aYlubxx\/view\" class=\"elementor-button-link elementor-button elementor-size-md elementor-animation-pulse\" role=\"button\">\n\t\t\t\t\t\t<span class=\"elementor-button-content-wrapper\">\n\t\t\t\t\t\t<span class=\"elementor-button-text\">Audio interview Sol iribarne<\/span>\n\t\t<\/span>\n\t\t\t\t\t<\/a>\n\t\t<\/div>\n\t\t\t\t<\/div>\n\t\t\t\t<\/div>\n\t\t\t\t<div class=\"elementor-element elementor-element-7f7cbd7 elementor-widget elementor-widget-spacer\" data-id=\"7f7cbd7\" data-element_type=\"widget\" data-widget_type=\"spacer.default\">\n\t\t\t\t<div class=\"elementor-widget-container\">\n\t\t\t\t\t<div class=\"elementor-spacer\">\n\t\t\t<div class=\"elementor-spacer-inner\"><\/div>\n\t\t<\/div>\n\t\t\t\t<\/div>\n\t\t\t\t<\/div>\n\t\t\t\t<div class=\"elementor-element elementor-element-755c80d elementor-arrows-position-inside elementor-pagination-position-outside elementor-widget elementor-widget-image-carousel\" data-id=\"755c80d\" data-element_type=\"widget\" data-settings=\"{&quot;slides_to_show&quot;:&quot;1&quot;,&quot;navigation&quot;:&quot;both&quot;,&quot;autoplay&quot;:&quot;yes&quot;,&quot;pause_on_hover&quot;:&quot;yes&quot;,&quot;pause_on_interaction&quot;:&quot;yes&quot;,&quot;autoplay_speed&quot;:5000,&quot;infinite&quot;:&quot;yes&quot;,&quot;effect&quot;:&quot;slide&quot;,&quot;speed&quot;:500,&quot;direction&quot;:&quot;ltr&quot;}\" data-widget_type=\"image-carousel.default\">\n\t\t\t\t<div class=\"elementor-widget-container\">\n\t\t\t\t\t<div class=\"elementor-image-carousel-wrapper swiper-container\" dir=\"ltr\">\n\t\t\t<div class=\"elementor-image-carousel swiper-wrapper\">\n\t\t\t\t<div class=\"swiper-slide\"><figure class=\"swiper-slide-inner\"><img class=\"swiper-slide-image\" src=\"https:\/\/monte.gob.ar\/institutosuperior\/wp-content\/uploads\/2020\/11\/IMG_20201009_124408587.jpg\" alt=\"Busto Carlos Gardel\" \/><figcaption class=\"elementor-image-carousel-caption\">Busto Carlos Gardel<\/figcaption><\/figure><\/div><div class=\"swiper-slide\"><figure class=\"swiper-slide-inner\"><img class=\"swiper-slide-image\" src=\"https:\/\/monte.gob.ar\/institutosuperior\/wp-content\/uploads\/2020\/11\/plaza-4-768x576.jpg\" alt=\"plaza 4\" \/><\/figure><\/div><div class=\"swiper-slide\"><figure class=\"swiper-slide-inner\"><img class=\"swiper-slide-image\" src=\"https:\/\/monte.gob.ar\/institutosuperior\/wp-content\/uploads\/2020\/11\/IMG_20201009_124242653-768x576.jpg\" alt=\"IMG_20201009_124242653\" \/><\/figure><\/div><div class=\"swiper-slide\"><figure class=\"swiper-slide-inner\"><img class=\"swiper-slide-image\" src=\"https:\/\/monte.gob.ar\/institutosuperior\/wp-content\/uploads\/2020\/11\/plaza-2-768x576.jpg\" alt=\"plaza 2\" \/><\/figure><\/div><div class=\"swiper-slide\"><figure class=\"swiper-slide-inner\"><img class=\"swiper-slide-image\" src=\"https:\/\/monte.gob.ar\/institutosuperior\/wp-content\/uploads\/2020\/11\/plaza-5-768x576.jpg\" alt=\"plaza 5\" \/><\/figure><\/div><div class=\"swiper-slide\"><figure class=\"swiper-slide-inner\"><img class=\"swiper-slide-image\" src=\"https:\/\/monte.gob.ar\/institutosuperior\/wp-content\/uploads\/2020\/11\/plaza-6-768x576.jpg\" alt=\"plaza 6\" \/><\/figure><\/div><div class=\"swiper-slide\"><figure class=\"swiper-slide-inner\"><img class=\"swiper-slide-image\" src=\"https:\/\/monte.gob.ar\/institutosuperior\/wp-content\/uploads\/2020\/11\/plaza-7.jpg\" alt=\"plaza 7\" \/><\/figure><\/div><div class=\"swiper-slide\"><figure class=\"swiper-slide-inner\"><img class=\"swiper-slide-image\" src=\"https:\/\/monte.gob.ar\/institutosuperior\/wp-content\/uploads\/2020\/11\/plaza-8.jpg\" alt=\"plaza 8\" \/><\/figure><\/div><div class=\"swiper-slide\"><figure class=\"swiper-slide-inner\"><img class=\"swiper-slide-image\" src=\"https:\/\/monte.gob.ar\/institutosuperior\/wp-content\/uploads\/2020\/11\/plaza-9.jpg\" alt=\"plaza 9\" \/><\/figure><\/div><div class=\"swiper-slide\"><figure class=\"swiper-slide-inner\"><img class=\"swiper-slide-image\" src=\"https:\/\/monte.gob.ar\/institutosuperior\/wp-content\/uploads\/2020\/11\/plaza-10.jpg\" alt=\"plaza 10\" \/><\/figure><\/div>\t\t\t<\/div>\n\t\t\t\t\t\t\t\t\t\t\t\t<div class=\"swiper-pagination\"><\/div>\n\t\t\t\t\t\t\t\t\t\t\t\t\t<div class=\"elementor-swiper-button elementor-swiper-button-prev\">\n\t\t\t\t\t\t<i class=\"eicon-chevron-left\" aria-hidden=\"true\"><\/i>\n\t\t\t\t\t\t<span class=\"elementor-screen-only\">Anterior<\/span>\n\t\t\t\t\t<\/div>\n\t\t\t\t\t<div class=\"elementor-swiper-button elementor-swiper-button-next\">\n\t\t\t\t\t\t<i class=\"eicon-chevron-right\" aria-hidden=\"true\"><\/i>\n\t\t\t\t\t\t<span class=\"elementor-screen-only\">Siguiente<\/span>\n\t\t\t\t\t<\/div>\n\t\t\t\t\t\t\t\t\t<\/div>\n\t\t\t\t<\/div>\n\t\t\t\t<\/div>\n\t\t\t\t\t\t<\/div>\n\t\t\t<\/div>\n\t\t<\/div>\n\t\t\t\t\t\t<\/div>\n\t\t\t<\/div>\n\t\t<\/section>\n\t\t\t\t\t\t<\/div>\n\t\t\t<\/div>\n\t\t<\/div>\n\t\t","protected":false},"excerpt":{"rendered":"<p>Panoramic image of the old Plaza Espa\u00f1a, today called Plaza Dr. Ra\u00fal Carlos Iribarne, former mayor of our city. On the right you can see the bust of Carlos Gardel and on the horizon the school No. 16 \u00abVicente L\u00f3pez y Planes\u00bb. In homage to the memory of D. Juan Jos\u00e9 de Sard\u00e9n and to all the humble ignored heroes, dragons, militiamen and Blandengues who, with the tribute of their generous blood, contributed to raising on the infinite desert of la Pampa, the foundations of this historic town. The town of San Miguel del Monte, was born during the second half of the 18th century, placed next to a fort located on the northeast of the lagoon, in lands that belonged to the extensive Matanza area; Undoubtedly, it was strategically located in the very centre of the immense royal fields where the great massacres of the raised or wild livestock were carried out, for the use of fats and leather, the only and great rural industry of that time. The Guardia del Monte in its early days must have been a precarious refuge. Militiamen guarded the extreme limits of the states\/farm. The guard received various designations: Guardia del Monte, Guardia de la Laguna de Monte, Guardia de San Miguel del Monte (in homage to the patron saint, San Miguel Arcangel), Guardia de San Miguel del Monte Gargano and Guardia del Pago de La Matanza. According to very old documents, these lands were called San Miguel del Monte G\u00e1rgano. The designation of G\u00e1rgano responds to the mountain located in southern Italy, where, according to legend, the Arcangel San Miguel appeared for the first time to the people who resisted the barbarians. The National Commission of Museums , Monuments and Historic Places restored to the city of Monte its old name of \u00abSan Miguel del Monte G\u00e1rgano\u00bb in December 1980. Frontier\u2019s Command It was, at that moment, that Monte\u2019s administrative life started. As a result of the first settlers, the guard\/police department gave way to the fort and it was then that the interior of the province began being populated. In the fort, we found the \u201cBlandengues\u201d, who were the border troops, armed with guns and swords. It was during this period that an administrative division of the area was made and the district of San Vicente was created, which included the fort of Monte. The last one belonged to the curacy of San Vicente. In 1821, a new district was created and it was formed by the Guard of Monte and Ranchos. However, it was annulled in 1822 when the parties of Guardia del Monte were formed on one side and the Ranchos, on the other. At the same time, the Mayors of Brotherhood disappeared along with the \u201cCabildos\u201d and the Justice of Peace began doing its job\/fuctions. A new administrative period had begun. The outstanding Justice of Peace was Vicente Gonz\u00e1lez &#8211; the carancho &#8211; landowner of Rosas and, undoubtedly, one of the most trusted people in the Rosista environment of the Guardia del Monte. He was in charge four times. It was the incentive to grow vegetables and the distribution of farms in the town (a task controlled by Vicente Gonz\u00e1lez, his landowner) that allowed many inhabitants to access land ownership. The implementation of this last measure favored especially the growth of the Guard and the number of vegetable gardens increased the production of farm products. These were times when Monte was the centre of an intensive activity, especially, from a politic point of view, and it was represented by Juan Manuel de Rosas. He formed a defense group to secure the border and created in \u00abLos Cerrillos\u00bb the cavalry corps called \u00abLos Colorados del Monte\u00bb. They were named that way, due to the colour of their uniforms and because they were approximately formed by 600 armed men. La plaza Espa\u00f1a, la principal para esa \u00e9poca, estaba rodeada de las principales construcciones, destac\u00e1ndose el fuerte, contiguo al mismo, el parque de artiller\u00eda, la maestranza y los cuarteles de tropa. En la manzana que miraba al sur y frente al fuerte, se hallaba al cementerio y a su costado, el hospital. Tambi\u00e9n se destacaba la Iglesia que Rosas hab\u00eda hecho construir (solar en el que hoy se encuentra la escuela N\u00b016). \u00a0Ordenanza N\u00b0 4244\/2019\u00a0 Sol Iribarne Interview\u00a0 (hija del Ex Intendente Dr. Ra\u00fal Carlos Iribarne)\u00a0 &#8211; 23 de Septiembre de 2020. Sol Iribarne interview Audio interview Sol iribarne Busto Carlos Gardel Anterior Siguiente<\/p>\n","protected":false},"author":2,"featured_media":0,"parent":0,"menu_order":0,"comment_status":"closed","ping_status":"closed","template":"","meta":[],"_links":{"self":[{"href":"https:\/\/monte.gob.ar\/institutosuperior\/wp-json\/wp\/v2\/pages\/26634"}],"collection":[{"href":"https:\/\/monte.gob.ar\/institutosuperior\/wp-json\/wp\/v2\/pages"}],"about":[{"href":"https:\/\/monte.gob.ar\/institutosuperior\/wp-json\/wp\/v2\/types\/page"}],"author":[{"embeddable":true,"href":"https:\/\/monte.gob.ar\/institutosuperior\/wp-json\/wp\/v2\/users\/2"}],"replies":[{"embeddable":true,"href":"https:\/\/monte.gob.ar\/institutosuperior\/wp-json\/wp\/v2\/comments?post=26634"}],"version-history":[{"count":8,"href":"https:\/\/monte.gob.ar\/institutosuperior\/wp-json\/wp\/v2\/pages\/26634\/revisions"}],"predecessor-version":[{"id":26778,"href":"https:\/\/monte.gob.ar\/institutosuperior\/wp-json\/wp\/v2\/pages\/26634\/revisions\/26778"}],"wp:attachment":[{"href":"https:\/\/monte.gob.ar\/institutosuperior\/wp-json\/wp\/v2\/media?parent=26634"}],"curies":[{"name":"wp","href":"https:\/\/api.w.org\/{rel}","templated":true}]}}