{"id":26075,"date":"2020-11-10T12:02:32","date_gmt":"2020-11-10T15:02:32","guid":{"rendered":"http:\/\/monte.gob.ar\/institutosuperior\/?page_id=26075"},"modified":"2021-11-17T19:51:43","modified_gmt":"2021-11-17T22:51:43","slug":"citas-bibliograficas-utilizadas-colaboradores","status":"publish","type":"page","link":"https:\/\/monte.gob.ar\/institutosuperior\/citas-bibliograficas-utilizadas-colaboradores\/","title":{"rendered":"Citas bibliogr\u00e1ficas utilizadas Colaboradores"},"content":{"rendered":"\t\t<div data-elementor-type=\"wp-page\" data-elementor-id=\"26075\" class=\"elementor elementor-26075\" data-elementor-settings=\"[]\">\n\t\t\t<div class=\"elementor-inner\">\n\t\t\t\t<div class=\"elementor-section-wrap\">\n\t\t\t\t\t\t\t<section class=\"elementor-element elementor-element-df00d22 elementor-section-boxed elementor-section-gap-beside-yes elementor-section-height-default elementor-section-height-default elementor-section-column-vertical-align-stretch elementor-section elementor-top-section\" data-id=\"df00d22\" data-element_type=\"section\">\n\t\t\t\t\t\t<div class=\"elementor-container elementor-column-gap-extended\">\n\t\t\t\t<div class=\"elementor-row\">\n\t\t\t\t<div class=\"elementor-element elementor-element-79b782b elementor-column elementor-col-100 elementor-top-column\" data-id=\"79b782b\" data-element_type=\"column\">\n\t\t\t<div class=\"elementor-column-wrap  elementor-element-populated\">\n\t\t\t\t\t<div class=\"elementor-widget-wrap\">\n\t\t\t\t<div class=\"elementor-element elementor-element-7544fad elementor-widget elementor-widget-heading\" data-id=\"7544fad\" data-element_type=\"widget\" data-widget_type=\"heading.default\">\n\t\t\t\t<div class=\"elementor-widget-container\">\n\t\t\t<h2 class=\"elementor-heading-title elementor-size-default\">BIBLIOGRAF\u00cdA:<\/h2>\t\t<\/div>\n\t\t\t\t<\/div>\n\t\t\t\t\t\t<\/div>\n\t\t\t<\/div>\n\t\t<\/div>\n\t\t\t\t\t\t<\/div>\n\t\t\t<\/div>\n\t\t<\/section>\n\t\t\t\t<section class=\"elementor-element elementor-element-9ab566e elementor-section-boxed elementor-section-gap-beside-yes elementor-section-height-default elementor-section-height-default elementor-section-column-vertical-align-stretch elementor-section elementor-top-section\" data-id=\"9ab566e\" data-element_type=\"section\">\n\t\t\t\t\t\t<div class=\"elementor-container elementor-column-gap-extended\">\n\t\t\t\t<div class=\"elementor-row\">\n\t\t\t\t<div class=\"elementor-element elementor-element-ac06361 elementor-column elementor-col-100 elementor-top-column\" data-id=\"ac06361\" data-element_type=\"column\">\n\t\t\t<div class=\"elementor-column-wrap  elementor-element-populated\">\n\t\t\t\t\t<div class=\"elementor-widget-wrap\">\n\t\t\t\t<div class=\"elementor-element elementor-element-8584f9b elementor-widget elementor-widget-text-editor\" data-id=\"8584f9b\" data-element_type=\"widget\" data-widget_type=\"text-editor.default\">\n\t\t\t\t<div class=\"elementor-widget-container\">\n\t\t\t\t\t<div class=\"elementor-text-editor elementor-clearfix\"><ul><li><h6 style=\"text-align: center;\">Dangavs, N y Pierrard, L: \u201cPaleolimnolog\u00eda de la Laguna de Monte, San Miguel del Monte, Provincia de Buenos Aires\u201d. Revista de la Asociaci\u00f3n Geol\u00f3gica Argentina 70 (1): 128 &#8211; 143. 2013.<\/h6><\/li><li style=\"text-align: center;\"><h6>Dom\u00ednguez, G. (2020, octubre 10). Entrevista telef\u00f3nica al equipo pedag\u00f3gico de la Escuela Primaria N\u00b0 1 \u00abGral Jos\u00e9 de San Mart\u00edn\u00bb.<\/h6><\/li><li style=\"text-align: center;\"><h6>Fabiano, M: \u201cMonte, 220 a\u00f1os\u201d. GrafiKolor, Monte 2002.<\/h6><\/li><li style=\"text-align: center;\"><h6>Hogan Juan Miguel \u201cEl fundador de Monte\u201d talleres gr\u00e1ficos El Comercio. 1936<\/h6><\/li><li style=\"text-align: center;\"><h6>Casadas Mar\u00eda In\u00e9s, Peltzer Mar\u00eda Eugenia Prieto Mus. Nelly en: \u201cAn\u00e1lisis Interinstitucional sobre Materiales Constructivos provenientes del Sitio Arqueol\u00f3gico Escuela N\u00ba 16 de San Miguel del Monte, Provincia de Buenos Aires\u201d<\/h6><\/li><li style=\"text-align: center;\"><h6>Ter\u00e1n Marta Garc\u00eda. En: \u201cEn San Miguel del Monte: accidentalmente, debajo del patio de una escuela. Descubren restos de la \u00e9poca de Rosas\u201d. La Naci\u00f3n. 2004<\/h6><\/li><li style=\"text-align: center;\"><h6>Olaza Pallero, Sandro Fabricio: \u201cHistoria de la Parroquia de San Miguel del Monte, (1774-1939), Actualidad Grafica, 2007.<\/h6><\/li><li><h6 style=\"text-align: center;\">S\u00e1nchez Zinny, E.F: \u201cLa Guardia de San Miguel del Monte\u201d (1580 \u2013 1830). Editorial Estrada y Cia. Buenos Aires 1939. 1\u00b0 reimpresi\u00f3n. 1979.<\/h6><\/li><\/ul><\/div>\n\t\t\t\t<\/div>\n\t\t\t\t<\/div>\n\t\t\t\t\t\t<\/div>\n\t\t\t<\/div>\n\t\t<\/div>\n\t\t\t\t\t\t<\/div>\n\t\t\t<\/div>\n\t\t<\/section>\n\t\t\t\t<section class=\"elementor-element elementor-element-1f980f6 elementor-section-boxed elementor-section-gap-beside-yes elementor-section-height-default elementor-section-height-default elementor-section-column-vertical-align-stretch elementor-section elementor-top-section\" data-id=\"1f980f6\" data-element_type=\"section\">\n\t\t\t\t\t\t<div class=\"elementor-container elementor-column-gap-extended\">\n\t\t\t\t<div class=\"elementor-row\">\n\t\t\t\t<div class=\"elementor-element elementor-element-73c839a elementor-column elementor-col-100 elementor-top-column\" data-id=\"73c839a\" data-element_type=\"column\">\n\t\t\t<div class=\"elementor-column-wrap  elementor-element-populated\">\n\t\t\t\t\t<div class=\"elementor-widget-wrap\">\n\t\t\t\t<div class=\"elementor-element elementor-element-e38e751 elementor-widget elementor-widget-spacer\" data-id=\"e38e751\" data-element_type=\"widget\" data-widget_type=\"spacer.default\">\n\t\t\t\t<div class=\"elementor-widget-container\">\n\t\t\t\t\t<div class=\"elementor-spacer\">\n\t\t\t<div class=\"elementor-spacer-inner\"><\/div>\n\t\t<\/div>\n\t\t\t\t<\/div>\n\t\t\t\t<\/div>\n\t\t\t\t<div class=\"elementor-element elementor-element-0639f28 elementor-widget elementor-widget-heading\" data-id=\"0639f28\" data-element_type=\"widget\" data-widget_type=\"heading.default\">\n\t\t\t\t<div class=\"elementor-widget-container\">\n\t\t\t<h2 class=\"elementor-heading-title elementor-size-large\">COLABORADORES <\/h2>\t\t<\/div>\n\t\t\t\t<\/div>\n\t\t\t\t\t\t<\/div>\n\t\t\t<\/div>\n\t\t<\/div>\n\t\t\t\t\t\t<\/div>\n\t\t\t<\/div>\n\t\t<\/section>\n\t\t\t\t<section class=\"elementor-element elementor-element-ee21edb elementor-section-boxed elementor-section-gap-beside-yes elementor-section-height-default elementor-section-height-default elementor-section-column-vertical-align-stretch elementor-section elementor-top-section\" data-id=\"ee21edb\" data-element_type=\"section\">\n\t\t\t\t\t\t<div class=\"elementor-container elementor-column-gap-extended\">\n\t\t\t\t<div class=\"elementor-row\">\n\t\t\t\t<div class=\"elementor-element elementor-element-a04c15c elementor-column elementor-col-50 elementor-top-column\" data-id=\"a04c15c\" data-element_type=\"column\">\n\t\t\t<div class=\"elementor-column-wrap  elementor-element-populated\">\n\t\t\t\t\t<div class=\"elementor-widget-wrap\">\n\t\t\t\t<div class=\"elementor-element elementor-element-e1c4897 elementor-widget elementor-widget-text-editor\" data-id=\"e1c4897\" data-element_type=\"widget\" data-widget_type=\"text-editor.default\">\n\t\t\t\t<div class=\"elementor-widget-container\">\n\t\t\t\t\t<div class=\"elementor-text-editor elementor-clearfix\"><ul><li><h6 style=\"text-align: center;\">ARRIGHI, Lorena<\/h6><\/li><li style=\"text-align: center;\"><h6>GONZALEZ, Graciela<\/h6><\/li><li style=\"text-align: center;\"><h6>IRIBARNE, Sol<\/h6><\/li><li><h6 style=\"text-align: center;\">LEVEQUI, Bel\u00e9n<\/h6><\/li><li><h6 style=\"text-align: center;\">MOSCOLONI, Sabrina\u00a0<\/h6><\/li><\/ul><\/div>\n\t\t\t\t<\/div>\n\t\t\t\t<\/div>\n\t\t\t\t\t\t<\/div>\n\t\t\t<\/div>\n\t\t<\/div>\n\t\t\t\t<div class=\"elementor-element elementor-element-d5f24b4 elementor-column elementor-col-50 elementor-top-column\" data-id=\"d5f24b4\" data-element_type=\"column\">\n\t\t\t<div class=\"elementor-column-wrap  elementor-element-populated\">\n\t\t\t\t\t<div class=\"elementor-widget-wrap\">\n\t\t\t\t<div class=\"elementor-element elementor-element-9974437 elementor-widget elementor-widget-text-editor\" data-id=\"9974437\" data-element_type=\"widget\" data-widget_type=\"text-editor.default\">\n\t\t\t\t<div class=\"elementor-widget-container\">\n\t\t\t\t\t<div class=\"elementor-text-editor elementor-clearfix\"><ul><li><h6 style=\"text-align: center;\">ORTIGOZA, Vanesa<\/h6><\/li><li style=\"text-align: center;\"><h6>RASENTE, Lucas<\/h6><\/li><li style=\"text-align: center;\"><h6>RIZZOLI, Lucas<\/h6><\/li><li><h6 style=\"text-align: center;\">SCATENA, Franco<\/h6><\/li><li><h6 style=\"text-align: center;\">VAZCONCELO, Cristina<\/h6><\/li><\/ul><\/div>\n\t\t\t\t<\/div>\n\t\t\t\t<\/div>\n\t\t\t\t\t\t<\/div>\n\t\t\t<\/div>\n\t\t<\/div>\n\t\t\t\t\t\t<\/div>\n\t\t\t<\/div>\n\t\t<\/section>\n\t\t\t\t<section class=\"elementor-element elementor-element-6f59ffe elementor-section-boxed elementor-section-gap-beside-yes elementor-section-height-default elementor-section-height-default elementor-section-column-vertical-align-stretch elementor-section elementor-top-section\" data-id=\"6f59ffe\" data-element_type=\"section\">\n\t\t\t\t\t\t<div class=\"elementor-container elementor-column-gap-extended\">\n\t\t\t\t<div class=\"elementor-row\">\n\t\t\t\t<div class=\"elementor-element elementor-element-ec55847 elementor-column elementor-col-100 elementor-top-column\" data-id=\"ec55847\" data-element_type=\"column\">\n\t\t\t<div class=\"elementor-column-wrap  elementor-element-populated\">\n\t\t\t\t\t<div class=\"elementor-widget-wrap\">\n\t\t\t\t<div class=\"elementor-element elementor-element-9a253fc elementor-widget elementor-widget-spacer\" data-id=\"9a253fc\" data-element_type=\"widget\" data-widget_type=\"spacer.default\">\n\t\t\t\t<div class=\"elementor-widget-container\">\n\t\t\t\t\t<div class=\"elementor-spacer\">\n\t\t\t<div class=\"elementor-spacer-inner\"><\/div>\n\t\t<\/div>\n\t\t\t\t<\/div>\n\t\t\t\t<\/div>\n\t\t\t\t\t\t<\/div>\n\t\t\t<\/div>\n\t\t<\/div>\n\t\t\t\t\t\t<\/div>\n\t\t\t<\/div>\n\t\t<\/section>\n\t\t\t\t<section class=\"elementor-element elementor-element-ea0b91f elementor-section-boxed elementor-section-gap-beside-yes elementor-section-height-default elementor-section-height-default elementor-section-column-vertical-align-stretch elementor-section elementor-top-section\" data-id=\"ea0b91f\" data-element_type=\"section\">\n\t\t\t\t\t\t<div class=\"elementor-container elementor-column-gap-extended\">\n\t\t\t\t<div class=\"elementor-row\">\n\t\t\t\t<div class=\"elementor-element elementor-element-c398d86 elementor-column elementor-col-100 elementor-top-column\" data-id=\"c398d86\" data-element_type=\"column\">\n\t\t\t<div class=\"elementor-column-wrap  elementor-element-populated\">\n\t\t\t\t\t<div class=\"elementor-widget-wrap\">\n\t\t\t\t<div class=\"elementor-element elementor-element-60e57dd elementor-widget elementor-widget-heading\" data-id=\"60e57dd\" data-element_type=\"widget\" data-widget_type=\"heading.default\">\n\t\t\t\t<div class=\"elementor-widget-container\">\n\t\t\t<h2 class=\"elementor-heading-title elementor-size-large\">SITIOS WEB<\/h2>\t\t<\/div>\n\t\t\t\t<\/div>\n\t\t\t\t\t\t<\/div>\n\t\t\t<\/div>\n\t\t<\/div>\n\t\t\t\t\t\t<\/div>\n\t\t\t<\/div>\n\t\t<\/section>\n\t\t\t\t<section class=\"elementor-element elementor-element-da1bac0 elementor-section-boxed elementor-section-gap-beside-yes elementor-section-height-default elementor-section-height-default elementor-section-column-vertical-align-stretch elementor-section elementor-top-section\" data-id=\"da1bac0\" data-element_type=\"section\">\n\t\t\t\t\t\t<div class=\"elementor-container elementor-column-gap-extended\">\n\t\t\t\t<div class=\"elementor-row\">\n\t\t\t\t<div class=\"elementor-element elementor-element-3f64f61 elementor-column elementor-col-100 elementor-top-column\" data-id=\"3f64f61\" data-element_type=\"column\">\n\t\t\t<div class=\"elementor-column-wrap  elementor-element-populated\">\n\t\t\t\t\t<div class=\"elementor-widget-wrap\">\n\t\t\t\t<div class=\"elementor-element elementor-element-2d7b5b4 elementor-widget elementor-widget-text-editor\" data-id=\"2d7b5b4\" data-element_type=\"widget\" data-widget_type=\"text-editor.default\">\n\t\t\t\t<div class=\"elementor-widget-container\">\n\t\t\t\t\t<div class=\"elementor-text-editor elementor-clearfix\"><p style=\"text-align: center;\"><a href=\"https:\/\/www.clarin.com\/ediciones-anteriores\/alumnos-ayudaron-excavar-tesoro-arqueologico-encontrado-escuela_0_Sk-ZUIUkRFI.html\">https:\/\/www.clarin.com\/ediciones-anteriores\/alumnos-ayudaron-excavar-tesoro-arqueologico-encontrado-escuela_0_Sk-ZUIUkRFI.html<\/a><\/p><p style=\"text-align: center;\"><a href=\"https:\/\/www.lanacion.com.ar\/sociedad\/descubren-restos-de-la-epoca-de-rosas-nid647193\/\">https:\/\/www.lanacion.com.ar\/sociedad\/descubren-restos-de-la-epoca-de-rosas-nid647193\/<\/a><\/p><p style=\"text-align: center;\"><a href=\"http:\/\/revistaanales.abc.gov.ar\/?p=219\">http:\/\/revistaanales.abc.gov.ar\/?p=219<\/a><\/p><p><span style=\"color: #000000;\">FUENTES: Zen\u00f3n Videla Dorna<\/span><br \/><span style=\"color: #000000;\">http:\/\/regionatlantica.com\/zenon-videla-dorna-y-su-club-la-union-cuyo-nombre-se-vuelve-premisa\/<\/span><br \/><span style=\"color: #000000;\">https:\/\/www.gente.com.ar\/uncategorized\/es-un-pueblo-fantasma-pero-no-esta-muerto<\/span><br \/><span style=\"color: #000000;\">http:\/\/lasoledaddespuesdeltren.blogspot.com<\/span><\/p><p><span style=\"color: #000000;\">LA GUARDIA DE SAN MIGUEL DEL MONTE (1580-1830). E.F. S\u00e1nchez Zinny. Edici\u00f3n 1979. Editorial Angel Estrada y C\u00eda. S.A.<\/span><br \/><span style=\"color: #000000;\">www.indec.gov.ar<\/span><br \/><span style=\"color: #000000;\">http:\/\/www.monte.gov.ar\/datos_municipales\/datos_historicoszvdorna.htm<\/span><br \/><span style=\"color: #000000;\">https:\/\/unidades-territoriales.obraspublicas.gob.ar\/Localities\/Details\/2f462f97-66c5-424d-a49f-496ae48bc417<\/span><br \/><span style=\"color: #000000;\">www.infozona.com.ar<\/span><br \/><span style=\"color: #000000;\">http:\/\/www.elegircolegio.com\/arg\/colegio_publico\/jardin-de-infantes-n-905-juana-manso1<\/span><br \/><span style=\"color: #000000;\">MONTE CUNA DE ROSAS. 220 A\u00d1OS CON HISTORIA. Miguel Angel Fabiano. Grafikolor Ediciones (2000)<\/span><\/p><\/div>\n\t\t\t\t<\/div>\n\t\t\t\t<\/div>\n\t\t\t\t\t\t<\/div>\n\t\t\t<\/div>\n\t\t<\/div>\n\t\t\t\t\t\t<\/div>\n\t\t\t<\/div>\n\t\t<\/section>\n\t\t\t\t\t\t<\/div>\n\t\t\t<\/div>\n\t\t<\/div>\n\t\t","protected":false},"excerpt":{"rendered":"<p>BIBLIOGRAF\u00cdA: Dangavs, N y Pierrard, L: \u201cPaleolimnolog\u00eda de la Laguna de Monte, San Miguel del Monte, Provincia de Buenos Aires\u201d. Revista de la Asociaci\u00f3n Geol\u00f3gica Argentina 70 (1): 128 &#8211; 143. 2013. Dom\u00ednguez, G. (2020, octubre 10). Entrevista telef\u00f3nica al equipo pedag\u00f3gico de la Escuela Primaria N\u00b0 1 \u00abGral Jos\u00e9 de San Mart\u00edn\u00bb. Fabiano, M: \u201cMonte, 220 a\u00f1os\u201d. GrafiKolor, Monte 2002. Hogan Juan Miguel \u201cEl fundador de Monte\u201d talleres gr\u00e1ficos El Comercio. 1936 Casadas Mar\u00eda In\u00e9s, Peltzer Mar\u00eda Eugenia Prieto Mus. Nelly en: \u201cAn\u00e1lisis Interinstitucional sobre Materiales Constructivos provenientes del Sitio Arqueol\u00f3gico Escuela N\u00ba 16 de San Miguel del Monte, Provincia de Buenos Aires\u201d Ter\u00e1n Marta Garc\u00eda. En: \u201cEn San Miguel del Monte: accidentalmente, debajo del patio de una escuela. Descubren restos de la \u00e9poca de Rosas\u201d. La Naci\u00f3n. 2004 Olaza Pallero, Sandro Fabricio: \u201cHistoria de la Parroquia de San Miguel del Monte, (1774-1939), Actualidad Grafica, 2007. S\u00e1nchez Zinny, E.F: \u201cLa Guardia de San Miguel del Monte\u201d (1580 \u2013 1830). Editorial Estrada y Cia. Buenos Aires 1939. 1\u00b0 reimpresi\u00f3n. 1979. COLABORADORES ARRIGHI, Lorena GONZALEZ, Graciela IRIBARNE, Sol LEVEQUI, Bel\u00e9n MOSCOLONI, Sabrina\u00a0 ORTIGOZA, Vanesa RASENTE, Lucas RIZZOLI, Lucas SCATENA, Franco VAZCONCELO, Cristina SITIOS WEB https:\/\/www.clarin.com\/ediciones-anteriores\/alumnos-ayudaron-excavar-tesoro-arqueologico-encontrado-escuela_0_Sk-ZUIUkRFI.html https:\/\/www.lanacion.com.ar\/sociedad\/descubren-restos-de-la-epoca-de-rosas-nid647193\/ http:\/\/revistaanales.abc.gov.ar\/?p=219 FUENTES: Zen\u00f3n Videla Dornahttp:\/\/regionatlantica.com\/zenon-videla-dorna-y-su-club-la-union-cuyo-nombre-se-vuelve-premisa\/https:\/\/www.gente.com.ar\/uncategorized\/es-un-pueblo-fantasma-pero-no-esta-muertohttp:\/\/lasoledaddespuesdeltren.blogspot.com LA GUARDIA DE SAN MIGUEL DEL MONTE (1580-1830). E.F. S\u00e1nchez Zinny. Edici\u00f3n 1979. Editorial Angel Estrada y C\u00eda. S.A.www.indec.gov.arhttp:\/\/www.monte.gov.ar\/datos_municipales\/datos_historicoszvdorna.htmhttps:\/\/unidades-territoriales.obraspublicas.gob.ar\/Localities\/Details\/2f462f97-66c5-424d-a49f-496ae48bc417www.infozona.com.arhttp:\/\/www.elegircolegio.com\/arg\/colegio_publico\/jardin-de-infantes-n-905-juana-manso1MONTE CUNA DE ROSAS. 220 A\u00d1OS CON HISTORIA. Miguel Angel Fabiano. Grafikolor Ediciones (2000)<\/p>\n","protected":false},"author":2,"featured_media":0,"parent":0,"menu_order":0,"comment_status":"closed","ping_status":"closed","template":"","meta":[],"_links":{"self":[{"href":"https:\/\/monte.gob.ar\/institutosuperior\/wp-json\/wp\/v2\/pages\/26075"}],"collection":[{"href":"https:\/\/monte.gob.ar\/institutosuperior\/wp-json\/wp\/v2\/pages"}],"about":[{"href":"https:\/\/monte.gob.ar\/institutosuperior\/wp-json\/wp\/v2\/types\/page"}],"author":[{"embeddable":true,"href":"https:\/\/monte.gob.ar\/institutosuperior\/wp-json\/wp\/v2\/users\/2"}],"replies":[{"embeddable":true,"href":"https:\/\/monte.gob.ar\/institutosuperior\/wp-json\/wp\/v2\/comments?post=26075"}],"version-history":[{"count":12,"href":"https:\/\/monte.gob.ar\/institutosuperior\/wp-json\/wp\/v2\/pages\/26075\/revisions"}],"predecessor-version":[{"id":27293,"href":"https:\/\/monte.gob.ar\/institutosuperior\/wp-json\/wp\/v2\/pages\/26075\/revisions\/27293"}],"wp:attachment":[{"href":"https:\/\/monte.gob.ar\/institutosuperior\/wp-json\/wp\/v2\/media?parent=26075"}],"curies":[{"name":"wp","href":"https:\/\/api.w.org\/{rel}","templated":true}]}}