{"id":25740,"date":"2020-11-03T16:21:15","date_gmt":"2020-11-03T19:21:15","guid":{"rendered":"http:\/\/monte.gob.ar\/institutosuperior\/?page_id=25740"},"modified":"2020-11-12T21:24:19","modified_gmt":"2020-11-13T00:24:19","slug":"antiguo-palacio-municipal","status":"publish","type":"page","link":"https:\/\/monte.gob.ar\/institutosuperior\/antiguo-palacio-municipal\/","title":{"rendered":"Antiguo Palacio Municipal"},"content":{"rendered":"\t\t<div data-elementor-type=\"wp-page\" data-elementor-id=\"25740\" class=\"elementor elementor-25740\" data-elementor-settings=\"[]\">\n\t\t\t<div class=\"elementor-inner\">\n\t\t\t\t<div class=\"elementor-section-wrap\">\n\t\t\t\t\t\t\t<section class=\"elementor-element elementor-element-738f88a elementor-section-boxed elementor-section-gap-beside-yes elementor-section-height-default elementor-section-height-default elementor-section-column-vertical-align-stretch elementor-section elementor-top-section\" data-id=\"738f88a\" data-element_type=\"section\">\n\t\t\t\t\t\t<div class=\"elementor-container elementor-column-gap-extended\">\n\t\t\t\t<div class=\"elementor-row\">\n\t\t\t\t<div class=\"elementor-element elementor-element-c63df12 elementor-column elementor-col-100 elementor-top-column\" data-id=\"c63df12\" data-element_type=\"column\">\n\t\t\t<div class=\"elementor-column-wrap  elementor-element-populated\">\n\t\t\t\t\t<div class=\"elementor-widget-wrap\">\n\t\t\t\t<div class=\"elementor-element elementor-element-077f916 elementor-widget elementor-widget-text-editor\" data-id=\"077f916\" data-element_type=\"widget\" data-widget_type=\"text-editor.default\">\n\t\t\t\t<div class=\"elementor-widget-container\">\n\t\t\t\t\t<div class=\"elementor-text-editor elementor-clearfix\"><p style=\"text-align: center;\">El antecedente m\u00e1s lejano que tenemos, relacionado con la actividad de los municipios, es la ley del a\u00f1o 1854 por la cual se creaban las casas comunales. Menos de dos a\u00f1os despu\u00e9s en Monte, surgi\u00f3 la primera corporaci\u00f3n comunal (como se la llam\u00f3), donde los alcaldes de los diferentes cuarteles pasaron a depender de la comuna reci\u00e9n formada. El terreno fue donado por P. N. Rojas (por lo cual posteriormente se nombrar\u00eda una calle en su honor)<\/p><\/div>\n\t\t\t\t<\/div>\n\t\t\t\t<\/div>\n\t\t\t\t\t\t<\/div>\n\t\t\t<\/div>\n\t\t<\/div>\n\t\t\t\t\t\t<\/div>\n\t\t\t<\/div>\n\t\t<\/section>\n\t\t\t\t<section class=\"elementor-element elementor-element-cdb3952 elementor-section-boxed elementor-section-gap-beside-yes elementor-section-height-default elementor-section-height-default elementor-section-column-vertical-align-stretch elementor-section elementor-top-section\" data-id=\"cdb3952\" data-element_type=\"section\">\n\t\t\t\t\t\t<div class=\"elementor-container elementor-column-gap-extended\">\n\t\t\t\t<div class=\"elementor-row\">\n\t\t\t\t<div class=\"elementor-element elementor-element-4ce2b74 elementor-column elementor-col-100 elementor-top-column\" data-id=\"4ce2b74\" data-element_type=\"column\">\n\t\t\t<div class=\"elementor-column-wrap  elementor-element-populated\">\n\t\t\t\t\t<div class=\"elementor-widget-wrap\">\n\t\t\t\t<div class=\"elementor-element elementor-element-41e4778 elementor-widget elementor-widget-spacer\" data-id=\"41e4778\" data-element_type=\"widget\" data-widget_type=\"spacer.default\">\n\t\t\t\t<div class=\"elementor-widget-container\">\n\t\t\t\t\t<div class=\"elementor-spacer\">\n\t\t\t<div class=\"elementor-spacer-inner\"><\/div>\n\t\t<\/div>\n\t\t\t\t<\/div>\n\t\t\t\t<\/div>\n\t\t\t\t\t\t<\/div>\n\t\t\t<\/div>\n\t\t<\/div>\n\t\t\t\t\t\t<\/div>\n\t\t\t<\/div>\n\t\t<\/section>\n\t\t\t\t<section class=\"elementor-element elementor-element-0810a50 elementor-section-boxed elementor-section-gap-beside-yes elementor-section-height-default elementor-section-height-default elementor-section-column-vertical-align-stretch elementor-section elementor-top-section\" data-id=\"0810a50\" data-element_type=\"section\">\n\t\t\t\t\t\t<div class=\"elementor-container elementor-column-gap-extended\">\n\t\t\t\t<div class=\"elementor-row\">\n\t\t\t\t<div class=\"elementor-element elementor-element-e8ece4a elementor-column elementor-col-50 elementor-top-column\" data-id=\"e8ece4a\" data-element_type=\"column\">\n\t\t\t<div class=\"elementor-column-wrap\">\n\t\t\t\t\t<div class=\"elementor-widget-wrap\">\n\t\t\t\t\t\t<\/div>\n\t\t\t<\/div>\n\t\t<\/div>\n\t\t\t\t<div class=\"elementor-element elementor-element-286e2f9 elementor-column elementor-col-50 elementor-top-column\" data-id=\"286e2f9\" data-element_type=\"column\">\n\t\t\t<div class=\"elementor-column-wrap\">\n\t\t\t\t\t<div class=\"elementor-widget-wrap\">\n\t\t\t\t\t\t<\/div>\n\t\t\t<\/div>\n\t\t<\/div>\n\t\t\t\t\t\t<\/div>\n\t\t\t<\/div>\n\t\t<\/section>\n\t\t\t\t<section class=\"elementor-element elementor-element-e21dd3e elementor-section-boxed elementor-section-gap-beside-yes elementor-section-height-default elementor-section-height-default elementor-section-column-vertical-align-stretch elementor-section elementor-top-section\" data-id=\"e21dd3e\" data-element_type=\"section\">\n\t\t\t\t\t\t<div class=\"elementor-container elementor-column-gap-extended\">\n\t\t\t\t<div class=\"elementor-row\">\n\t\t\t\t<div class=\"elementor-element elementor-element-84cc53c elementor-column elementor-col-100 elementor-top-column\" data-id=\"84cc53c\" data-element_type=\"column\">\n\t\t\t<div class=\"elementor-column-wrap  elementor-element-populated\">\n\t\t\t\t\t<div class=\"elementor-widget-wrap\">\n\t\t\t\t<div class=\"elementor-element elementor-element-c8ea0c4 elementor-widget elementor-widget-image\" data-id=\"c8ea0c4\" data-element_type=\"widget\" data-widget_type=\"image.default\">\n\t\t\t\t<div class=\"elementor-widget-container\">\n\t\t\t\t\t<div class=\"elementor-image\">\n\t\t\t\t\t\t\t<figure class=\"wp-caption\">\n\t\t\t\t\t\t\t\t\t\t<img width=\"640\" height=\"481\" src=\"https:\/\/monte.gob.ar\/institutosuperior\/wp-content\/uploads\/2020\/11\/2-Desfile-frente-de-la-Municipalidad.-Principios-de-siglo-1024x769.jpg\" class=\"attachment-large size-large\" alt=\"\" loading=\"lazy\" srcset=\"https:\/\/monte.gob.ar\/institutosuperior\/wp-content\/uploads\/2020\/11\/2-Desfile-frente-de-la-Municipalidad.-Principios-de-siglo-1024x769.jpg 1024w, https:\/\/monte.gob.ar\/institutosuperior\/wp-content\/uploads\/2020\/11\/2-Desfile-frente-de-la-Municipalidad.-Principios-de-siglo-300x225.jpg 300w, https:\/\/monte.gob.ar\/institutosuperior\/wp-content\/uploads\/2020\/11\/2-Desfile-frente-de-la-Municipalidad.-Principios-de-siglo-768x577.jpg 768w, https:\/\/monte.gob.ar\/institutosuperior\/wp-content\/uploads\/2020\/11\/2-Desfile-frente-de-la-Municipalidad.-Principios-de-siglo-1536x1154.jpg 1536w, https:\/\/monte.gob.ar\/institutosuperior\/wp-content\/uploads\/2020\/11\/2-Desfile-frente-de-la-Municipalidad.-Principios-de-siglo-2048x1538.jpg 2048w\" sizes=\"(max-width: 640px) 100vw, 640px\" \/>\t\t\t\t\t\t\t\t\t\t\t<figcaption class=\"widget-image-caption wp-caption-text\"><\/figcaption>\n\t\t\t\t\t\t\t\t\t\t<\/figure>\n\t\t\t\t\t<\/div>\n\t\t\t\t<\/div>\n\t\t\t\t<\/div>\n\t\t\t\t<div class=\"elementor-element elementor-element-175dcbb elementor-widget elementor-widget-image\" data-id=\"175dcbb\" data-element_type=\"widget\" data-widget_type=\"image.default\">\n\t\t\t\t<div class=\"elementor-widget-container\">\n\t\t\t\t\t<div class=\"elementor-image\">\n\t\t\t\t\t\t\t\t\t\t<img width=\"640\" height=\"299\" src=\"https:\/\/monte.gob.ar\/institutosuperior\/wp-content\/uploads\/2020\/11\/3-1910.-Festejo-del-centenario-de-Revolucion-de-Mayo-1024x479.jpg\" class=\"attachment-large size-large\" alt=\"\" loading=\"lazy\" srcset=\"https:\/\/monte.gob.ar\/institutosuperior\/wp-content\/uploads\/2020\/11\/3-1910.-Festejo-del-centenario-de-Revolucion-de-Mayo-1024x479.jpg 1024w, https:\/\/monte.gob.ar\/institutosuperior\/wp-content\/uploads\/2020\/11\/3-1910.-Festejo-del-centenario-de-Revolucion-de-Mayo-300x140.jpg 300w, https:\/\/monte.gob.ar\/institutosuperior\/wp-content\/uploads\/2020\/11\/3-1910.-Festejo-del-centenario-de-Revolucion-de-Mayo-768x359.jpg 768w, https:\/\/monte.gob.ar\/institutosuperior\/wp-content\/uploads\/2020\/11\/3-1910.-Festejo-del-centenario-de-Revolucion-de-Mayo-1536x718.jpg 1536w, https:\/\/monte.gob.ar\/institutosuperior\/wp-content\/uploads\/2020\/11\/3-1910.-Festejo-del-centenario-de-Revolucion-de-Mayo-2048x957.jpg 2048w\" sizes=\"(max-width: 640px) 100vw, 640px\" \/>\t\t\t\t\t\t\t\t\t\t\t<\/div>\n\t\t\t\t<\/div>\n\t\t\t\t<\/div>\n\t\t\t\t\t\t<\/div>\n\t\t\t<\/div>\n\t\t<\/div>\n\t\t\t\t\t\t<\/div>\n\t\t\t<\/div>\n\t\t<\/section>\n\t\t\t\t<section class=\"elementor-element elementor-element-03f2f3b elementor-section-boxed elementor-section-gap-beside-yes elementor-section-height-default elementor-section-height-default elementor-section-column-vertical-align-stretch elementor-section elementor-top-section\" data-id=\"03f2f3b\" data-element_type=\"section\">\n\t\t\t\t\t\t<div class=\"elementor-container elementor-column-gap-extended\">\n\t\t\t\t<div class=\"elementor-row\">\n\t\t\t\t<div class=\"elementor-element elementor-element-74d6ea4 elementor-column elementor-col-100 elementor-top-column\" data-id=\"74d6ea4\" data-element_type=\"column\">\n\t\t\t<div class=\"elementor-column-wrap  elementor-element-populated\">\n\t\t\t\t\t<div class=\"elementor-widget-wrap\">\n\t\t\t\t<div class=\"elementor-element elementor-element-c2e4a36 elementor-widget elementor-widget-text-editor\" data-id=\"c2e4a36\" data-element_type=\"widget\" data-widget_type=\"text-editor.default\">\n\t\t\t\t<div class=\"elementor-widget-container\">\n\t\t\t\t\t<div class=\"elementor-text-editor elementor-clearfix\"><p style=\"text-align: center;\">El 3 de octubre de 1869, la corporaci\u00f3n decide llamar a licitaci\u00f3n para la construcci\u00f3n, de acuerdo al plano aprobado por el gobierno. La construcci\u00f3n comienza donde hoy se encuentra el actual edificio . En su frente, figuraba la inscripci\u00f3n \u201cCasa Municipal de 1870\u201d.\u00a0<\/p><\/div>\n\t\t\t\t<\/div>\n\t\t\t\t<\/div>\n\t\t\t\t\t\t<\/div>\n\t\t\t<\/div>\n\t\t<\/div>\n\t\t\t\t\t\t<\/div>\n\t\t\t<\/div>\n\t\t<\/section>\n\t\t\t\t<section class=\"elementor-element elementor-element-7daeed4 elementor-section-boxed elementor-section-gap-beside-yes elementor-section-height-default elementor-section-height-default elementor-section-column-vertical-align-stretch elementor-section elementor-top-section\" data-id=\"7daeed4\" data-element_type=\"section\">\n\t\t\t\t\t\t<div class=\"elementor-container elementor-column-gap-extended\">\n\t\t\t\t<div class=\"elementor-row\">\n\t\t\t\t<div class=\"elementor-element elementor-element-9bba2bd elementor-column elementor-col-100 elementor-top-column\" data-id=\"9bba2bd\" data-element_type=\"column\">\n\t\t\t<div class=\"elementor-column-wrap  elementor-element-populated\">\n\t\t\t\t\t<div class=\"elementor-widget-wrap\">\n\t\t\t\t<div class=\"elementor-element elementor-element-d91cc47 elementor-widget elementor-widget-image\" data-id=\"d91cc47\" data-element_type=\"widget\" data-widget_type=\"image.default\">\n\t\t\t\t<div class=\"elementor-widget-container\">\n\t\t\t\t\t<div class=\"elementor-image\">\n\t\t\t\t\t\t\t\t\t\t<img width=\"640\" height=\"421\" src=\"https:\/\/monte.gob.ar\/institutosuperior\/wp-content\/uploads\/2020\/11\/5-Demolicion-de-la-vieja-municipalidad-1024x674.jpg\" class=\"attachment-large size-large\" alt=\"\" loading=\"lazy\" srcset=\"https:\/\/monte.gob.ar\/institutosuperior\/wp-content\/uploads\/2020\/11\/5-Demolicion-de-la-vieja-municipalidad-1024x674.jpg 1024w, https:\/\/monte.gob.ar\/institutosuperior\/wp-content\/uploads\/2020\/11\/5-Demolicion-de-la-vieja-municipalidad-300x198.jpg 300w, https:\/\/monte.gob.ar\/institutosuperior\/wp-content\/uploads\/2020\/11\/5-Demolicion-de-la-vieja-municipalidad-768x506.jpg 768w, https:\/\/monte.gob.ar\/institutosuperior\/wp-content\/uploads\/2020\/11\/5-Demolicion-de-la-vieja-municipalidad-1536x1011.jpg 1536w, https:\/\/monte.gob.ar\/institutosuperior\/wp-content\/uploads\/2020\/11\/5-Demolicion-de-la-vieja-municipalidad-2048x1348.jpg 2048w\" sizes=\"(max-width: 640px) 100vw, 640px\" \/>\t\t\t\t\t\t\t\t\t\t\t<\/div>\n\t\t\t\t<\/div>\n\t\t\t\t<\/div>\n\t\t\t\t\t\t<\/div>\n\t\t\t<\/div>\n\t\t<\/div>\n\t\t\t\t\t\t<\/div>\n\t\t\t<\/div>\n\t\t<\/section>\n\t\t\t\t<section class=\"elementor-element elementor-element-47f4ad0 elementor-section-boxed elementor-section-gap-beside-yes elementor-section-height-default elementor-section-height-default elementor-section-column-vertical-align-stretch elementor-section elementor-top-section\" data-id=\"47f4ad0\" data-element_type=\"section\">\n\t\t\t\t\t\t<div class=\"elementor-container elementor-column-gap-extended\">\n\t\t\t\t<div class=\"elementor-row\">\n\t\t\t\t<div class=\"elementor-element elementor-element-7a43da8 elementor-column elementor-col-100 elementor-top-column\" data-id=\"7a43da8\" data-element_type=\"column\">\n\t\t\t<div class=\"elementor-column-wrap  elementor-element-populated\">\n\t\t\t\t\t<div class=\"elementor-widget-wrap\">\n\t\t\t\t<div class=\"elementor-element elementor-element-2632d43 elementor-widget elementor-widget-text-editor\" data-id=\"2632d43\" data-element_type=\"widget\" data-widget_type=\"text-editor.default\">\n\t\t\t\t<div class=\"elementor-widget-container\">\n\t\t\t\t\t<div class=\"elementor-text-editor elementor-clearfix\"><p style=\"text-align: center;\">En noviembre de 1907 se adquiere por 14.000 pesos la propiedad contigua; su propietario era Antonio Vi\u00f1as y se extend\u00eda hasta la actual calle Petrachi. Al mes siguiente se ampl\u00eda la propiedad con la compra del resto de la manzana. El paso del tiempo deteriora la vieja casa comunal y en 1930 se llama a licitaci\u00f3n para refaccionarla; se constituye a tal efecto una comisi\u00f3n, formada por Ram\u00f3n Clavel, Juan Frascaroli, Cayetano Alsugaray y Alfredo Ochotorena que luego de estudiar la situaci\u00f3n sugiere construir un nuevo edificio.<\/p><\/div>\n\t\t\t\t<\/div>\n\t\t\t\t<\/div>\n\t\t\t\t\t\t<\/div>\n\t\t\t<\/div>\n\t\t<\/div>\n\t\t\t\t\t\t<\/div>\n\t\t\t<\/div>\n\t\t<\/section>\n\t\t\t\t\t\t<\/div>\n\t\t\t<\/div>\n\t\t<\/div>\n\t\t","protected":false},"excerpt":{"rendered":"<p>El antecedente m\u00e1s lejano que tenemos, relacionado con la actividad de los municipios, es la ley del a\u00f1o 1854 por la cual se creaban las casas comunales. Menos de dos a\u00f1os despu\u00e9s en Monte, surgi\u00f3 la primera corporaci\u00f3n comunal (como se la llam\u00f3), donde los alcaldes de los diferentes cuarteles pasaron a depender de la comuna reci\u00e9n formada. El terreno fue donado por P. N. Rojas (por lo cual posteriormente se nombrar\u00eda una calle en su honor) El 3 de octubre de 1869, la corporaci\u00f3n decide llamar a licitaci\u00f3n para la construcci\u00f3n, de acuerdo al plano aprobado por el gobierno. La construcci\u00f3n comienza donde hoy se encuentra el actual edificio . En su frente, figuraba la inscripci\u00f3n \u201cCasa Municipal de 1870\u201d.\u00a0 En noviembre de 1907 se adquiere por 14.000 pesos la propiedad contigua; su propietario era Antonio Vi\u00f1as y se extend\u00eda hasta la actual calle Petrachi. Al mes siguiente se ampl\u00eda la propiedad con la compra del resto de la manzana. El paso del tiempo deteriora la vieja casa comunal y en 1930 se llama a licitaci\u00f3n para refaccionarla; se constituye a tal efecto una comisi\u00f3n, formada por Ram\u00f3n Clavel, Juan Frascaroli, Cayetano Alsugaray y Alfredo Ochotorena que luego de estudiar la situaci\u00f3n sugiere construir un nuevo edificio.<\/p>\n","protected":false},"author":2,"featured_media":0,"parent":0,"menu_order":0,"comment_status":"closed","ping_status":"closed","template":"","meta":[],"_links":{"self":[{"href":"https:\/\/monte.gob.ar\/institutosuperior\/wp-json\/wp\/v2\/pages\/25740"}],"collection":[{"href":"https:\/\/monte.gob.ar\/institutosuperior\/wp-json\/wp\/v2\/pages"}],"about":[{"href":"https:\/\/monte.gob.ar\/institutosuperior\/wp-json\/wp\/v2\/types\/page"}],"author":[{"embeddable":true,"href":"https:\/\/monte.gob.ar\/institutosuperior\/wp-json\/wp\/v2\/users\/2"}],"replies":[{"embeddable":true,"href":"https:\/\/monte.gob.ar\/institutosuperior\/wp-json\/wp\/v2\/comments?post=25740"}],"version-history":[{"count":18,"href":"https:\/\/monte.gob.ar\/institutosuperior\/wp-json\/wp\/v2\/pages\/25740\/revisions"}],"predecessor-version":[{"id":26514,"href":"https:\/\/monte.gob.ar\/institutosuperior\/wp-json\/wp\/v2\/pages\/25740\/revisions\/26514"}],"wp:attachment":[{"href":"https:\/\/monte.gob.ar\/institutosuperior\/wp-json\/wp\/v2\/media?parent=25740"}],"curies":[{"name":"wp","href":"https:\/\/api.w.org\/{rel}","templated":true}]}}