{"id":25684,"date":"2020-11-02T20:59:15","date_gmt":"2020-11-02T23:59:15","guid":{"rendered":"http:\/\/monte.gob.ar\/institutosuperior\/?page_id=25684"},"modified":"2020-11-12T22:08:14","modified_gmt":"2020-11-13T01:08:14","slug":"colectividad-italiana","status":"publish","type":"page","link":"https:\/\/monte.gob.ar\/institutosuperior\/colectividad-italiana\/","title":{"rendered":"Colectividad Italiana"},"content":{"rendered":"\t\t<div data-elementor-type=\"wp-page\" data-elementor-id=\"25684\" class=\"elementor elementor-25684\" data-elementor-settings=\"[]\">\n\t\t\t<div class=\"elementor-inner\">\n\t\t\t\t<div class=\"elementor-section-wrap\">\n\t\t\t\t\t\t\t<section class=\"elementor-element elementor-element-8646d39 elementor-section-boxed elementor-section-gap-beside-yes elementor-section-height-default elementor-section-height-default elementor-section-column-vertical-align-stretch elementor-section elementor-top-section\" data-id=\"8646d39\" data-element_type=\"section\">\n\t\t\t\t\t\t<div class=\"elementor-container elementor-column-gap-extended\">\n\t\t\t\t<div class=\"elementor-row\">\n\t\t\t\t<div class=\"elementor-element elementor-element-c1e9f04 elementor-column elementor-col-50 elementor-top-column\" data-id=\"c1e9f04\" data-element_type=\"column\">\n\t\t\t<div class=\"elementor-column-wrap  elementor-element-populated\">\n\t\t\t\t\t<div class=\"elementor-widget-wrap\">\n\t\t\t\t<div class=\"elementor-element elementor-element-7d99e7c elementor-widget elementor-widget-image\" data-id=\"7d99e7c\" data-element_type=\"widget\" data-widget_type=\"image.default\">\n\t\t\t\t<div class=\"elementor-widget-container\">\n\t\t\t\t\t<div class=\"elementor-image\">\n\t\t\t\t\t\t\t<figure class=\"wp-caption\">\n\t\t\t\t\t\t\t\t\t\t<img width=\"640\" height=\"329\" src=\"https:\/\/monte.gob.ar\/institutosuperior\/wp-content\/uploads\/2020\/11\/Inmigrantes-italianos.-Familia-Silvapovas-Rizzoli-1024x527.jpg\" class=\"attachment-large size-large\" alt=\"\" loading=\"lazy\" srcset=\"https:\/\/monte.gob.ar\/institutosuperior\/wp-content\/uploads\/2020\/11\/Inmigrantes-italianos.-Familia-Silvapovas-Rizzoli-1024x527.jpg 1024w, https:\/\/monte.gob.ar\/institutosuperior\/wp-content\/uploads\/2020\/11\/Inmigrantes-italianos.-Familia-Silvapovas-Rizzoli-300x154.jpg 300w, https:\/\/monte.gob.ar\/institutosuperior\/wp-content\/uploads\/2020\/11\/Inmigrantes-italianos.-Familia-Silvapovas-Rizzoli-768x395.jpg 768w, https:\/\/monte.gob.ar\/institutosuperior\/wp-content\/uploads\/2020\/11\/Inmigrantes-italianos.-Familia-Silvapovas-Rizzoli-1536x790.jpg 1536w, https:\/\/monte.gob.ar\/institutosuperior\/wp-content\/uploads\/2020\/11\/Inmigrantes-italianos.-Familia-Silvapovas-Rizzoli-2048x1054.jpg 2048w\" sizes=\"(max-width: 640px) 100vw, 640px\" \/>\t\t\t\t\t\t\t\t\t\t\t<figcaption class=\"widget-image-caption wp-caption-text\"><\/figcaption>\n\t\t\t\t\t\t\t\t\t\t<\/figure>\n\t\t\t\t\t<\/div>\n\t\t\t\t<\/div>\n\t\t\t\t<\/div>\n\t\t\t\t<div class=\"elementor-element elementor-element-50f42f2 elementor-widget elementor-widget-image\" data-id=\"50f42f2\" data-element_type=\"widget\" data-widget_type=\"image.default\">\n\t\t\t\t<div class=\"elementor-widget-container\">\n\t\t\t\t\t<div class=\"elementor-image\">\n\t\t\t\t\t\t\t<figure class=\"wp-caption\">\n\t\t\t\t\t\t\t\t\t\t<img width=\"640\" height=\"556\" src=\"https:\/\/monte.gob.ar\/institutosuperior\/wp-content\/uploads\/2020\/11\/Inmigrantes-Italianos-1024x890.jpg\" class=\"attachment-large size-large\" alt=\"\" loading=\"lazy\" srcset=\"https:\/\/monte.gob.ar\/institutosuperior\/wp-content\/uploads\/2020\/11\/Inmigrantes-Italianos-1024x890.jpg 1024w, https:\/\/monte.gob.ar\/institutosuperior\/wp-content\/uploads\/2020\/11\/Inmigrantes-Italianos-300x261.jpg 300w, https:\/\/monte.gob.ar\/institutosuperior\/wp-content\/uploads\/2020\/11\/Inmigrantes-Italianos-768x667.jpg 768w, https:\/\/monte.gob.ar\/institutosuperior\/wp-content\/uploads\/2020\/11\/Inmigrantes-Italianos-1536x1334.jpg 1536w, https:\/\/monte.gob.ar\/institutosuperior\/wp-content\/uploads\/2020\/11\/Inmigrantes-Italianos-2048x1779.jpg 2048w\" sizes=\"(max-width: 640px) 100vw, 640px\" \/>\t\t\t\t\t\t\t\t\t\t\t<figcaption class=\"widget-image-caption wp-caption-text\"><\/figcaption>\n\t\t\t\t\t\t\t\t\t\t<\/figure>\n\t\t\t\t\t<\/div>\n\t\t\t\t<\/div>\n\t\t\t\t<\/div>\n\t\t\t\t\t\t<\/div>\n\t\t\t<\/div>\n\t\t<\/div>\n\t\t\t\t<div class=\"elementor-element elementor-element-b2b5c9e elementor-column elementor-col-50 elementor-top-column\" data-id=\"b2b5c9e\" data-element_type=\"column\">\n\t\t\t<div class=\"elementor-column-wrap  elementor-element-populated\">\n\t\t\t\t\t<div class=\"elementor-widget-wrap\">\n\t\t\t\t<div class=\"elementor-element elementor-element-c8b42dd elementor-widget elementor-widget-image\" data-id=\"c8b42dd\" data-element_type=\"widget\" data-widget_type=\"image.default\">\n\t\t\t\t<div class=\"elementor-widget-container\">\n\t\t\t\t\t<div class=\"elementor-image\">\n\t\t\t\t\t\t\t<figure class=\"wp-caption\">\n\t\t\t\t\t\t\t\t\t\t<img width=\"640\" height=\"848\" src=\"https:\/\/monte.gob.ar\/institutosuperior\/wp-content\/uploads\/2020\/11\/Inmigrantes-Italianos.-Matrimonio-Aicardi-773x1024.jpg\" class=\"attachment-large size-large\" alt=\"\" loading=\"lazy\" srcset=\"https:\/\/monte.gob.ar\/institutosuperior\/wp-content\/uploads\/2020\/11\/Inmigrantes-Italianos.-Matrimonio-Aicardi-773x1024.jpg 773w, https:\/\/monte.gob.ar\/institutosuperior\/wp-content\/uploads\/2020\/11\/Inmigrantes-Italianos.-Matrimonio-Aicardi-227x300.jpg 227w, https:\/\/monte.gob.ar\/institutosuperior\/wp-content\/uploads\/2020\/11\/Inmigrantes-Italianos.-Matrimonio-Aicardi-768x1017.jpg 768w, https:\/\/monte.gob.ar\/institutosuperior\/wp-content\/uploads\/2020\/11\/Inmigrantes-Italianos.-Matrimonio-Aicardi-1160x1536.jpg 1160w, https:\/\/monte.gob.ar\/institutosuperior\/wp-content\/uploads\/2020\/11\/Inmigrantes-Italianos.-Matrimonio-Aicardi-1546x2048.jpg 1546w, https:\/\/monte.gob.ar\/institutosuperior\/wp-content\/uploads\/2020\/11\/Inmigrantes-Italianos.-Matrimonio-Aicardi-scaled.jpg 1933w\" sizes=\"(max-width: 640px) 100vw, 640px\" \/>\t\t\t\t\t\t\t\t\t\t\t<figcaption class=\"widget-image-caption wp-caption-text\"><\/figcaption>\n\t\t\t\t\t\t\t\t\t\t<\/figure>\n\t\t\t\t\t<\/div>\n\t\t\t\t<\/div>\n\t\t\t\t<\/div>\n\t\t\t\t\t\t<\/div>\n\t\t\t<\/div>\n\t\t<\/div>\n\t\t\t\t\t\t<\/div>\n\t\t\t<\/div>\n\t\t<\/section>\n\t\t\t\t<section class=\"elementor-element elementor-element-2d3692b elementor-section-boxed elementor-section-gap-beside-yes elementor-section-height-default elementor-section-height-default elementor-section-column-vertical-align-stretch elementor-section elementor-top-section\" data-id=\"2d3692b\" data-element_type=\"section\">\n\t\t\t\t\t\t<div class=\"elementor-container elementor-column-gap-extended\">\n\t\t\t\t<div class=\"elementor-row\">\n\t\t\t\t<div class=\"elementor-element elementor-element-cdd61ba elementor-column elementor-col-100 elementor-top-column\" data-id=\"cdd61ba\" data-element_type=\"column\">\n\t\t\t<div class=\"elementor-column-wrap  elementor-element-populated\">\n\t\t\t\t\t<div class=\"elementor-widget-wrap\">\n\t\t\t\t<div class=\"elementor-element elementor-element-c49f3a4 elementor-widget elementor-widget-text-editor\" data-id=\"c49f3a4\" data-element_type=\"widget\" data-widget_type=\"text-editor.default\">\n\t\t\t\t<div class=\"elementor-widget-container\">\n\t\t\t\t\t<div class=\"elementor-text-editor elementor-clearfix\"><p style=\"text-align: center;\">Monte no qued\u00f3 ajeno a la llegada de los Inmigrantes Italianos que en el Siglo XIX llegaron a instalarse. En reiterados relatos realizados por ellos mismos, no eran muy diferentes entre s\u00ed. Desde la complicaci\u00f3n de los tr\u00e1mites burocr\u00e1ticos hasta los retrasos y cancelaciones de los viajes en barco, hac\u00edan a esas historias a\u00fan m\u00e1s interesantes&#8230;<\/p><p style=\"text-align: center;\">\u201dHab\u00eda que conseguir un lugar en la cubierta bien temprano en la ma\u00f1ana para no perder la distribuci\u00f3n del caf\u00e9 y el agua para lavarse. Las comidas eran raciones m\u00ednimas establecidas por reglamento. Las sirenas para ir a dormir divid\u00edan a los sexos en estrechas barracas\u2026 <span style=\"letter-spacing: 0em;\">si alguien se descompon\u00eda esas frazadas manchadas los acompa\u00f1aban todo el viaje haciendo irrespirable el aire.\u00bb<\/span><\/p><p style=\"text-align: center;\">En esta traves\u00eda sufr\u00edan la aglomeraci\u00f3n, el calor intenso, escasez de agua y la ausencia de higiene. Al llegar a destino, la a\u00f1orada \u201cArgentina\u201d, hab\u00eda que pasar el control sanitario en la Isla Mart\u00edn Garc\u00eda, tratando de evitar el fantasma de la cuarentena. <span style=\"letter-spacing: 0em;\">Una vez en suelo argentino, el primer lugar donde permanec\u00edan era el Hotel de los Inmigrantes hasta decidir hacia donde se trasladaban seg\u00fan las propuestas de colocaci\u00f3n para hacer \u201cla Am\u00e9rica\u201d.\u00a0<\/span><span style=\"letter-spacing: 0em;\">La mayor\u00eda de los italianos se desplazaban lejos de los centros urbanos,\u00a0 la oportunidad de comenzar de nuevo a trav\u00e9s del trabajo, los convertir\u00eda en los grandes agricultores del pa\u00eds.<\/span><\/p><p style=\"text-align: center;\">San Miguel del Monte recibi\u00f3 a los Aicardi, Sona, Mucci, Bonetti, Cappa, Frascaroli, Ricotta, Crocco, Sansone, Arata, Laprovitera, Beneventano, Dapello, Bonavita, Samuelli y los Grossi, entre otros.\u00a0<span style=\"letter-spacing: 0em;\">En 1880 llega Siro Rizzoli y se casa con Fermina Silvapovas, nativa de Monte. Formaron una familia numerosa.\u00a0<\/span><span style=\"letter-spacing: 0em;\">A\u00f1orando a su patria lejana, un 14 de enero de 1892, decidieron constituir una Sociedad Italiana de Socorros Mutuos.<\/span><\/p><\/div>\n\t\t\t\t<\/div>\n\t\t\t\t<\/div>\n\t\t\t\t\t\t<\/div>\n\t\t\t<\/div>\n\t\t<\/div>\n\t\t\t\t\t\t<\/div>\n\t\t\t<\/div>\n\t\t<\/section>\n\t\t\t\t<section class=\"elementor-element elementor-element-11808ed elementor-section-boxed elementor-section-gap-beside-yes elementor-section-height-default elementor-section-height-default elementor-section-column-vertical-align-stretch elementor-section elementor-top-section\" data-id=\"11808ed\" data-element_type=\"section\">\n\t\t\t\t\t\t<div class=\"elementor-container elementor-column-gap-extended\">\n\t\t\t\t<div class=\"elementor-row\">\n\t\t\t\t<div class=\"elementor-element elementor-element-2a47de6 elementor-column elementor-col-100 elementor-top-column\" data-id=\"2a47de6\" data-element_type=\"column\">\n\t\t\t<div class=\"elementor-column-wrap  elementor-element-populated\">\n\t\t\t\t\t<div class=\"elementor-widget-wrap\">\n\t\t\t\t<div class=\"elementor-element elementor-element-106e285 elementor-widget elementor-widget-spacer\" data-id=\"106e285\" data-element_type=\"widget\" data-widget_type=\"spacer.default\">\n\t\t\t\t<div class=\"elementor-widget-container\">\n\t\t\t\t\t<div class=\"elementor-spacer\">\n\t\t\t<div class=\"elementor-spacer-inner\"><\/div>\n\t\t<\/div>\n\t\t\t\t<\/div>\n\t\t\t\t<\/div>\n\t\t\t\t\t\t<\/div>\n\t\t\t<\/div>\n\t\t<\/div>\n\t\t\t\t\t\t<\/div>\n\t\t\t<\/div>\n\t\t<\/section>\n\t\t\t\t\t\t<\/div>\n\t\t\t<\/div>\n\t\t<\/div>\n\t\t","protected":false},"excerpt":{"rendered":"<p>Monte no qued\u00f3 ajeno a la llegada de los Inmigrantes Italianos que en el Siglo XIX llegaron a instalarse. En reiterados relatos realizados por ellos mismos, no eran muy diferentes entre s\u00ed. Desde la complicaci\u00f3n de los tr\u00e1mites burocr\u00e1ticos hasta los retrasos y cancelaciones de los viajes en barco, hac\u00edan a esas historias a\u00fan m\u00e1s interesantes&#8230; \u201dHab\u00eda que conseguir un lugar en la cubierta bien temprano en la ma\u00f1ana para no perder la distribuci\u00f3n del caf\u00e9 y el agua para lavarse. Las comidas eran raciones m\u00ednimas establecidas por reglamento. Las sirenas para ir a dormir divid\u00edan a los sexos en estrechas barracas\u2026 si alguien se descompon\u00eda esas frazadas manchadas los acompa\u00f1aban todo el viaje haciendo irrespirable el aire.\u00bb En esta traves\u00eda sufr\u00edan la aglomeraci\u00f3n, el calor intenso, escasez de agua y la ausencia de higiene. Al llegar a destino, la a\u00f1orada \u201cArgentina\u201d, hab\u00eda que pasar el control sanitario en la Isla Mart\u00edn Garc\u00eda, tratando de evitar el fantasma de la cuarentena. Una vez en suelo argentino, el primer lugar donde permanec\u00edan era el Hotel de los Inmigrantes hasta decidir hacia donde se trasladaban seg\u00fan las propuestas de colocaci\u00f3n para hacer \u201cla Am\u00e9rica\u201d.\u00a0La mayor\u00eda de los italianos se desplazaban lejos de los centros urbanos,\u00a0 la oportunidad de comenzar de nuevo a trav\u00e9s del trabajo, los convertir\u00eda en los grandes agricultores del pa\u00eds. San Miguel del Monte recibi\u00f3 a los Aicardi, Sona, Mucci, Bonetti, Cappa, Frascaroli, Ricotta, Crocco, Sansone, Arata, Laprovitera, Beneventano, Dapello, Bonavita, Samuelli y los Grossi, entre otros.\u00a0En 1880 llega Siro Rizzoli y se casa con Fermina Silvapovas, nativa de Monte. Formaron una familia numerosa.\u00a0A\u00f1orando a su patria lejana, un 14 de enero de 1892, decidieron constituir una Sociedad Italiana de Socorros Mutuos.<\/p>\n","protected":false},"author":2,"featured_media":0,"parent":0,"menu_order":0,"comment_status":"closed","ping_status":"closed","template":"","meta":[],"_links":{"self":[{"href":"https:\/\/monte.gob.ar\/institutosuperior\/wp-json\/wp\/v2\/pages\/25684"}],"collection":[{"href":"https:\/\/monte.gob.ar\/institutosuperior\/wp-json\/wp\/v2\/pages"}],"about":[{"href":"https:\/\/monte.gob.ar\/institutosuperior\/wp-json\/wp\/v2\/types\/page"}],"author":[{"embeddable":true,"href":"https:\/\/monte.gob.ar\/institutosuperior\/wp-json\/wp\/v2\/users\/2"}],"replies":[{"embeddable":true,"href":"https:\/\/monte.gob.ar\/institutosuperior\/wp-json\/wp\/v2\/comments?post=25684"}],"version-history":[{"count":10,"href":"https:\/\/monte.gob.ar\/institutosuperior\/wp-json\/wp\/v2\/pages\/25684\/revisions"}],"predecessor-version":[{"id":26242,"href":"https:\/\/monte.gob.ar\/institutosuperior\/wp-json\/wp\/v2\/pages\/25684\/revisions\/26242"}],"wp:attachment":[{"href":"https:\/\/monte.gob.ar\/institutosuperior\/wp-json\/wp\/v2\/media?parent=25684"}],"curies":[{"name":"wp","href":"https:\/\/api.w.org\/{rel}","templated":true}]}}