{"id":25679,"date":"2020-11-02T20:52:32","date_gmt":"2020-11-02T23:52:32","guid":{"rendered":"http:\/\/monte.gob.ar\/institutosuperior\/?page_id=25679"},"modified":"2020-11-12T22:25:45","modified_gmt":"2020-11-13T01:25:45","slug":"colectividades-irlandesa","status":"publish","type":"page","link":"https:\/\/monte.gob.ar\/institutosuperior\/colectividades-irlandesa\/","title":{"rendered":"Colectividad Irlandesa"},"content":{"rendered":"\t\t<div data-elementor-type=\"wp-page\" data-elementor-id=\"25679\" class=\"elementor elementor-25679\" data-elementor-settings=\"[]\">\n\t\t\t<div class=\"elementor-inner\">\n\t\t\t\t<div class=\"elementor-section-wrap\">\n\t\t\t\t\t\t\t<section class=\"elementor-element elementor-element-c685db2 elementor-section-boxed elementor-section-gap-beside-yes elementor-section-height-default elementor-section-height-default elementor-section-column-vertical-align-stretch elementor-section elementor-top-section\" data-id=\"c685db2\" data-element_type=\"section\">\n\t\t\t\t\t\t<div class=\"elementor-container elementor-column-gap-extended\">\n\t\t\t\t<div class=\"elementor-row\">\n\t\t\t\t<div class=\"elementor-element elementor-element-c5799d1 elementor-column elementor-col-33 elementor-top-column\" data-id=\"c5799d1\" data-element_type=\"column\">\n\t\t\t<div class=\"elementor-column-wrap  elementor-element-populated\">\n\t\t\t\t\t<div class=\"elementor-widget-wrap\">\n\t\t\t\t<div class=\"elementor-element elementor-element-81b4f85 elementor-widget elementor-widget-image\" data-id=\"81b4f85\" data-element_type=\"widget\" data-widget_type=\"image.default\">\n\t\t\t\t<div class=\"elementor-widget-container\">\n\t\t\t\t\t<div class=\"elementor-image\">\n\t\t\t\t\t\t\t<figure class=\"wp-caption\">\n\t\t\t\t\t\t\t\t\t\t<img width=\"640\" height=\"389\" src=\"https:\/\/monte.gob.ar\/institutosuperior\/wp-content\/uploads\/2020\/11\/Inmigrantes-Irlandeses-1024x622.jpg\" class=\"attachment-large size-large\" alt=\"\" loading=\"lazy\" srcset=\"https:\/\/monte.gob.ar\/institutosuperior\/wp-content\/uploads\/2020\/11\/Inmigrantes-Irlandeses-1024x622.jpg 1024w, https:\/\/monte.gob.ar\/institutosuperior\/wp-content\/uploads\/2020\/11\/Inmigrantes-Irlandeses-300x182.jpg 300w, https:\/\/monte.gob.ar\/institutosuperior\/wp-content\/uploads\/2020\/11\/Inmigrantes-Irlandeses-768x466.jpg 768w, https:\/\/monte.gob.ar\/institutosuperior\/wp-content\/uploads\/2020\/11\/Inmigrantes-Irlandeses-1536x933.jpg 1536w, https:\/\/monte.gob.ar\/institutosuperior\/wp-content\/uploads\/2020\/11\/Inmigrantes-Irlandeses-2048x1244.jpg 2048w\" sizes=\"(max-width: 640px) 100vw, 640px\" \/>\t\t\t\t\t\t\t\t\t\t\t<figcaption class=\"widget-image-caption wp-caption-text\"><\/figcaption>\n\t\t\t\t\t\t\t\t\t\t<\/figure>\n\t\t\t\t\t<\/div>\n\t\t\t\t<\/div>\n\t\t\t\t<\/div>\n\t\t\t\t\t\t<\/div>\n\t\t\t<\/div>\n\t\t<\/div>\n\t\t\t\t<div class=\"elementor-element elementor-element-c7dbdd8 elementor-column elementor-col-33 elementor-top-column\" data-id=\"c7dbdd8\" data-element_type=\"column\">\n\t\t\t<div class=\"elementor-column-wrap  elementor-element-populated\">\n\t\t\t\t\t<div class=\"elementor-widget-wrap\">\n\t\t\t\t<div class=\"elementor-element elementor-element-195b6f9 elementor-widget elementor-widget-image\" data-id=\"195b6f9\" data-element_type=\"widget\" data-widget_type=\"image.default\">\n\t\t\t\t<div class=\"elementor-widget-container\">\n\t\t\t\t\t<div class=\"elementor-image\">\n\t\t\t\t\t\t\t<figure class=\"wp-caption\">\n\t\t\t\t\t\t\t\t\t\t<img width=\"640\" height=\"908\" src=\"https:\/\/monte.gob.ar\/institutosuperior\/wp-content\/uploads\/2020\/11\/Inmigrantes-Irlandeses.-Siglo-XIX-722x1024.jpg\" class=\"attachment-large size-large\" alt=\"\" loading=\"lazy\" srcset=\"https:\/\/monte.gob.ar\/institutosuperior\/wp-content\/uploads\/2020\/11\/Inmigrantes-Irlandeses.-Siglo-XIX-722x1024.jpg 722w, https:\/\/monte.gob.ar\/institutosuperior\/wp-content\/uploads\/2020\/11\/Inmigrantes-Irlandeses.-Siglo-XIX-211x300.jpg 211w, https:\/\/monte.gob.ar\/institutosuperior\/wp-content\/uploads\/2020\/11\/Inmigrantes-Irlandeses.-Siglo-XIX-768x1090.jpg 768w, https:\/\/monte.gob.ar\/institutosuperior\/wp-content\/uploads\/2020\/11\/Inmigrantes-Irlandeses.-Siglo-XIX-1082x1536.jpg 1082w, https:\/\/monte.gob.ar\/institutosuperior\/wp-content\/uploads\/2020\/11\/Inmigrantes-Irlandeses.-Siglo-XIX-1443x2048.jpg 1443w, https:\/\/monte.gob.ar\/institutosuperior\/wp-content\/uploads\/2020\/11\/Inmigrantes-Irlandeses.-Siglo-XIX-scaled.jpg 1804w\" sizes=\"(max-width: 640px) 100vw, 640px\" \/>\t\t\t\t\t\t\t\t\t\t\t<figcaption class=\"widget-image-caption wp-caption-text\"><\/figcaption>\n\t\t\t\t\t\t\t\t\t\t<\/figure>\n\t\t\t\t\t<\/div>\n\t\t\t\t<\/div>\n\t\t\t\t<\/div>\n\t\t\t\t\t\t<\/div>\n\t\t\t<\/div>\n\t\t<\/div>\n\t\t\t\t<div class=\"elementor-element elementor-element-98255d3 elementor-column elementor-col-33 elementor-top-column\" data-id=\"98255d3\" data-element_type=\"column\">\n\t\t\t<div class=\"elementor-column-wrap  elementor-element-populated\">\n\t\t\t\t\t<div class=\"elementor-widget-wrap\">\n\t\t\t\t<div class=\"elementor-element elementor-element-b67a664 elementor-widget elementor-widget-image\" data-id=\"b67a664\" data-element_type=\"widget\" data-widget_type=\"image.default\">\n\t\t\t\t<div class=\"elementor-widget-container\">\n\t\t\t\t\t<div class=\"elementor-image\">\n\t\t\t\t\t\t\t<figure class=\"wp-caption\">\n\t\t\t\t\t\t\t\t\t\t<img width=\"640\" height=\"728\" src=\"https:\/\/monte.gob.ar\/institutosuperior\/wp-content\/uploads\/2020\/11\/Inmigrantes-Irlandeses_-900x1024.jpg\" class=\"attachment-large size-large\" alt=\"\" loading=\"lazy\" srcset=\"https:\/\/monte.gob.ar\/institutosuperior\/wp-content\/uploads\/2020\/11\/Inmigrantes-Irlandeses_-900x1024.jpg 900w, https:\/\/monte.gob.ar\/institutosuperior\/wp-content\/uploads\/2020\/11\/Inmigrantes-Irlandeses_-264x300.jpg 264w, https:\/\/monte.gob.ar\/institutosuperior\/wp-content\/uploads\/2020\/11\/Inmigrantes-Irlandeses_-768x874.jpg 768w, https:\/\/monte.gob.ar\/institutosuperior\/wp-content\/uploads\/2020\/11\/Inmigrantes-Irlandeses_-1350x1536.jpg 1350w, https:\/\/monte.gob.ar\/institutosuperior\/wp-content\/uploads\/2020\/11\/Inmigrantes-Irlandeses_-1800x2048.jpg 1800w\" sizes=\"(max-width: 640px) 100vw, 640px\" \/>\t\t\t\t\t\t\t\t\t\t\t<figcaption class=\"widget-image-caption wp-caption-text\"><\/figcaption>\n\t\t\t\t\t\t\t\t\t\t<\/figure>\n\t\t\t\t\t<\/div>\n\t\t\t\t<\/div>\n\t\t\t\t<\/div>\n\t\t\t\t\t\t<\/div>\n\t\t\t<\/div>\n\t\t<\/div>\n\t\t\t\t\t\t<\/div>\n\t\t\t<\/div>\n\t\t<\/section>\n\t\t\t\t<section class=\"elementor-element elementor-element-3bf6f93 elementor-section-boxed elementor-section-gap-beside-yes elementor-section-height-default elementor-section-height-default elementor-section-column-vertical-align-stretch elementor-section elementor-top-section\" data-id=\"3bf6f93\" data-element_type=\"section\">\n\t\t\t\t\t\t<div class=\"elementor-container elementor-column-gap-extended\">\n\t\t\t\t<div class=\"elementor-row\">\n\t\t\t\t<div class=\"elementor-element elementor-element-74ac364 elementor-column elementor-col-100 elementor-top-column\" data-id=\"74ac364\" data-element_type=\"column\">\n\t\t\t<div class=\"elementor-column-wrap  elementor-element-populated\">\n\t\t\t\t\t<div class=\"elementor-widget-wrap\">\n\t\t\t\t<div class=\"elementor-element elementor-element-f0f8c97 elementor-widget elementor-widget-text-editor\" data-id=\"f0f8c97\" data-element_type=\"widget\" data-widget_type=\"text-editor.default\">\n\t\t\t\t<div class=\"elementor-widget-container\">\n\t\t\t\t\t<div class=\"elementor-text-editor elementor-clearfix\"><p style=\"text-align: center;\">En 1873 en otras regiones ya arribaban contingentes de familias, y aunque parezca parad\u00f3jico, no se sab\u00eda qu\u00e9 hacer con ellas. Esto sucedi\u00f3 en Lobos con 30 familias irlandesas que son ofrecidas a Monte (como se expresa en una carta dirigida al Sr. Juez de Paz de Monte Joaqu\u00edn Herreros) ya que hab\u00edan llegado con el objetivo de establecerse como agricultores o en establecimientos rurales y al no encontrar sitio para colocarlas, fueron ofrecidas y enviadas a nuestro partido.<\/p><\/div>\n\t\t\t\t<\/div>\n\t\t\t\t<\/div>\n\t\t\t\t\t\t<\/div>\n\t\t\t<\/div>\n\t\t<\/div>\n\t\t\t\t\t\t<\/div>\n\t\t\t<\/div>\n\t\t<\/section>\n\t\t\t\t<section class=\"elementor-element elementor-element-c0e7538 elementor-section-boxed elementor-section-gap-beside-yes elementor-section-height-default elementor-section-height-default elementor-section-column-vertical-align-stretch elementor-section elementor-top-section\" data-id=\"c0e7538\" data-element_type=\"section\">\n\t\t\t\t\t\t<div class=\"elementor-container elementor-column-gap-extended\">\n\t\t\t\t<div class=\"elementor-row\">\n\t\t\t\t<div class=\"elementor-element elementor-element-1aa829c elementor-column elementor-col-100 elementor-top-column\" data-id=\"1aa829c\" data-element_type=\"column\">\n\t\t\t<div class=\"elementor-column-wrap  elementor-element-populated\">\n\t\t\t\t\t<div class=\"elementor-widget-wrap\">\n\t\t\t\t<div class=\"elementor-element elementor-element-7ae64b4 elementor-widget elementor-widget-spacer\" data-id=\"7ae64b4\" data-element_type=\"widget\" data-widget_type=\"spacer.default\">\n\t\t\t\t<div class=\"elementor-widget-container\">\n\t\t\t\t\t<div class=\"elementor-spacer\">\n\t\t\t<div class=\"elementor-spacer-inner\"><\/div>\n\t\t<\/div>\n\t\t\t\t<\/div>\n\t\t\t\t<\/div>\n\t\t\t\t\t\t<\/div>\n\t\t\t<\/div>\n\t\t<\/div>\n\t\t\t\t\t\t<\/div>\n\t\t\t<\/div>\n\t\t<\/section>\n\t\t\t\t\t\t<\/div>\n\t\t\t<\/div>\n\t\t<\/div>\n\t\t","protected":false},"excerpt":{"rendered":"<p>En 1873 en otras regiones ya arribaban contingentes de familias, y aunque parezca parad\u00f3jico, no se sab\u00eda qu\u00e9 hacer con ellas. Esto sucedi\u00f3 en Lobos con 30 familias irlandesas que son ofrecidas a Monte (como se expresa en una carta dirigida al Sr. Juez de Paz de Monte Joaqu\u00edn Herreros) ya que hab\u00edan llegado con el objetivo de establecerse como agricultores o en establecimientos rurales y al no encontrar sitio para colocarlas, fueron ofrecidas y enviadas a nuestro partido.<\/p>\n","protected":false},"author":2,"featured_media":0,"parent":0,"menu_order":0,"comment_status":"closed","ping_status":"closed","template":"","meta":[],"_links":{"self":[{"href":"https:\/\/monte.gob.ar\/institutosuperior\/wp-json\/wp\/v2\/pages\/25679"}],"collection":[{"href":"https:\/\/monte.gob.ar\/institutosuperior\/wp-json\/wp\/v2\/pages"}],"about":[{"href":"https:\/\/monte.gob.ar\/institutosuperior\/wp-json\/wp\/v2\/types\/page"}],"author":[{"embeddable":true,"href":"https:\/\/monte.gob.ar\/institutosuperior\/wp-json\/wp\/v2\/users\/2"}],"replies":[{"embeddable":true,"href":"https:\/\/monte.gob.ar\/institutosuperior\/wp-json\/wp\/v2\/comments?post=25679"}],"version-history":[{"count":9,"href":"https:\/\/monte.gob.ar\/institutosuperior\/wp-json\/wp\/v2\/pages\/25679\/revisions"}],"predecessor-version":[{"id":26239,"href":"https:\/\/monte.gob.ar\/institutosuperior\/wp-json\/wp\/v2\/pages\/25679\/revisions\/26239"}],"wp:attachment":[{"href":"https:\/\/monte.gob.ar\/institutosuperior\/wp-json\/wp\/v2\/media?parent=25679"}],"curies":[{"name":"wp","href":"https:\/\/api.w.org\/{rel}","templated":true}]}}