{"id":24864,"date":"2020-10-21T21:18:58","date_gmt":"2020-10-22T00:18:58","guid":{"rendered":"http:\/\/monte.gob.ar\/institutosuperior\/?page_id=24864"},"modified":"2020-11-12T22:45:56","modified_gmt":"2020-11-13T01:45:56","slug":"tuneles-con-la-plaza","status":"publish","type":"page","link":"https:\/\/monte.gob.ar\/institutosuperior\/tuneles-con-la-plaza\/","title":{"rendered":"T\u00faneles"},"content":{"rendered":"\t\t<div data-elementor-type=\"wp-page\" data-elementor-id=\"24864\" class=\"elementor elementor-24864\" data-elementor-settings=\"[]\">\n\t\t\t<div class=\"elementor-inner\">\n\t\t\t\t<div class=\"elementor-section-wrap\">\n\t\t\t\t\t\t\t<section class=\"elementor-element elementor-element-e97a681 elementor-section-boxed elementor-section-gap-beside-yes elementor-section-height-default elementor-section-height-default elementor-section-column-vertical-align-stretch elementor-section elementor-top-section\" data-id=\"e97a681\" data-element_type=\"section\">\n\t\t\t\t\t\t<div class=\"elementor-container elementor-column-gap-extended\">\n\t\t\t\t<div class=\"elementor-row\">\n\t\t\t\t<div class=\"elementor-element elementor-element-6ed14f7 elementor-column elementor-col-100 elementor-top-column\" data-id=\"6ed14f7\" data-element_type=\"column\">\n\t\t\t<div class=\"elementor-column-wrap  elementor-element-populated\">\n\t\t\t\t\t<div class=\"elementor-widget-wrap\">\n\t\t\t\t<div class=\"elementor-element elementor-element-95cb702 elementor-widget elementor-widget-text-editor\" data-id=\"95cb702\" data-element_type=\"widget\" data-widget_type=\"text-editor.default\">\n\t\t\t\t<div class=\"elementor-widget-container\">\n\t\t\t\t\t<div class=\"elementor-text-editor elementor-clearfix\"><p style=\"background: white; margin: 0cm 0cm 18pt; text-align: center;\" align=\"center\"><span style=\"font-size: 13.5pt; font-family: 'Arial','sans-serif'; color: #888888;\">A principios de siglo XXI, la Escuela N\u00b016, debe arreglar su patio ya que como en otras ocasiones se estaba hundiendo, la Intendente en ese momento Laura Giagnacovo de Gallardo, Profesora de Historia, solicita que antes de la remodelaci\u00f3n se realice un estudio arqueol\u00f3gico del lugar para corroborar los dichos populares sobre que los t\u00faneles un\u00edan la actual Escuela N\u00b016 con otros lugares del pueblo.<\/span><\/p><p style=\"background: white; margin: 0cm 0cm 18pt; text-align: center;\" align=\"center\"><span style=\"font-size: 13.5pt; font-family: 'Arial','sans-serif'; color: #888888;\">La U.N.L.P. y el Instituto Cultural de la Provincia de Buenos Aires son quienes desarrollan el trabajo de campo e investigaci\u00f3n arqueol\u00f3gica en el lugar. En su \u201cAn\u00e1lisis Interinstitucional sobre Materiales Constructivos provenientes del Sitio Arqueol\u00f3gico Escuela N\u00ba 16 de San Miguel del Monte, Provincia de Buenos Aires\u201d expresan:<\/span><\/p><p style=\"background: white; margin: 0cm 0cm 18pt; text-align: center;\" align=\"center\"><span style=\"font-size: 13.5pt; font-family: 'Arial','sans-serif'; color: #888888;\">\u201c\u2026Respecto a los arcos y restos de estructuras encontradas en el patio, corresponder\u00edan a cimentaciones de edificios importantes y\/o pasadizos. Utilizados para ocultar armas o alimentos, correspondientes a los siglos XVII y XIX\u201d. (Informe t\u00e9cnico emanado del Departamento de Preservaci\u00f3n de la Direcci\u00f3n Provincial del Patrimonio Cultural, ex Subsecretar\u00eda de Cultura de la Direcci\u00f3n General de Cultura y Educaci\u00f3n de la Provincia de Buenos Aires).<\/span><\/p><p style=\"background: white; margin: 0cm 0cm 18pt; text-align: center;\" align=\"center\"><span style=\"font-size: 13.5pt; font-family: 'Arial','sans-serif'; color: #888888;\">La finalidad de los t\u00faneles es incierta, ya que pudieron haber sido usados como reservorio de agua o una v\u00eda de escape en caso de que el fort\u00edn fuera tomado durante un \u201cMal\u00f3n\u201d.<\/span><\/p><p style=\"background: white; margin: 0cm 0cm 18pt; text-align: center;\" align=\"center\"><span style=\"font-size: 13.5pt; font-family: 'Arial','sans-serif'; color: #888888;\">Junto con estos t\u00faneles se encuentran los cimientos de la \u201cIglesia de la Divina Pastora de Monte\u201d que Juan Manuel de Rosas (1793-1877) hizo reconstruir en 1829 debido a que sucesivos \u201cMalones\u201d o por el paso del tiempo habr\u00edan deteriorado su estructura ya que se encontraba en funcionamiento desde 1778. Se inaugur\u00f3 un 25 de mayo de 1831 y fue demolida en 1852 luego de su derrota en la batalla de Caseros (3 de febrero de 1852), esta Iglesia se encontraba frente a la plaza de armas que es donde el ej\u00e9rcito y en este caso La Guardia del Monte realizaba ejercicios y depositaban algunas de sus armas.<\/span><\/p><p style=\"background: white; margin: 0cm 0cm 18pt; text-align: center;\" align=\"center\"><span style=\"font-size: 13.5pt; font-family: 'Arial','sans-serif'; color: #888888;\">Hasta el d\u00eda de hoy no se conoce la totalidad de las dimensiones del t\u00fanel ni de la Iglesia.<\/span><\/p><\/div>\n\t\t\t\t<\/div>\n\t\t\t\t<\/div>\n\t\t\t\t\t\t<\/div>\n\t\t\t<\/div>\n\t\t<\/div>\n\t\t\t\t\t\t<\/div>\n\t\t\t<\/div>\n\t\t<\/section>\n\t\t\t\t<section class=\"elementor-element elementor-element-2847ecf elementor-section-boxed elementor-section-gap-beside-yes elementor-section-height-default elementor-section-height-default elementor-section-column-vertical-align-stretch elementor-section elementor-top-section\" data-id=\"2847ecf\" data-element_type=\"section\">\n\t\t\t\t\t\t<div class=\"elementor-container elementor-column-gap-extended\">\n\t\t\t\t<div class=\"elementor-row\">\n\t\t\t\t<div class=\"elementor-element elementor-element-802aaaa elementor-column elementor-col-100 elementor-top-column\" data-id=\"802aaaa\" data-element_type=\"column\">\n\t\t\t<div class=\"elementor-column-wrap  elementor-element-populated\">\n\t\t\t\t\t<div class=\"elementor-widget-wrap\">\n\t\t\t\t<div class=\"elementor-element elementor-element-d1b79af elementor-widget elementor-widget-image\" data-id=\"d1b79af\" data-element_type=\"widget\" data-widget_type=\"image.default\">\n\t\t\t\t<div class=\"elementor-widget-container\">\n\t\t\t\t\t<div class=\"elementor-image\">\n\t\t\t\t\t\t\t<figure class=\"wp-caption\">\n\t\t\t\t\t\t\t\t\t\t<img width=\"589\" height=\"442\" src=\"https:\/\/monte.gob.ar\/institutosuperior\/wp-content\/uploads\/2020\/11\/tuneles-1.bmp\" class=\"attachment-large size-large\" alt=\"\" loading=\"lazy\" srcset=\"https:\/\/monte.gob.ar\/institutosuperior\/wp-content\/uploads\/2020\/11\/tuneles-1.bmp 589w, https:\/\/monte.gob.ar\/institutosuperior\/wp-content\/uploads\/2020\/11\/tuneles-1-300x225.jpg 300w\" sizes=\"(max-width: 589px) 100vw, 589px\" \/>\t\t\t\t\t\t\t\t\t\t\t<figcaption class=\"widget-image-caption wp-caption-text\">Arco Soler<\/figcaption>\n\t\t\t\t\t\t\t\t\t\t<\/figure>\n\t\t\t\t\t<\/div>\n\t\t\t\t<\/div>\n\t\t\t\t<\/div>\n\t\t\t\t\t\t<\/div>\n\t\t\t<\/div>\n\t\t<\/div>\n\t\t\t\t\t\t<\/div>\n\t\t\t<\/div>\n\t\t<\/section>\n\t\t\t\t<section class=\"elementor-element elementor-element-eddf1b4 elementor-section-boxed elementor-section-gap-beside-yes elementor-section-height-default elementor-section-height-default elementor-section-column-vertical-align-stretch elementor-section elementor-top-section\" data-id=\"eddf1b4\" data-element_type=\"section\">\n\t\t\t\t\t\t<div class=\"elementor-container elementor-column-gap-extended\">\n\t\t\t\t<div class=\"elementor-row\">\n\t\t\t\t<div class=\"elementor-element elementor-element-7c9fd99 elementor-column elementor-col-100 elementor-top-column\" data-id=\"7c9fd99\" data-element_type=\"column\">\n\t\t\t<div class=\"elementor-column-wrap  elementor-element-populated\">\n\t\t\t\t\t<div class=\"elementor-widget-wrap\">\n\t\t\t\t<div class=\"elementor-element elementor-element-f40484c elementor-widget elementor-widget-image\" data-id=\"f40484c\" data-element_type=\"widget\" data-widget_type=\"image.default\">\n\t\t\t\t<div class=\"elementor-widget-container\">\n\t\t\t\t\t<div class=\"elementor-image\">\n\t\t\t\t\t\t\t<figure class=\"wp-caption\">\n\t\t\t\t\t\t\t\t\t\t<img width=\"589\" height=\"786\" src=\"https:\/\/monte.gob.ar\/institutosuperior\/wp-content\/uploads\/2020\/11\/tuneles-2.bmp\" class=\"attachment-large size-large\" alt=\"\" loading=\"lazy\" srcset=\"https:\/\/monte.gob.ar\/institutosuperior\/wp-content\/uploads\/2020\/11\/tuneles-2.bmp 589w, https:\/\/monte.gob.ar\/institutosuperior\/wp-content\/uploads\/2020\/11\/tuneles-2-225x300.jpg 225w\" sizes=\"(max-width: 589px) 100vw, 589px\" \/>\t\t\t\t\t\t\t\t\t\t\t<figcaption class=\"widget-image-caption wp-caption-text\">Arco Pinazo<\/figcaption>\n\t\t\t\t\t\t\t\t\t\t<\/figure>\n\t\t\t\t\t<\/div>\n\t\t\t\t<\/div>\n\t\t\t\t<\/div>\n\t\t\t\t\t\t<\/div>\n\t\t\t<\/div>\n\t\t<\/div>\n\t\t\t\t\t\t<\/div>\n\t\t\t<\/div>\n\t\t<\/section>\n\t\t\t\t\t\t<\/div>\n\t\t\t<\/div>\n\t\t<\/div>\n\t\t","protected":false},"excerpt":{"rendered":"<p>A principios de siglo XXI, la Escuela N\u00b016, debe arreglar su patio ya que como en otras ocasiones se estaba hundiendo, la Intendente en ese momento Laura Giagnacovo de Gallardo, Profesora de Historia, solicita que antes de la remodelaci\u00f3n se realice un estudio arqueol\u00f3gico del lugar para corroborar los dichos populares sobre que los t\u00faneles un\u00edan la actual Escuela N\u00b016 con otros lugares del pueblo. La U.N.L.P. y el Instituto Cultural de la Provincia de Buenos Aires son quienes desarrollan el trabajo de campo e investigaci\u00f3n arqueol\u00f3gica en el lugar. En su \u201cAn\u00e1lisis Interinstitucional sobre Materiales Constructivos provenientes del Sitio Arqueol\u00f3gico Escuela N\u00ba 16 de San Miguel del Monte, Provincia de Buenos Aires\u201d expresan: \u201c\u2026Respecto a los arcos y restos de estructuras encontradas en el patio, corresponder\u00edan a cimentaciones de edificios importantes y\/o pasadizos. Utilizados para ocultar armas o alimentos, correspondientes a los siglos XVII y XIX\u201d. (Informe t\u00e9cnico emanado del Departamento de Preservaci\u00f3n de la Direcci\u00f3n Provincial del Patrimonio Cultural, ex Subsecretar\u00eda de Cultura de la Direcci\u00f3n General de Cultura y Educaci\u00f3n de la Provincia de Buenos Aires). La finalidad de los t\u00faneles es incierta, ya que pudieron haber sido usados como reservorio de agua o una v\u00eda de escape en caso de que el fort\u00edn fuera tomado durante un \u201cMal\u00f3n\u201d. Junto con estos t\u00faneles se encuentran los cimientos de la \u201cIglesia de la Divina Pastora de Monte\u201d que Juan Manuel de Rosas (1793-1877) hizo reconstruir en 1829 debido a que sucesivos \u201cMalones\u201d o por el paso del tiempo habr\u00edan deteriorado su estructura ya que se encontraba en funcionamiento desde 1778. Se inaugur\u00f3 un 25 de mayo de 1831 y fue demolida en 1852 luego de su derrota en la batalla de Caseros (3 de febrero de 1852), esta Iglesia se encontraba frente a la plaza de armas que es donde el ej\u00e9rcito y en este caso La Guardia del Monte realizaba ejercicios y depositaban algunas de sus armas. Hasta el d\u00eda de hoy no se conoce la totalidad de las dimensiones del t\u00fanel ni de la Iglesia. Arco Soler Arco Pinazo<\/p>\n","protected":false},"author":2,"featured_media":0,"parent":0,"menu_order":0,"comment_status":"closed","ping_status":"closed","template":"","meta":[],"_links":{"self":[{"href":"https:\/\/monte.gob.ar\/institutosuperior\/wp-json\/wp\/v2\/pages\/24864"}],"collection":[{"href":"https:\/\/monte.gob.ar\/institutosuperior\/wp-json\/wp\/v2\/pages"}],"about":[{"href":"https:\/\/monte.gob.ar\/institutosuperior\/wp-json\/wp\/v2\/types\/page"}],"author":[{"embeddable":true,"href":"https:\/\/monte.gob.ar\/institutosuperior\/wp-json\/wp\/v2\/users\/2"}],"replies":[{"embeddable":true,"href":"https:\/\/monte.gob.ar\/institutosuperior\/wp-json\/wp\/v2\/comments?post=24864"}],"version-history":[{"count":7,"href":"https:\/\/monte.gob.ar\/institutosuperior\/wp-json\/wp\/v2\/pages\/24864\/revisions"}],"predecessor-version":[{"id":26249,"href":"https:\/\/monte.gob.ar\/institutosuperior\/wp-json\/wp\/v2\/pages\/24864\/revisions\/26249"}],"wp:attachment":[{"href":"https:\/\/monte.gob.ar\/institutosuperior\/wp-json\/wp\/v2\/media?parent=24864"}],"curies":[{"name":"wp","href":"https:\/\/api.w.org\/{rel}","templated":true}]}}