{"id":24821,"date":"2020-10-21T00:59:58","date_gmt":"2020-10-21T03:59:58","guid":{"rendered":"http:\/\/monte.gob.ar\/institutosuperior\/?page_id=24821"},"modified":"2021-09-17T17:07:59","modified_gmt":"2021-09-17T20:07:59","slug":"plaza-dr-raul-iribarne","status":"publish","type":"page","link":"https:\/\/monte.gob.ar\/institutosuperior\/plaza-dr-raul-iribarne\/","title":{"rendered":"Plaza Dr. Ra\u00fal Carlos Iribarne"},"content":{"rendered":"\t\t<div data-elementor-type=\"wp-page\" data-elementor-id=\"24821\" class=\"elementor elementor-24821\" data-elementor-settings=\"[]\">\n\t\t\t<div class=\"elementor-inner\">\n\t\t\t\t<div class=\"elementor-section-wrap\">\n\t\t\t\t\t\t\t<section class=\"elementor-element elementor-element-7b8e104 elementor-section-boxed elementor-section-gap-beside-yes elementor-section-height-default elementor-section-height-default elementor-section-column-vertical-align-stretch elementor-section elementor-top-section\" data-id=\"7b8e104\" data-element_type=\"section\">\n\t\t\t\t\t\t<div class=\"elementor-container elementor-column-gap-extended\">\n\t\t\t\t<div class=\"elementor-row\">\n\t\t\t\t<div class=\"elementor-element elementor-element-ed93305 elementor-column elementor-col-100 elementor-top-column\" data-id=\"ed93305\" data-element_type=\"column\">\n\t\t\t<div class=\"elementor-column-wrap  elementor-element-populated\">\n\t\t\t\t\t<div class=\"elementor-widget-wrap\">\n\t\t\t\t<div class=\"elementor-element elementor-element-70dd291 elementor-widget elementor-widget-image\" data-id=\"70dd291\" data-element_type=\"widget\" data-widget_type=\"image.default\">\n\t\t\t\t<div class=\"elementor-widget-container\">\n\t\t\t\t\t<div class=\"elementor-image\">\n\t\t\t\t\t\t\t\t\t\t<img width=\"638\" height=\"217\" src=\"https:\/\/monte.gob.ar\/institutosuperior\/wp-content\/uploads\/2020\/10\/plaza.png\" class=\"attachment-large size-large\" alt=\"\" loading=\"lazy\" srcset=\"https:\/\/monte.gob.ar\/institutosuperior\/wp-content\/uploads\/2020\/10\/plaza.png 638w, https:\/\/monte.gob.ar\/institutosuperior\/wp-content\/uploads\/2020\/10\/plaza-300x102.png 300w\" sizes=\"(max-width: 638px) 100vw, 638px\" \/>\t\t\t\t\t\t\t\t\t\t\t<\/div>\n\t\t\t\t<\/div>\n\t\t\t\t<\/div>\n\t\t\t\t\t\t<\/div>\n\t\t\t<\/div>\n\t\t<\/div>\n\t\t\t\t\t\t<\/div>\n\t\t\t<\/div>\n\t\t<\/section>\n\t\t\t\t<section class=\"elementor-element elementor-element-873202e elementor-section-boxed elementor-section-gap-beside-yes elementor-section-height-default elementor-section-height-default elementor-section-column-vertical-align-stretch elementor-section elementor-top-section\" data-id=\"873202e\" data-element_type=\"section\">\n\t\t\t\t\t\t<div class=\"elementor-container elementor-column-gap-extended\">\n\t\t\t\t<div class=\"elementor-row\">\n\t\t\t\t<div class=\"elementor-element elementor-element-a2a9e1e elementor-column elementor-col-100 elementor-top-column\" data-id=\"a2a9e1e\" data-element_type=\"column\">\n\t\t\t<div class=\"elementor-column-wrap  elementor-element-populated\">\n\t\t\t\t\t<div class=\"elementor-widget-wrap\">\n\t\t\t\t<div class=\"elementor-element elementor-element-dee4500 elementor-widget elementor-widget-text-editor\" data-id=\"dee4500\" data-element_type=\"widget\" data-widget_type=\"text-editor.default\">\n\t\t\t\t<div class=\"elementor-widget-container\">\n\t\t\t\t\t<div class=\"elementor-text-editor elementor-clearfix\"><p style=\"text-align: center;\"><em>Imagen panor\u00e1mica de la antigua Plaza Virrey V\u00e9rtiz, hoy denominada Plaza Espa\u00f1a Dr. Ra\u00fal Carlos Iribarne ex Intendente de nuestra ciudad. A la derecha se puede observar el busto de Carlos Gardel y en el horizonte la Escuela Nro16 \u201cVicente L\u00f3pez y Planes\u201d.<\/em><\/p><p style=\"text-align: center;\">\u00abEn homenaje a la memoria de D. Juan Jos\u00e9 de Sard\u00e9n y a la de todos los humildes h\u00e9roes ignorados, dragones, milicianos y blandengues que con el tributo de su sangre generosa, contribuyeron a levantar sobre el desierto infinito de la pampa, los cimientos de este pueblo hist\u00f3rico.\u00bb<\/p><p style=\"text-align: center;\">\u00a0\u00a0\u00a0\u00a0\u00a0\u00a0\u00a0\u00a0\u00a0\u00a0\u00a0\u00a0\u00a0\u00a0\u00a0\u00a0\u00a0\u00a0\u00a0\u00a0\u00a0\u00a0\u00a0\u00a0\u00a0\u00a0\u00a0\u00a0\u00a0\u00a0\u00a0\u00a0\u00a0\u00a0\u00a0\u00a0\u00a0\u00a0\u00a0\u00a0\u00a0\u00a0\u00a0\u00a0\u00a0\u00a0\u00a0\u00a0\u00a0\u00a0\u00a0\u00a0\u00a0\u00a0\u00a0\u00a0\u00a0\u00a0\u00a0\u00a0\u00a0\u00a0\u00a0\u00a0\u00a0\u00a0\u00a0\u00a0\u00a0\u00a0\u00a0\u00a0\u00a0\u00a0\u00a0\u00a0\u00a0\u00a0\u00a0\u00a0\u00a0\u00a0\u00a0\u00a0\u00a0\u00a0\u00a0\u00a0\u00a0\u00a0\u00a0\u00a0\u00a0\u00a0\u00a0\u00a0\u00a0\u00a0\u00a0\u00a0\u00a0\u00a0\u00a0\u00a0\u00a0\u00a0\u00a0\u00a0\u00a0 \u00a0\u00a0\u00a0\u00a0J. M. H.<\/p><p style=\"text-align: center;\">El pueblo de San Miguel del Monte, naci\u00f3 durante la segunda mitad del siglo XVIII, junto a un fort\u00edn emplazado sobre la margen noreste de la laguna hom\u00f3nima, en tierras que pertenecen al extenso pago de la Matanza. Sin duda por estar situada estrat\u00e9gicamente en el centro mismo de los inmensos campos realengos donde se llevaban a cabo las grandes matanzas de hacienda alzada o cimarrona, para el aprovechamiento de la grasas y cueros, la nica y la gran industria rural de ese entonces. La Guardia del Monte en sus primeros tiempos debi\u00f3 ser un precario refugio, milicianos\u00a0que cuidaban los l\u00edmites extremos de las estancias. \u00c9sta recibi\u00f3 diversas designaciones: Guardia del Monte, Guardia de la Laguna de Monte, Guardia de\u00a0San Miguel del Monte (en homenaje al Santo Patrono San Miguel Arc\u00e1ngel), Guardia del San Miguel del Monte G\u00e1rgano y Guardia del pago de la Matanza. Seg\u00fan documentos muy antiguos, estas tierras eran llamadas San Miguel del Monte G\u00e1rgano. La designaci\u00f3n de G\u00e1rgano responde al monte ubicado en el sur de Italia, donde aparece, seg\u00fan la leyenda, por primera vez el Arc\u00e1ngel San Miguel al pueblo que resist\u00eda a los b\u00e1rbaros. La Comisi\u00f3n Nacional de Museos y de Monumentos y Lugares Hist\u00f3ricos restituy\u00f3 a la ciudad de Monte su antigua denominaci\u00f3n de \u201cSan Miguel del Monte G\u00e1rgano\u201d en diciembre de 1980.<\/p><p style=\"text-align: center;\"><strong>Comandancia de la frontera<\/strong><\/p><p style=\"text-align: center;\">Es aqu\u00ed\u00a0donde comienza la vida administrativa de Monte. Como resultado de los primeros pobladores, la Guardia da paso al fort\u00edn y con \u00e9ste a los inicios de lo que luego empezar\u00e1 a ser poblado del interior de la Provincia. En el fort\u00edn, armados con pistolas y espadas, encontramos a los blandengues, la tropa de frontera. Es durante este per\u00edodo que se realiza una divisi\u00f3n administrativa de la zona que incluye el Fort\u00edn de Monte, que ya pertenec\u00eda al Curato de San Vicente.<\/p><p style=\"text-align: center;\">En 1821 se crea un nuevo distrito formado por la Guardia de Monte y Ranchos, pero ser\u00e1 anulado cuando en 1822 se formen los partidos de Guardia del Monte por un lado y Los Ranchos, por el otro. Al mismo tiempo desaparecen los Alcaldes de Hermandad y los cabildos, comienzan a ejercer sus funciones los Jueces de Paz.\u00a0<\/p><p style=\"text-align: center;\">\u00a0Un Juez de Paz\u00a0destacado fue Vicente Gonz\u00e1lez &#8211; el Carancho &#8211; lugarteniente de Rosas, indudablemente una de las personas de mayor confianza en el entorno rosista de la Guardia del Monte, qui\u00e9n ocup\u00f3 cuatro veces el cargo. El incentivo del cultivo de hortalizas y el reparto de chacras en el pueblo (tarea fiscalizada por Vicente Gonz\u00e1lez) permiti\u00f3 a muchos habitantes acceder a la propiedad de la tierra. La implementaci\u00f3n de esta \u00faltima medida favoreci\u00f3 especialmente al crecimiento de la Guardia y el n\u00famero de huertas increment\u00f3 la producci\u00f3n de hortalizas.\u00a0<\/p><p style=\"text-align: center;\"><span style=\"letter-spacing: 0em;\">Hacia 1840 la parte m\u00e1s poblada estaba al margen de la laguna, sobre la que hoy se desarrolla la ciudad. La plaza Espa\u00f1a, la principal para esa \u00e9poca, estaba rodeada de las principales construcciones, destac\u00e1ndose el fuerte, contiguo al mismo, el parque de artiller\u00eda, la maestranza y los cuarteles de tropa. En la manzana que miraba al sur y frente al fuerte, se hallaba al cementerio y a su costado, el hospital. Tambi\u00e9n se destacaba la Iglesia que Rosas hab\u00eda hecho construir (solar en el que hoy se encuentra la escuela N\u00b016).<\/span><\/p><p style=\"text-align: center;\"><a href=\"https:\/\/drive.google.com\/file\/d\/1Tb9tDzVAYzlQVhOM62oEBIY-RMBvDNNS\/view?usp=sharing\"><b>\u00a0Ordenanza N\u00b0 4244\/2019\u00a0<\/b><\/a><\/p><p style=\"text-align: center;\"><b>Entrevista a Sol Iribarne\u00a0 (hija del Ex Intendente Dr. Ra\u00fal Carlos Iribarne)\u00a0 &#8211; 23 de Septiembre de 2020.<\/b><\/p><p style=\"text-align: center;\">\u00a0<\/p><\/div>\n\t\t\t\t<\/div>\n\t\t\t\t<\/div>\n\t\t\t\t<div class=\"elementor-element elementor-element-87f2b25 elementor-button-info elementor-align-center elementor-widget elementor-widget-button\" data-id=\"87f2b25\" data-element_type=\"widget\" data-widget_type=\"button.default\">\n\t\t\t\t<div class=\"elementor-widget-container\">\n\t\t\t\t\t<div class=\"elementor-button-wrapper\">\n\t\t\t<a href=\"https:\/\/drive.google.com\/file\/d\/10aiokR8kTENlAy_vsfnGh9ogyIWXRApj\/view\" class=\"elementor-button-link elementor-button elementor-size-md elementor-animation-pulse\" role=\"button\">\n\t\t\t\t\t\t<span class=\"elementor-button-content-wrapper\">\n\t\t\t\t\t\t<span class=\"elementor-button-text\">Entrevista  s Sol Iribarne<\/span>\n\t\t<\/span>\n\t\t\t\t\t<\/a>\n\t\t<\/div>\n\t\t\t\t<\/div>\n\t\t\t\t<\/div>\n\t\t\t\t\t\t<\/div>\n\t\t\t<\/div>\n\t\t<\/div>\n\t\t\t\t\t\t<\/div>\n\t\t\t<\/div>\n\t\t<\/section>\n\t\t\t\t<section class=\"elementor-element elementor-element-f7d5981 elementor-section-boxed elementor-section-gap-beside-yes elementor-section-height-default elementor-section-height-default elementor-section-column-vertical-align-stretch elementor-section elementor-top-section\" data-id=\"f7d5981\" data-element_type=\"section\">\n\t\t\t\t\t\t<div class=\"elementor-container elementor-column-gap-extended\">\n\t\t\t\t<div class=\"elementor-row\">\n\t\t\t\t<div class=\"elementor-element elementor-element-e92e0e0 elementor-column elementor-col-100 elementor-top-column\" data-id=\"e92e0e0\" data-element_type=\"column\">\n\t\t\t<div class=\"elementor-column-wrap  elementor-element-populated\">\n\t\t\t\t\t<div class=\"elementor-widget-wrap\">\n\t\t\t\t<div class=\"elementor-element elementor-element-7132efc elementor-button-info elementor-align-center elementor-widget elementor-widget-button\" data-id=\"7132efc\" data-element_type=\"widget\" data-widget_type=\"button.default\">\n\t\t\t\t<div class=\"elementor-widget-container\">\n\t\t\t\t\t<div class=\"elementor-button-wrapper\">\n\t\t\t<a href=\"https:\/\/drive.google.com\/file\/d\/1q56wUAck3T2YepJbWWcjh2LU9aYlubxx\/view\" class=\"elementor-button-link elementor-button elementor-size-md elementor-animation-pulse\" role=\"button\">\n\t\t\t\t\t\t<span class=\"elementor-button-content-wrapper\">\n\t\t\t\t\t\t<span class=\"elementor-button-text\">Audio entreviste a Sol iribarne<\/span>\n\t\t<\/span>\n\t\t\t\t\t<\/a>\n\t\t<\/div>\n\t\t\t\t<\/div>\n\t\t\t\t<\/div>\n\t\t\t\t<div class=\"elementor-element elementor-element-7f7cbd7 elementor-widget elementor-widget-spacer\" data-id=\"7f7cbd7\" data-element_type=\"widget\" data-widget_type=\"spacer.default\">\n\t\t\t\t<div class=\"elementor-widget-container\">\n\t\t\t\t\t<div class=\"elementor-spacer\">\n\t\t\t<div class=\"elementor-spacer-inner\"><\/div>\n\t\t<\/div>\n\t\t\t\t<\/div>\n\t\t\t\t<\/div>\n\t\t\t\t<div class=\"elementor-element elementor-element-755c80d elementor-arrows-position-inside elementor-pagination-position-outside elementor-widget elementor-widget-image-carousel\" data-id=\"755c80d\" data-element_type=\"widget\" data-settings=\"{&quot;slides_to_show&quot;:&quot;1&quot;,&quot;navigation&quot;:&quot;both&quot;,&quot;autoplay&quot;:&quot;yes&quot;,&quot;pause_on_hover&quot;:&quot;yes&quot;,&quot;pause_on_interaction&quot;:&quot;yes&quot;,&quot;autoplay_speed&quot;:5000,&quot;infinite&quot;:&quot;yes&quot;,&quot;effect&quot;:&quot;slide&quot;,&quot;speed&quot;:500,&quot;direction&quot;:&quot;ltr&quot;}\" data-widget_type=\"image-carousel.default\">\n\t\t\t\t<div class=\"elementor-widget-container\">\n\t\t\t\t\t<div class=\"elementor-image-carousel-wrapper swiper-container\" dir=\"ltr\">\n\t\t\t<div class=\"elementor-image-carousel swiper-wrapper\">\n\t\t\t\t<div class=\"swiper-slide\"><figure class=\"swiper-slide-inner\"><img class=\"swiper-slide-image\" src=\"https:\/\/monte.gob.ar\/institutosuperior\/wp-content\/uploads\/2020\/11\/IMG_20201009_124408587.jpg\" alt=\"Busto Carlos Gardel\" \/><figcaption class=\"elementor-image-carousel-caption\">Busto Carlos Gardel<\/figcaption><\/figure><\/div><div class=\"swiper-slide\"><figure class=\"swiper-slide-inner\"><img class=\"swiper-slide-image\" src=\"https:\/\/monte.gob.ar\/institutosuperior\/wp-content\/uploads\/2020\/11\/plaza-4-768x576.jpg\" alt=\"plaza 4\" \/><\/figure><\/div><div class=\"swiper-slide\"><figure class=\"swiper-slide-inner\"><img class=\"swiper-slide-image\" src=\"https:\/\/monte.gob.ar\/institutosuperior\/wp-content\/uploads\/2020\/11\/IMG_20201009_124242653-768x576.jpg\" alt=\"IMG_20201009_124242653\" \/><\/figure><\/div><div class=\"swiper-slide\"><figure class=\"swiper-slide-inner\"><img class=\"swiper-slide-image\" src=\"https:\/\/monte.gob.ar\/institutosuperior\/wp-content\/uploads\/2020\/11\/plaza-2-768x576.jpg\" alt=\"plaza 2\" \/><\/figure><\/div><div class=\"swiper-slide\"><figure class=\"swiper-slide-inner\"><img class=\"swiper-slide-image\" src=\"https:\/\/monte.gob.ar\/institutosuperior\/wp-content\/uploads\/2020\/11\/plaza-5-768x576.jpg\" alt=\"plaza 5\" \/><\/figure><\/div><div class=\"swiper-slide\"><figure class=\"swiper-slide-inner\"><img class=\"swiper-slide-image\" src=\"https:\/\/monte.gob.ar\/institutosuperior\/wp-content\/uploads\/2020\/11\/plaza-6-768x576.jpg\" alt=\"plaza 6\" \/><\/figure><\/div><div class=\"swiper-slide\"><figure class=\"swiper-slide-inner\"><img class=\"swiper-slide-image\" src=\"https:\/\/monte.gob.ar\/institutosuperior\/wp-content\/uploads\/2020\/11\/plaza-7.jpg\" alt=\"plaza 7\" \/><\/figure><\/div><div class=\"swiper-slide\"><figure class=\"swiper-slide-inner\"><img class=\"swiper-slide-image\" src=\"https:\/\/monte.gob.ar\/institutosuperior\/wp-content\/uploads\/2020\/11\/plaza-8.jpg\" alt=\"plaza 8\" \/><\/figure><\/div><div class=\"swiper-slide\"><figure class=\"swiper-slide-inner\"><img class=\"swiper-slide-image\" src=\"https:\/\/monte.gob.ar\/institutosuperior\/wp-content\/uploads\/2020\/11\/plaza-9.jpg\" alt=\"plaza 9\" \/><\/figure><\/div><div class=\"swiper-slide\"><figure class=\"swiper-slide-inner\"><img class=\"swiper-slide-image\" src=\"https:\/\/monte.gob.ar\/institutosuperior\/wp-content\/uploads\/2020\/11\/plaza-10.jpg\" alt=\"plaza 10\" \/><\/figure><\/div>\t\t\t<\/div>\n\t\t\t\t\t\t\t\t\t\t\t\t<div class=\"swiper-pagination\"><\/div>\n\t\t\t\t\t\t\t\t\t\t\t\t\t<div class=\"elementor-swiper-button elementor-swiper-button-prev\">\n\t\t\t\t\t\t<i class=\"eicon-chevron-left\" aria-hidden=\"true\"><\/i>\n\t\t\t\t\t\t<span class=\"elementor-screen-only\">Anterior<\/span>\n\t\t\t\t\t<\/div>\n\t\t\t\t\t<div class=\"elementor-swiper-button elementor-swiper-button-next\">\n\t\t\t\t\t\t<i class=\"eicon-chevron-right\" aria-hidden=\"true\"><\/i>\n\t\t\t\t\t\t<span class=\"elementor-screen-only\">Siguiente<\/span>\n\t\t\t\t\t<\/div>\n\t\t\t\t\t\t\t\t\t<\/div>\n\t\t\t\t<\/div>\n\t\t\t\t<\/div>\n\t\t\t\t\t\t<\/div>\n\t\t\t<\/div>\n\t\t<\/div>\n\t\t\t\t\t\t<\/div>\n\t\t\t<\/div>\n\t\t<\/section>\n\t\t\t\t\t\t<\/div>\n\t\t\t<\/div>\n\t\t<\/div>\n\t\t","protected":false},"excerpt":{"rendered":"<p>Imagen panor\u00e1mica de la antigua Plaza Virrey V\u00e9rtiz, hoy denominada Plaza Espa\u00f1a Dr. Ra\u00fal Carlos Iribarne ex Intendente de nuestra ciudad. A la derecha se puede observar el busto de Carlos Gardel y en el horizonte la Escuela Nro16 \u201cVicente L\u00f3pez y Planes\u201d. \u00abEn homenaje a la memoria de D. Juan Jos\u00e9 de Sard\u00e9n y a la de todos los humildes h\u00e9roes ignorados, dragones, milicianos y blandengues que con el tributo de su sangre generosa, contribuyeron a levantar sobre el desierto infinito de la pampa, los cimientos de este pueblo hist\u00f3rico.\u00bb \u00a0\u00a0\u00a0\u00a0\u00a0\u00a0\u00a0\u00a0\u00a0\u00a0\u00a0\u00a0\u00a0\u00a0\u00a0\u00a0\u00a0\u00a0\u00a0\u00a0\u00a0\u00a0\u00a0\u00a0\u00a0\u00a0\u00a0\u00a0\u00a0\u00a0\u00a0\u00a0\u00a0\u00a0\u00a0\u00a0\u00a0\u00a0\u00a0\u00a0\u00a0\u00a0\u00a0\u00a0\u00a0\u00a0\u00a0\u00a0\u00a0\u00a0\u00a0\u00a0\u00a0\u00a0\u00a0\u00a0\u00a0\u00a0\u00a0\u00a0\u00a0\u00a0\u00a0\u00a0\u00a0\u00a0\u00a0\u00a0\u00a0\u00a0\u00a0\u00a0\u00a0\u00a0\u00a0\u00a0\u00a0\u00a0\u00a0\u00a0\u00a0\u00a0\u00a0\u00a0\u00a0\u00a0\u00a0\u00a0\u00a0\u00a0\u00a0\u00a0\u00a0\u00a0\u00a0\u00a0\u00a0\u00a0\u00a0\u00a0\u00a0\u00a0\u00a0\u00a0\u00a0\u00a0\u00a0\u00a0\u00a0 \u00a0\u00a0\u00a0\u00a0J. M. H. El pueblo de San Miguel del Monte, naci\u00f3 durante la segunda mitad del siglo XVIII, junto a un fort\u00edn emplazado sobre la margen noreste de la laguna hom\u00f3nima, en tierras que pertenecen al extenso pago de la Matanza. Sin duda por estar situada estrat\u00e9gicamente en el centro mismo de los inmensos campos realengos donde se llevaban a cabo las grandes matanzas de hacienda alzada o cimarrona, para el aprovechamiento de la grasas y cueros, la nica y la gran industria rural de ese entonces. La Guardia del Monte en sus primeros tiempos debi\u00f3 ser un precario refugio, milicianos\u00a0que cuidaban los l\u00edmites extremos de las estancias. \u00c9sta recibi\u00f3 diversas designaciones: Guardia del Monte, Guardia de la Laguna de Monte, Guardia de\u00a0San Miguel del Monte (en homenaje al Santo Patrono San Miguel Arc\u00e1ngel), Guardia del San Miguel del Monte G\u00e1rgano y Guardia del pago de la Matanza. Seg\u00fan documentos muy antiguos, estas tierras eran llamadas San Miguel del Monte G\u00e1rgano. La designaci\u00f3n de G\u00e1rgano responde al monte ubicado en el sur de Italia, donde aparece, seg\u00fan la leyenda, por primera vez el Arc\u00e1ngel San Miguel al pueblo que resist\u00eda a los b\u00e1rbaros. La Comisi\u00f3n Nacional de Museos y de Monumentos y Lugares Hist\u00f3ricos restituy\u00f3 a la ciudad de Monte su antigua denominaci\u00f3n de \u201cSan Miguel del Monte G\u00e1rgano\u201d en diciembre de 1980. Comandancia de la frontera Es aqu\u00ed\u00a0donde comienza la vida administrativa de Monte. Como resultado de los primeros pobladores, la Guardia da paso al fort\u00edn y con \u00e9ste a los inicios de lo que luego empezar\u00e1 a ser poblado del interior de la Provincia. En el fort\u00edn, armados con pistolas y espadas, encontramos a los blandengues, la tropa de frontera. Es durante este per\u00edodo que se realiza una divisi\u00f3n administrativa de la zona que incluye el Fort\u00edn de Monte, que ya pertenec\u00eda al Curato de San Vicente. En 1821 se crea un nuevo distrito formado por la Guardia de Monte y Ranchos, pero ser\u00e1 anulado cuando en 1822 se formen los partidos de Guardia del Monte por un lado y Los Ranchos, por el otro. Al mismo tiempo desaparecen los Alcaldes de Hermandad y los cabildos, comienzan a ejercer sus funciones los Jueces de Paz.\u00a0 \u00a0Un Juez de Paz\u00a0destacado fue Vicente Gonz\u00e1lez &#8211; el Carancho &#8211; lugarteniente de Rosas, indudablemente una de las personas de mayor confianza en el entorno rosista de la Guardia del Monte, qui\u00e9n ocup\u00f3 cuatro veces el cargo. El incentivo del cultivo de hortalizas y el reparto de chacras en el pueblo (tarea fiscalizada por Vicente Gonz\u00e1lez) permiti\u00f3 a muchos habitantes acceder a la propiedad de la tierra. La implementaci\u00f3n de esta \u00faltima medida favoreci\u00f3 especialmente al crecimiento de la Guardia y el n\u00famero de huertas increment\u00f3 la producci\u00f3n de hortalizas.\u00a0 Hacia 1840 la parte m\u00e1s poblada estaba al margen de la laguna, sobre la que hoy se desarrolla la ciudad. La plaza Espa\u00f1a, la principal para esa \u00e9poca, estaba rodeada de las principales construcciones, destac\u00e1ndose el fuerte, contiguo al mismo, el parque de artiller\u00eda, la maestranza y los cuarteles de tropa. En la manzana que miraba al sur y frente al fuerte, se hallaba al cementerio y a su costado, el hospital. Tambi\u00e9n se destacaba la Iglesia que Rosas hab\u00eda hecho construir (solar en el que hoy se encuentra la escuela N\u00b016). \u00a0Ordenanza N\u00b0 4244\/2019\u00a0 Entrevista a Sol Iribarne\u00a0 (hija del Ex Intendente Dr. Ra\u00fal Carlos Iribarne)\u00a0 &#8211; 23 de Septiembre de 2020. \u00a0 Entrevista s Sol Iribarne Audio entreviste a Sol iribarne Busto Carlos Gardel Anterior Siguiente<\/p>\n","protected":false},"author":2,"featured_media":0,"parent":0,"menu_order":0,"comment_status":"closed","ping_status":"closed","template":"","meta":[],"_links":{"self":[{"href":"https:\/\/monte.gob.ar\/institutosuperior\/wp-json\/wp\/v2\/pages\/24821"}],"collection":[{"href":"https:\/\/monte.gob.ar\/institutosuperior\/wp-json\/wp\/v2\/pages"}],"about":[{"href":"https:\/\/monte.gob.ar\/institutosuperior\/wp-json\/wp\/v2\/types\/page"}],"author":[{"embeddable":true,"href":"https:\/\/monte.gob.ar\/institutosuperior\/wp-json\/wp\/v2\/users\/2"}],"replies":[{"embeddable":true,"href":"https:\/\/monte.gob.ar\/institutosuperior\/wp-json\/wp\/v2\/comments?post=24821"}],"version-history":[{"count":53,"href":"https:\/\/monte.gob.ar\/institutosuperior\/wp-json\/wp\/v2\/pages\/24821\/revisions"}],"predecessor-version":[{"id":26632,"href":"https:\/\/monte.gob.ar\/institutosuperior\/wp-json\/wp\/v2\/pages\/24821\/revisions\/26632"}],"wp:attachment":[{"href":"https:\/\/monte.gob.ar\/institutosuperior\/wp-json\/wp\/v2\/media?parent=24821"}],"curies":[{"name":"wp","href":"https:\/\/api.w.org\/{rel}","templated":true}]}}