{"id":24818,"date":"2020-10-21T00:57:05","date_gmt":"2020-10-21T03:57:05","guid":{"rendered":"http:\/\/monte.gob.ar\/institutosuperior\/?page_id=24818"},"modified":"2021-12-22T14:59:10","modified_gmt":"2021-12-22T17:59:10","slug":"casa-carancho-gonzalez","status":"publish","type":"page","link":"https:\/\/monte.gob.ar\/institutosuperior\/casa-carancho-gonzalez\/","title":{"rendered":"Casa del Carancho Gonz\u00e1lez"},"content":{"rendered":"\t\t<div data-elementor-type=\"wp-page\" data-elementor-id=\"24818\" class=\"elementor elementor-24818\" data-elementor-settings=\"[]\">\n\t\t\t<div class=\"elementor-inner\">\n\t\t\t\t<div class=\"elementor-section-wrap\">\n\t\t\t\t\t\t\t<section class=\"elementor-element elementor-element-bd44d58 elementor-section-boxed elementor-section-gap-beside-yes elementor-section-height-default elementor-section-height-default elementor-section-column-vertical-align-stretch elementor-section elementor-top-section\" data-id=\"bd44d58\" data-element_type=\"section\">\n\t\t\t\t\t\t<div class=\"elementor-container elementor-column-gap-extended\">\n\t\t\t\t<div class=\"elementor-row\">\n\t\t\t\t<div class=\"elementor-element elementor-element-3d6e6ec elementor-column elementor-col-100 elementor-top-column\" data-id=\"3d6e6ec\" data-element_type=\"column\">\n\t\t\t<div class=\"elementor-column-wrap  elementor-element-populated\">\n\t\t\t\t\t<div class=\"elementor-widget-wrap\">\n\t\t\t\t<div class=\"elementor-element elementor-element-4654ee5 elementor-widget elementor-widget-image\" data-id=\"4654ee5\" data-element_type=\"widget\" data-widget_type=\"image.default\">\n\t\t\t\t<div class=\"elementor-widget-container\">\n\t\t\t\t\t<div class=\"elementor-image\">\n\t\t\t\t\t\t\t\t\t\t<img width=\"640\" height=\"480\" src=\"https:\/\/monte.gob.ar\/institutosuperior\/wp-content\/uploads\/2020\/10\/casa-carancho-2-768x576.jpg\" class=\"attachment-medium_large size-medium_large\" alt=\"\" loading=\"lazy\" srcset=\"https:\/\/monte.gob.ar\/institutosuperior\/wp-content\/uploads\/2020\/10\/casa-carancho-2-768x576.jpg 768w, https:\/\/monte.gob.ar\/institutosuperior\/wp-content\/uploads\/2020\/10\/casa-carancho-2-300x225.jpg 300w, https:\/\/monte.gob.ar\/institutosuperior\/wp-content\/uploads\/2020\/10\/casa-carancho-2.jpg 800w\" sizes=\"(max-width: 640px) 100vw, 640px\" \/>\t\t\t\t\t\t\t\t\t\t\t<\/div>\n\t\t\t\t<\/div>\n\t\t\t\t<\/div>\n\t\t\t\t\t\t<\/div>\n\t\t\t<\/div>\n\t\t<\/div>\n\t\t\t\t\t\t<\/div>\n\t\t\t<\/div>\n\t\t<\/section>\n\t\t\t\t<section class=\"elementor-element elementor-element-0e3242e elementor-section-boxed elementor-section-gap-beside-yes elementor-section-height-default elementor-section-height-default elementor-section-column-vertical-align-stretch elementor-section elementor-top-section\" data-id=\"0e3242e\" data-element_type=\"section\">\n\t\t\t\t\t\t<div class=\"elementor-container elementor-column-gap-extended\">\n\t\t\t\t<div class=\"elementor-row\">\n\t\t\t\t<div class=\"elementor-element elementor-element-679cead elementor-column elementor-col-100 elementor-top-column\" data-id=\"679cead\" data-element_type=\"column\">\n\t\t\t<div class=\"elementor-column-wrap  elementor-element-populated\">\n\t\t\t\t\t<div class=\"elementor-widget-wrap\">\n\t\t\t\t<div class=\"elementor-element elementor-element-4019ab3 elementor-widget elementor-widget-text-editor\" data-id=\"4019ab3\" data-element_type=\"widget\" data-widget_type=\"text-editor.default\">\n\t\t\t\t<div class=\"elementor-widget-container\">\n\t\t\t\t\t<div class=\"elementor-text-editor elementor-clearfix\"><p style=\"text-align: center;\"><em>\u00a0Casa del \u00abCarancho Gonz\u00e1lez\u00bb, quien era amigo de Juan Manuel de Rosas. Cuando Rosas se ausentaba de su casa era \u00e9l quien acompa\u00f1aba protegiendo a su esposa Encarnaci\u00f3n y familia.<\/em><\/p><p>\u00a0<\/p><p style=\"text-align: center;\">Vicente Gonz\u00e1lez naci\u00f3 en Montevideo en el a\u00f1o 1770. Se inici\u00f3 en armas all\u00ed mismo; m\u00e1s tarde ejerci\u00f3 el oficio de sastre hasta el a\u00f1o 1811 cuando se reincorpor\u00f3 a la actividad militar.<\/p><p style=\"text-align: center;\">Mano derecha y amigo de Don Juan Manuel de Rosas, se desempe\u00f1\u00f3 como Gobernador y Juez de Paz de la Guardia. Fue colaborador en la conformaci\u00f3n de los Colorados del Monte y durante la campa\u00f1a al desierto, fue \u00e9l quien se qued\u00f3 en la Guardia y se ocup\u00f3 del env\u00edo de dinero y provisiones a Rosas.<\/p><p style=\"text-align: center;\">Contribuy\u00f3 al progreso de Monte, a partir de que Rosas asume como Gobernador a fines de 1829 mostrando gran preocupaci\u00f3n por la escuela p\u00fablica, sus edificios y esforz\u00e1ndose por que los maestros se quedaran, les alquil\u00f3 vivienda y mejor\u00f3 sus salarios. Fue quien supervis\u00f3 la reconstrucci\u00f3n de la Iglesia que el restaurador impuls\u00f3 y reparti\u00f3 chacras a quienes cumpl\u00edan los requisitos de la ley de gobierno.\u00a0<\/p><p style=\"text-align: center;\">La casa que perteneci\u00f3 a Vicente Gonz\u00e1lez, se encuentra ubicada en el centro urbano de Monte, en la calle Belgrano 275. La construcci\u00f3n es original, de estilo colonial. Tiene portales de madera, rejas en su exterior y cuenta con un aljibe. En la actualidad es propiedad privada.\u00a0<\/p><p style=\"text-align: center;\">Apodado el \u00abCarancho del Monte\u00bb debido a que las facciones de su rostro recordaban a dicha ave, Vicente Gonz\u00e1lez apoy\u00f3 innegablemente la causa federal, con una activa participaci\u00f3n militar.\u00a0<\/p><p style=\"text-align: center;\">Luego de la batalla de Caseros poco se supo de \u00e9l. Muere el 24 de junio de 1861, a los 94 a\u00f1os de edad en Buenos Aires.<\/p><p style=\"text-align: center;\">\u00a0<\/p><\/div>\n\t\t\t\t<\/div>\n\t\t\t\t<\/div>\n\t\t\t\t\t\t<\/div>\n\t\t\t<\/div>\n\t\t<\/div>\n\t\t\t\t\t\t<\/div>\n\t\t\t<\/div>\n\t\t<\/section>\n\t\t\t\t<section class=\"elementor-element elementor-element-ff3dba2 elementor-section-boxed elementor-section-gap-beside-yes elementor-section-height-default elementor-section-height-default elementor-section-column-vertical-align-stretch elementor-section elementor-top-section\" data-id=\"ff3dba2\" data-element_type=\"section\">\n\t\t\t\t\t\t<div class=\"elementor-container elementor-column-gap-extended\">\n\t\t\t\t<div class=\"elementor-row\">\n\t\t\t\t<div class=\"elementor-element elementor-element-954a045 elementor-column elementor-col-100 elementor-top-column\" data-id=\"954a045\" data-element_type=\"column\">\n\t\t\t<div class=\"elementor-column-wrap  elementor-element-populated\">\n\t\t\t\t\t<div class=\"elementor-widget-wrap\">\n\t\t\t\t<div class=\"elementor-element elementor-element-7fff2a2 elementor-arrows-position-inside elementor-pagination-position-outside elementor-widget elementor-widget-image-carousel\" data-id=\"7fff2a2\" data-element_type=\"widget\" data-settings=\"{&quot;slides_to_show&quot;:&quot;1&quot;,&quot;navigation&quot;:&quot;both&quot;,&quot;autoplay&quot;:&quot;yes&quot;,&quot;pause_on_hover&quot;:&quot;yes&quot;,&quot;pause_on_interaction&quot;:&quot;yes&quot;,&quot;autoplay_speed&quot;:5000,&quot;infinite&quot;:&quot;yes&quot;,&quot;effect&quot;:&quot;slide&quot;,&quot;speed&quot;:500,&quot;direction&quot;:&quot;ltr&quot;}\" data-widget_type=\"image-carousel.default\">\n\t\t\t\t<div class=\"elementor-widget-container\">\n\t\t\t\t\t<div class=\"elementor-image-carousel-wrapper swiper-container\" dir=\"ltr\">\n\t\t\t<div class=\"elementor-image-carousel swiper-wrapper\">\n\t\t\t\t<div class=\"swiper-slide\"><figure class=\"swiper-slide-inner\"><img class=\"swiper-slide-image\" src=\"https:\/\/monte.gob.ar\/institutosuperior\/wp-content\/uploads\/2020\/11\/casa-carancho-1.jpg\" alt=\"casa carancho 1\" \/><\/figure><\/div><div class=\"swiper-slide\"><figure class=\"swiper-slide-inner\"><img class=\"swiper-slide-image\" src=\"https:\/\/monte.gob.ar\/institutosuperior\/wp-content\/uploads\/2020\/11\/casa-carancho-2.jpg\" alt=\"casa carancho 2\" \/><\/figure><\/div><div class=\"swiper-slide\"><figure class=\"swiper-slide-inner\"><img class=\"swiper-slide-image\" src=\"https:\/\/monte.gob.ar\/institutosuperior\/wp-content\/uploads\/2020\/11\/casa-carancho-4.jpg\" alt=\"casa carancho 4\" \/><\/figure><\/div><div class=\"swiper-slide\"><figure class=\"swiper-slide-inner\"><img class=\"swiper-slide-image\" src=\"https:\/\/monte.gob.ar\/institutosuperior\/wp-content\/uploads\/2020\/11\/casa-carancho-3.jpg\" alt=\"casa carancho 3\" \/><\/figure><\/div>\t\t\t<\/div>\n\t\t\t\t\t\t\t\t\t\t\t\t<div class=\"swiper-pagination\"><\/div>\n\t\t\t\t\t\t\t\t\t\t\t\t\t<div class=\"elementor-swiper-button elementor-swiper-button-prev\">\n\t\t\t\t\t\t<i class=\"eicon-chevron-left\" aria-hidden=\"true\"><\/i>\n\t\t\t\t\t\t<span class=\"elementor-screen-only\">Anterior<\/span>\n\t\t\t\t\t<\/div>\n\t\t\t\t\t<div class=\"elementor-swiper-button elementor-swiper-button-next\">\n\t\t\t\t\t\t<i class=\"eicon-chevron-right\" aria-hidden=\"true\"><\/i>\n\t\t\t\t\t\t<span class=\"elementor-screen-only\">Siguiente<\/span>\n\t\t\t\t\t<\/div>\n\t\t\t\t\t\t\t\t\t<\/div>\n\t\t\t\t<\/div>\n\t\t\t\t<\/div>\n\t\t\t\t\t\t<\/div>\n\t\t\t<\/div>\n\t\t<\/div>\n\t\t\t\t\t\t<\/div>\n\t\t\t<\/div>\n\t\t<\/section>\n\t\t\t\t\t\t<\/div>\n\t\t\t<\/div>\n\t\t<\/div>\n\t\t","protected":false},"excerpt":{"rendered":"<p>\u00a0Casa del \u00abCarancho Gonz\u00e1lez\u00bb, quien era amigo de Juan Manuel de Rosas. Cuando Rosas se ausentaba de su casa era \u00e9l quien acompa\u00f1aba protegiendo a su esposa Encarnaci\u00f3n y familia. Vicente Gonz\u00e1lez naci\u00f3 en Montevideo en el a\u00f1o 1770. Se inici\u00f3 en armas all\u00ed mismo; m\u00e1s tarde ejerci\u00f3 el oficio de sastre hasta el a\u00f1o 1811 cuando se reincorpor\u00f3 a la actividad militar. Mano derecha y amigo de Don Juan Manuel de Rosas, se desempe\u00f1\u00f3 como Gobernador y Juez de Paz de la Guardia. Fue colaborador en la conformaci\u00f3n de los Colorados del Monte y durante la campa\u00f1a al desierto, fue \u00e9l quien se qued\u00f3 en la Guardia y se ocup\u00f3 del env\u00edo de dinero y provisiones a Rosas. Contribuy\u00f3 al progreso de Monte, a partir de que Rosas asume como Gobernador a fines de 1829 mostrando gran preocupaci\u00f3n por la escuela p\u00fablica, sus edificios y esforz\u00e1ndose por que los maestros se quedaran, les alquil\u00f3 vivienda y mejor\u00f3 sus salarios. Fue quien supervis\u00f3 la reconstrucci\u00f3n de la Iglesia que el restaurador impuls\u00f3 y reparti\u00f3 chacras a quienes cumpl\u00edan los requisitos de la ley de gobierno. La casa que perteneci\u00f3 a Vicente Gonz\u00e1lez, se encuentra ubicada en el centro urbano de Monte, en la calle Belgrano 275. La construcci\u00f3n es original, de estilo colonial. Tiene portales de madera, rejas en su exterior y cuenta con un aljibe. En la actualidad es propiedad privada. Apodado el \u00abCarancho del Monte\u00bb debido a que las facciones de su rostro recordaban a dicha ave, Vicente Gonz\u00e1lez apoy\u00f3 innegablemente la causa federal, con una activa participaci\u00f3n militar. Luego de la batalla de Caseros poco se supo de \u00e9l. Muere el 24 de junio de 1861, a los 94 a\u00f1os de edad en Buenos Aires. Anterior Siguiente<\/p>\n","protected":false},"author":2,"featured_media":0,"parent":0,"menu_order":0,"comment_status":"closed","ping_status":"closed","template":"","meta":[],"_links":{"self":[{"href":"https:\/\/monte.gob.ar\/institutosuperior\/wp-json\/wp\/v2\/pages\/24818"}],"collection":[{"href":"https:\/\/monte.gob.ar\/institutosuperior\/wp-json\/wp\/v2\/pages"}],"about":[{"href":"https:\/\/monte.gob.ar\/institutosuperior\/wp-json\/wp\/v2\/types\/page"}],"author":[{"embeddable":true,"href":"https:\/\/monte.gob.ar\/institutosuperior\/wp-json\/wp\/v2\/users\/2"}],"replies":[{"embeddable":true,"href":"https:\/\/monte.gob.ar\/institutosuperior\/wp-json\/wp\/v2\/comments?post=24818"}],"version-history":[{"count":9,"href":"https:\/\/monte.gob.ar\/institutosuperior\/wp-json\/wp\/v2\/pages\/24818\/revisions"}],"predecessor-version":[{"id":27441,"href":"https:\/\/monte.gob.ar\/institutosuperior\/wp-json\/wp\/v2\/pages\/24818\/revisions\/27441"}],"wp:attachment":[{"href":"https:\/\/monte.gob.ar\/institutosuperior\/wp-json\/wp\/v2\/media?parent=24818"}],"curies":[{"name":"wp","href":"https:\/\/api.w.org\/{rel}","templated":true}]}}